{"id":1404,"date":"2025-10-22T04:47:57","date_gmt":"2025-10-22T04:47:57","guid":{"rendered":"https:\/\/keune.al\/?post_type=product&#038;p=1404"},"modified":"2026-03-31T11:58:00","modified_gmt":"2026-03-31T11:58:00","slug":"balsam-per-kacurrela-me-vetebesim","status":"publish","type":"product","link":"https:\/\/keune.al\/sq\/produkt\/balsam-per-kacurrela-me-vetebesim\/","title":{"rendered":"Confident Curl Balsam"},"content":{"rendered":"<div class=\"expander_title___5Kmz\"><strong>P\u00ebrb\u00ebr\u00ebsit<\/strong><\/div>\n<div class=\"expander_content__dB5dn\">\n<div class=\"expander_innerNoScroll__2BEp8\">\n<div class=\"richtext_richText__EPidn\">\n<p>Uj\u00eb (Aqua), Alkool Cetearil, Behenamidopropil Dimetilamin\u00eb, Olivat Etilheksil i Hidrogjenizuar, Oleat Decil, Vaj Farash Adansonia Digitata, Gjalp\u00eb Shea (Butyrospermum Parkii), Acid Laktik, Metosulfat Dikokoiletil Hidroksietilmonium, Vaj Kokosi (Cocos Nucifera), Pantenol, Benzoat Natriumi, Gliceride Vaj Farash Luledielli, Parfum (Arom\u00eb), Inulin\u00eb Hidroksipropiltrimonium, Erukat Oleil, Polikuaternium-37, Dikaprilat\/Dikaprat\u00eb Propilen Glikol, Dipropilen Glikol, Acetat Tokoferil, Protein\u00eb Orizi e Hidrolizuar, Acid Citrik, L\u00ebnd\u00eb t\u00eb Pasaponifikueshme t\u00eb Vajit t\u00eb Ullirit t\u00eb Hidrogjenizuar, Glicerin\u00eb, Propilen Glikol, PPG-1 Trideceth-6, Ekstrakt Farash Linum Usitatissimum (Far\u00eb Lini), Ekstrakt Farash Salvia Hispanica, Acetum (Uthull), Pyrus Malus Ekstrakt i frutave (moll\u00eb), ekstrakt i farave t\u00eb Amaranthus Caudatus, alkool benzilik, acid kaprilik, ksilitol, fenoksietanol, sukroz\u00eb, sorbat kaliumi, acid sorbik, acetil cedren, tetrametil acetiloktahidronaftalene.<\/p>\n<div class=\"expander_title___5Kmz\"><strong>Si t\u00eb p\u00ebrdoren?<\/strong><\/div>\n<div class=\"expander_content__dB5dn\">\n<div class=\"expander_innerNoScroll__2BEp8\">\n<div class=\"richtext_richText__EPidn\">\n<p>Aplikojeni n\u00eb flok\u00eb t\u00eb lar\u00eb me shampo, p\u00ebrdorni gishtat p\u00ebr ta zgjidhur but\u00ebsisht dhe rr\u00ebshqitni n\u00ebp\u00ebr majat p\u00ebr ta hidratuar. L\u00ebreni p\u00ebr 1-3 minuta ose m\u00eb shum\u00eb n\u00ebse d\u00ebshironi, pastaj shp\u00eblajeni me kujdes.<\/p>\n<\/div>\n<\/div>\n<\/div>\n<\/div>\n<\/div>\n<\/div>","protected":false},"excerpt":{"rendered":"<p>Balsami p\u00ebr P\u00ebrmir\u00ebsimin e Ka\u00e7urrelave Confident Curl nxjerr n\u00eb pah m\u00eb t\u00eb mir\u00ebn e tekstur\u00ebs natyrale t\u00eb formuluar me nj\u00eb formul\u00eb thell\u00ebsisht hidratuese p\u00ebr t\u00eb ushqyer dhe p\u00ebrcaktuar ka\u00e7urrelat, pa i r\u00ebnduar ato.<\/p>","protected":false},"featured_media":1410,"comment_status":"open","ping_status":"closed","template":"","meta":[],"product_brand":[],"product_cat":[127,98,92,131,102,121],"product_tag":[],"class_list":{"0":"post-1404","1":"product","2":"type-product","3":"status-publish","4":"has-post-thumbnail","6":"product_cat-bouncy-curls","7":"product_cat-conditioners","8":"product_cat-hair-care","9":"product_cat-keune-care","10":"product_cat-mask","11":"product_cat-result","12":"pa_variant-250ml","13":"pa_variant-80ml","14":"pa_variant-1000ml","16":"first","17":"instock","18":"shipping-taxable","19":"purchasable","20":"product-type-variable","21":"has-default-attributes"},"_links":{"self":[{"href":"https:\/\/keune.al\/sq\/wp-json\/wp\/v2\/product\/1404","targetHints":{"allow":["GET"]}}],"collection":[{"href":"https:\/\/keune.al\/sq\/wp-json\/wp\/v2\/product"}],"about":[{"href":"https:\/\/keune.al\/sq\/wp-json\/wp\/v2\/types\/product"}],"replies":[{"embeddable":true,"href":"https:\/\/keune.al\/sq\/wp-json\/wp\/v2\/comments?post=1404"}],"wp:featuredmedia":[{"embeddable":true,"href":"https:\/\/keune.al\/sq\/wp-json\/wp\/v2\/media\/1410"}],"wp:attachment":[{"href":"https:\/\/keune.al\/sq\/wp-json\/wp\/v2\/media?parent=1404"}],"wp:term":[{"taxonomy":"product_brand","embeddable":true,"href":"https:\/\/keune.al\/sq\/wp-json\/wp\/v2\/product_brand?post=1404"},{"taxonomy":"product_cat","embeddable":true,"href":"https:\/\/keune.al\/sq\/wp-json\/wp\/v2\/product_cat?post=1404"},{"taxonomy":"product_tag","embeddable":true,"href":"https:\/\/keune.al\/sq\/wp-json\/wp\/v2\/product_tag?post=1404"}],"curies":[{"name":"wp","href":"https:\/\/api.w.org\/{rel}","templated":true}]}}