{"id":1402,"date":"2025-10-22T04:45:16","date_gmt":"2025-10-22T04:45:16","guid":{"rendered":"https:\/\/keune.al\/?post_type=product&#038;p=1402"},"modified":"2025-11-20T14:19:44","modified_gmt":"2025-11-20T14:19:44","slug":"faza-e-bashkimit-te-lidhjeve-3-200ml","status":"publish","type":"product","link":"https:\/\/keune.al\/sq\/produkt\/faza-e-bashkimit-te-lidhjeve-3-200ml\/","title":{"rendered":"Faza 3 e Bashkimit t\u00eb Lidhjeve"},"content":{"rendered":"<div class=\"expander_title___5Kmz\"><strong>P\u00ebrb\u00ebr\u00ebsit<\/strong><\/div>\n<div class=\"expander_content__dB5dn\">\n<div class=\"expander_innerNoScroll__2BEp8\">\n<div class=\"richtext_richText__EPidn\">\n<p>Uj\u00eb (Aqua), Alkool Cetearil, Paraffinum Liquidum (Vaj Mineral), Stearamidopropyl Dimetilamin\u00eb, Klorur Cetrimonium, Polikuaternium-37, Dikaprilat\/Dikaprat\u00eb Propilen Glikol, Klorur Poliakrilamidopropiltrimonium, Acid Laktik, Benzoat Natriumi, Parfum (Arom\u00eb), Gjalp\u00eb Butyrospermum Parkii (Shea), Oleil Erucat, Pantenol, Aminoacide Misri\/Gruri\/Soje Hidroksipropiltrimonium, PPG-1 Trideceth-6, Skualan, Dipropilen Glikol, Protein\u00eb Bimore e Hidrolizuar, Fenoksietanol, Citrat Trietil, Salicilat Benzil, Heksil Cinamal.<\/p>\n<div class=\"expander_title___5Kmz\"><strong>Si t\u00eb p\u00ebrdoren?<\/strong><\/div>\n<div class=\"expander_content__dB5dn\">\n<div class=\"expander_innerNoScroll__2BEp8\">\n<div class=\"richtext_richText__EPidn\">\n<p>Trajtim ushqyes dhe rimbush\u00ebs. Aplikojeni nj\u00eb her\u00eb n\u00eb jav\u00eb n\u00eb flok\u00eb t\u00eb thar\u00eb me peshqir, p\u00ebr t\u00eb pakt\u00ebn 5 minuta. Shp\u00eblajeni, lani me shampo dhe balsam m\u00eb pas.<\/p>\n<\/div>\n<\/div>\n<\/div>\n<\/div>\n<\/div>\n<\/div>","protected":false},"excerpt":{"rendered":"<p>Prezantojm\u00eb Home Bond Booster-in ton\u00eb: P\u00ebrmir\u00ebsoni rutin\u00ebn tuaj t\u00eb kujdesit p\u00ebr flok\u00ebt me sistemin ton\u00eb ekskluziv t\u00eb projektuar p\u00ebr t\u00eb kondicionuar dhe ushqyer flok\u00ebt tuaj. Formula jon\u00eb inovative e bashkimit t\u00eb proteinave jo vet\u00ebm q\u00eb lidh, nd\u00ebrton dhe forcon struktur\u00ebn e brendshme t\u00eb flok\u00ebve, por gjithashtu ofron efekte kondicionimi deri n\u00eb 5 her\u00eb m\u00eb t\u00eb q\u00ebndrueshme krahasuar me trajtimet tradicionale.<\/p>\n<p>I krijuar posa\u00e7\u00ebrisht p\u00ebr p\u00ebrdorim n\u00eb sht\u00ebpi, ky trajtim ushqyes dhe rimbush\u00ebs zgjeron p\u00ebrfitimet e trajtimit ton\u00eb profesional Bond Fusion, duke siguruar q\u00eb flok\u00ebt tuaj t\u00eb mbeten t\u00eb fort\u00eb, t\u00eb gjall\u00eb dhe t\u00eb sh\u00ebndetsh\u00ebm midis vizitave n\u00eb sallon. P\u00ebrjetoni fuqin\u00eb transformuese t\u00eb Home Bond Booster ton\u00eb dhe shijoni kujdesin luksoz me cil\u00ebsi t\u00eb sallonit n\u00eb rehatin\u00eb e sht\u00ebpis\u00eb tuaj.<\/p>","protected":false},"featured_media":1403,"comment_status":"open","ping_status":"closed","template":"","meta":[],"product_brand":[],"product_cat":[135,153,110],"product_tag":[],"class_list":{"0":"post-1402","1":"product","2":"type-product","3":"status-publish","4":"has-post-thumbnail","6":"product_cat-1922-by-j-m-keune","7":"product_cat-conditioning-spray","8":"product_cat-leave-in-conditioner","10":"first","11":"instock","12":"shipping-taxable","13":"purchasable","14":"product-type-variable","15":"has-default-attributes"},"_links":{"self":[{"href":"https:\/\/keune.al\/sq\/wp-json\/wp\/v2\/product\/1402","targetHints":{"allow":["GET"]}}],"collection":[{"href":"https:\/\/keune.al\/sq\/wp-json\/wp\/v2\/product"}],"about":[{"href":"https:\/\/keune.al\/sq\/wp-json\/wp\/v2\/types\/product"}],"replies":[{"embeddable":true,"href":"https:\/\/keune.al\/sq\/wp-json\/wp\/v2\/comments?post=1402"}],"wp:featuredmedia":[{"embeddable":true,"href":"https:\/\/keune.al\/sq\/wp-json\/wp\/v2\/media\/1403"}],"wp:attachment":[{"href":"https:\/\/keune.al\/sq\/wp-json\/wp\/v2\/media?parent=1402"}],"wp:term":[{"taxonomy":"product_brand","embeddable":true,"href":"https:\/\/keune.al\/sq\/wp-json\/wp\/v2\/product_brand?post=1402"},{"taxonomy":"product_cat","embeddable":true,"href":"https:\/\/keune.al\/sq\/wp-json\/wp\/v2\/product_cat?post=1402"},{"taxonomy":"product_tag","embeddable":true,"href":"https:\/\/keune.al\/sq\/wp-json\/wp\/v2\/product_tag?post=1402"}],"curies":[{"name":"wp","href":"https:\/\/api.w.org\/{rel}","templated":true}]}}