{"id":1378,"date":"2025-10-22T04:10:48","date_gmt":"2025-10-22T04:10:48","guid":{"rendered":"https:\/\/keune.al\/?post_type=product&#038;p=1378"},"modified":"2025-11-18T10:20:26","modified_gmt":"2025-11-18T10:20:26","slug":"mbrojtese-me-shkelqim","status":"publish","type":"product","link":"https:\/\/keune.al\/sq\/produkt\/mbrojtese-me-shkelqim\/","title":{"rendered":"Gloss Guard 100 ml"},"content":{"rendered":"","protected":false},"excerpt":{"rendered":"<p>P\u00ebrjetoni shk\u00eblqimin p\u00ebrfundimtar me Gloss Guard, dyllin shum\u00ebfunksional t\u00eb flok\u00ebve q\u00eb ofron kontroll, kujdes dhe nj\u00eb p\u00ebrfundim t\u00eb l\u00ebmuar. Perfekt p\u00ebr zbutjen e qimeve t\u00eb dendura, stilimin e flok\u00ebve t\u00eb shkurt\u00ebr dhe t\u00eb that\u00eb ose krijimin e g\u00ebrshetave elegante.<\/p>\n<p>Ky dyll\u00eb shton shk\u00eblqim intensiv, zbut ka\u00e7urrelat dhe ofron nj\u00eb mbajtje fleksibile p\u00ebr nj\u00eb larmi pamjesh. I pasuruar me proteina me baz\u00eb bimore p\u00ebr t\u00eb forcuar flok\u00ebt dhe pantenol p\u00ebr ushqim shtes\u00eb. I p\u00ebrshtatsh\u00ebm p\u00ebr t\u00eb gjitha gjat\u00ebsit\u00eb dhe llojet e flok\u00ebve, dhe i p\u00ebrfunduar me arom\u00ebn magjeps\u00ebse t\u00eb Midnight Blossom.<\/p>\n<p>Gloss Guard \u00ebsht\u00eb nj\u00eb alternativ\u00eb ndaj Brilliantine Gel.<\/p>","protected":false},"featured_media":1379,"comment_status":"open","ping_status":"closed","template":"","meta":[],"product_brand":[],"product_cat":[135,153,132],"product_tag":[],"class_list":{"0":"post-1378","1":"product","2":"type-product","3":"status-publish","4":"has-post-thumbnail","6":"product_cat-1922-by-j-m-keune","7":"product_cat-conditioning-spray","8":"product_cat-keune-style","10":"first","11":"instock","12":"shipping-taxable","13":"purchasable","14":"product-type-simple"},"_links":{"self":[{"href":"https:\/\/keune.al\/sq\/wp-json\/wp\/v2\/product\/1378","targetHints":{"allow":["GET"]}}],"collection":[{"href":"https:\/\/keune.al\/sq\/wp-json\/wp\/v2\/product"}],"about":[{"href":"https:\/\/keune.al\/sq\/wp-json\/wp\/v2\/types\/product"}],"replies":[{"embeddable":true,"href":"https:\/\/keune.al\/sq\/wp-json\/wp\/v2\/comments?post=1378"}],"wp:featuredmedia":[{"embeddable":true,"href":"https:\/\/keune.al\/sq\/wp-json\/wp\/v2\/media\/1379"}],"wp:attachment":[{"href":"https:\/\/keune.al\/sq\/wp-json\/wp\/v2\/media?parent=1378"}],"wp:term":[{"taxonomy":"product_brand","embeddable":true,"href":"https:\/\/keune.al\/sq\/wp-json\/wp\/v2\/product_brand?post=1378"},{"taxonomy":"product_cat","embeddable":true,"href":"https:\/\/keune.al\/sq\/wp-json\/wp\/v2\/product_cat?post=1378"},{"taxonomy":"product_tag","embeddable":true,"href":"https:\/\/keune.al\/sq\/wp-json\/wp\/v2\/product_tag?post=1378"}],"curies":[{"name":"wp","href":"https:\/\/api.w.org\/{rel}","templated":true}]}}