{"id":1376,"date":"2025-10-22T04:08:58","date_gmt":"2025-10-22T04:08:58","guid":{"rendered":"https:\/\/keune.al\/?post_type=product&#038;p=1376"},"modified":"2025-11-18T10:21:47","modified_gmt":"2025-11-18T10:21:47","slug":"gjah-i-zbutur","status":"publish","type":"product","link":"https:\/\/keune.al\/sq\/produkt\/gjah-i-zbutur\/","title":{"rendered":"Tame Game 200 ml"},"content":{"rendered":"","protected":false},"excerpt":{"rendered":"<p>P\u00ebrgatitni flok\u00ebt tuaj p\u00ebr \u00e7do stilim me Tame Game\u2014nj\u00eb krem luksoz q\u00eb menj\u00ebher\u00eb zbut, hidraton dhe zbut ka\u00e7urrelat me leht\u00ebsi. Pavar\u00ebsisht n\u00ebse po p\u00ebrqafoni ka\u00e7urrelat tuaja natyrale apo po k\u00ebrkoni pamje elegante, ky krem i gjithansh\u00ebm \u00ebsht\u00eb shoq\u00ebruesi juaj i p\u00ebrsosur.<\/p>\n<p>I pasuruar me Pantenol p\u00ebr t\u00eb ushqyer fijet, Vitamin\u00eb E si antioksidant dhe Vaj Ricini p\u00ebr t\u00eb mbrojtur flok\u00ebt nga ndikimet e jashtme, ai gjithashtu ofron mbrojtje nga nxeht\u00ebsia deri n\u00eb 230\u00b0C\/446\u00b0F, duke siguruar q\u00eb flok\u00ebt tuaj t\u00eb mbeten t\u00eb sh\u00ebndetsh\u00ebm dhe t\u00eb gjall\u00eb.<\/p>\n<p>Nd\u00ebrsa aplikoni Tame Game n\u00eb flok\u00eb t\u00eb lagur, aroma freskuese e Citrus Meadow ju mb\u00ebshtjell, duke p\u00ebrgatitur sken\u00ebn p\u00ebr nj\u00eb stilim t\u00eb leht\u00eb. Gjat\u00eb gjith\u00eb dit\u00ebs, lyejeni flok\u00ebt me nj\u00eb sasi t\u00eb vog\u00ebl p\u00ebr t\u00eb zbutur ka\u00e7urrelat ose qimet q\u00eb fluturojn\u00eb shpejt, dhe p\u00ebr m\u00eb shum\u00eb shk\u00eblqim, kombinojeni at\u00eb me Smooth Operator p\u00ebr t\u00eb zhbllokuar flok\u00eb t\u00eb bukur.<\/p>\n<p>Keune Tame Game \u00ebsht\u00eb alternativa p\u00ebr Straight Cream, Hot Iron Spray.<\/p>","protected":false},"featured_media":1377,"comment_status":"open","ping_status":"closed","template":"","meta":[],"product_brand":[],"product_cat":[135,127,153,132,121],"product_tag":[],"class_list":{"0":"post-1376","1":"product","2":"type-product","3":"status-publish","4":"has-post-thumbnail","6":"product_cat-1922-by-j-m-keune","7":"product_cat-bouncy-curls","8":"product_cat-conditioning-spray","9":"product_cat-keune-style","10":"product_cat-result","12":"first","13":"instock","14":"shipping-taxable","15":"purchasable","16":"product-type-simple"},"_links":{"self":[{"href":"https:\/\/keune.al\/sq\/wp-json\/wp\/v2\/product\/1376","targetHints":{"allow":["GET"]}}],"collection":[{"href":"https:\/\/keune.al\/sq\/wp-json\/wp\/v2\/product"}],"about":[{"href":"https:\/\/keune.al\/sq\/wp-json\/wp\/v2\/types\/product"}],"replies":[{"embeddable":true,"href":"https:\/\/keune.al\/sq\/wp-json\/wp\/v2\/comments?post=1376"}],"wp:featuredmedia":[{"embeddable":true,"href":"https:\/\/keune.al\/sq\/wp-json\/wp\/v2\/media\/1377"}],"wp:attachment":[{"href":"https:\/\/keune.al\/sq\/wp-json\/wp\/v2\/media?parent=1376"}],"wp:term":[{"taxonomy":"product_brand","embeddable":true,"href":"https:\/\/keune.al\/sq\/wp-json\/wp\/v2\/product_brand?post=1376"},{"taxonomy":"product_cat","embeddable":true,"href":"https:\/\/keune.al\/sq\/wp-json\/wp\/v2\/product_cat?post=1376"},{"taxonomy":"product_tag","embeddable":true,"href":"https:\/\/keune.al\/sq\/wp-json\/wp\/v2\/product_tag?post=1376"}],"curies":[{"name":"wp","href":"https:\/\/api.w.org\/{rel}","templated":true}]}}