{"id":1373,"date":"2025-10-22T04:01:28","date_gmt":"2025-10-22T04:01:28","guid":{"rendered":"https:\/\/keune.al\/?post_type=product&#038;p=1373"},"modified":"2025-11-18T10:24:32","modified_gmt":"2025-11-18T10:24:32","slug":"absolute-volume-spray","status":"publish","type":"product","link":"https:\/\/keune.al\/sq\/produkt\/absolute-volume-spray\/","title":{"rendered":"Absolute Volume Lift &#038; Grip Thermal Spray 150 ml"},"content":{"rendered":"","protected":false},"excerpt":{"rendered":"<p>Arrini nivele t\u00eb reja me k\u00ebt\u00eb trajtim teksturues,  Absolute Volume Lift and Grip Thermal Spray ofron kapje, volum dhe mbajtje fleksibile p\u00ebr flok\u00eb me volum e t\u00eb but\u00eb n\u00eb prekje p\u00ebr shum\u00eb koh\u00eb.<\/p>","protected":false},"featured_media":1375,"comment_status":"open","ping_status":"closed","template":"","meta":[],"product_brand":[],"product_cat":[153,131,126,121],"product_tag":[],"class_list":{"0":"post-1373","1":"product","2":"type-product","3":"status-publish","4":"has-post-thumbnail","6":"product_cat-conditioning-spray","7":"product_cat-keune-care","8":"product_cat-more-volume","9":"product_cat-result","11":"first","12":"instock","13":"shipping-taxable","14":"purchasable","15":"product-type-simple"},"_links":{"self":[{"href":"https:\/\/keune.al\/sq\/wp-json\/wp\/v2\/product\/1373","targetHints":{"allow":["GET"]}}],"collection":[{"href":"https:\/\/keune.al\/sq\/wp-json\/wp\/v2\/product"}],"about":[{"href":"https:\/\/keune.al\/sq\/wp-json\/wp\/v2\/types\/product"}],"replies":[{"embeddable":true,"href":"https:\/\/keune.al\/sq\/wp-json\/wp\/v2\/comments?post=1373"}],"wp:featuredmedia":[{"embeddable":true,"href":"https:\/\/keune.al\/sq\/wp-json\/wp\/v2\/media\/1375"}],"wp:attachment":[{"href":"https:\/\/keune.al\/sq\/wp-json\/wp\/v2\/media?parent=1373"}],"wp:term":[{"taxonomy":"product_brand","embeddable":true,"href":"https:\/\/keune.al\/sq\/wp-json\/wp\/v2\/product_brand?post=1373"},{"taxonomy":"product_cat","embeddable":true,"href":"https:\/\/keune.al\/sq\/wp-json\/wp\/v2\/product_cat?post=1373"},{"taxonomy":"product_tag","embeddable":true,"href":"https:\/\/keune.al\/sq\/wp-json\/wp\/v2\/product_tag?post=1373"}],"curies":[{"name":"wp","href":"https:\/\/api.w.org\/{rel}","templated":true}]}}