{"id":1368,"date":"2025-10-22T03:58:13","date_gmt":"2025-10-22T03:58:13","guid":{"rendered":"https:\/\/keune.al\/?post_type=product&#038;p=1368"},"modified":"2025-11-20T10:17:45","modified_gmt":"2025-11-20T10:17:45","slug":"care-absolute-volume-conditioner","status":"publish","type":"product","link":"https:\/\/keune.al\/sq\/produkt\/care-absolute-volume-conditioner\/","title":{"rendered":"Absolute Volume Balsam"},"content":{"rendered":"<div class=\"expander_title___5Kmz\"><strong>P\u00ebrb\u00ebr\u00ebsit<\/strong><\/div>\n<div class=\"expander_content__dB5dn\">\n<div class=\"expander_innerNoScroll__2BEp8\">\n<div class=\"richtext_richText__EPidn\">\n<p>Uj\u00eb (Uj\u00eb), Sodium Laureth Sulfate, Cocamidopropyl Betaine, Kaolin\u00eb, Klorur Natriumi, Bentonit, Cocoyl Glutamate Natriumi, PEG-200 Palmat Gliceril i Hidrogjenizuar, Vaj Ricini i Hidrogjenizuar PEG-40, Pantenol, Parfum (Arom\u00eb), Acid Citrik, Benzoat Natriumi, PEG-7 Gliceryl Cocoate, Hidroksipropil Guar, Dipropilen Glikol, Laurat Gliceril, Acid Salicilik, Protein\u00eb Orizi e Hidrolizuar, Propilen Glikol, Silikon Kuaternium-18, Kalium Laureth-4 Karboksilat, Glicerin\u00eb, Trideceth-12, Trideceth-6, Butilen Glikol, Fenoksietanol, Ekstrakt Luleje Lilium Candidum<\/p>\n<div class=\"expander_title___5Kmz\"><strong>Si t\u00eb p\u00ebrdoren?<\/strong><\/div>\n<div class=\"expander_content__dB5dn\">\n<div class=\"expander_innerNoScroll__2BEp8\">\n<div class=\"richtext_richText__EPidn\">\n<p>Aplikoni n\u00eb flok\u00eb t\u00eb lar\u00eb me shampo e t\u00eb tamponuar me peshqir, l\u00ebreni t\u00eb veproj\u00eb p\u00ebr 1-3 minuta dhe m\u00eb pas shplajeni mir\u00eb.<\/p>\n<\/div>\n<\/div>\n<\/div>\n<\/div>\n<\/div>\n<\/div>","protected":false},"excerpt":{"rendered":"<p>Rritni flokun e holl\u00eb dhe t\u00eb shesht\u00eb me balsamin Absolute Volume Amplifying Conditioner, nj\u00eb formul\u00eb mega-volumizuese q\u00eb i heq nga rr\u00ebnj\u00ebt, nd\u00ebrkoh\u00eb q\u00eb i hidraton leht\u00eb. Flok\u00ebt ndihen t\u00eb fresk\u00ebt, t\u00eb ajrosur dhe plot l\u00ebvizje.<\/p>","protected":false},"featured_media":1372,"comment_status":"open","ping_status":"closed","template":"","meta":[],"product_brand":[],"product_cat":[98,92],"product_tag":[],"class_list":{"0":"post-1368","1":"product","2":"type-product","3":"status-publish","4":"has-post-thumbnail","6":"product_cat-conditioners","7":"product_cat-hair-care","8":"pa_variant-250-ml","9":"pa_variant-1000ml","11":"first","12":"instock","13":"shipping-taxable","14":"purchasable","15":"product-type-variable","16":"has-default-attributes"},"_links":{"self":[{"href":"https:\/\/keune.al\/sq\/wp-json\/wp\/v2\/product\/1368","targetHints":{"allow":["GET"]}}],"collection":[{"href":"https:\/\/keune.al\/sq\/wp-json\/wp\/v2\/product"}],"about":[{"href":"https:\/\/keune.al\/sq\/wp-json\/wp\/v2\/types\/product"}],"replies":[{"embeddable":true,"href":"https:\/\/keune.al\/sq\/wp-json\/wp\/v2\/comments?post=1368"}],"wp:featuredmedia":[{"embeddable":true,"href":"https:\/\/keune.al\/sq\/wp-json\/wp\/v2\/media\/1372"}],"wp:attachment":[{"href":"https:\/\/keune.al\/sq\/wp-json\/wp\/v2\/media?parent=1368"}],"wp:term":[{"taxonomy":"product_brand","embeddable":true,"href":"https:\/\/keune.al\/sq\/wp-json\/wp\/v2\/product_brand?post=1368"},{"taxonomy":"product_cat","embeddable":true,"href":"https:\/\/keune.al\/sq\/wp-json\/wp\/v2\/product_cat?post=1368"},{"taxonomy":"product_tag","embeddable":true,"href":"https:\/\/keune.al\/sq\/wp-json\/wp\/v2\/product_tag?post=1368"}],"curies":[{"name":"wp","href":"https:\/\/api.w.org\/{rel}","templated":true}]}}