{"id":124,"date":"2025-08-28T16:43:06","date_gmt":"2025-08-28T16:43:06","guid":{"rendered":"https:\/\/keune.al\/?post_type=product&#038;p=124"},"modified":"2025-11-18T14:18:31","modified_gmt":"2025-11-18T14:18:31","slug":"paste-e-fuqishme","status":"publish","type":"product","link":"https:\/\/keune.al\/sq\/produkt\/paste-e-fuqishme\/","title":{"rendered":"Past\u00eb Fuqie 150 ml"},"content":{"rendered":"<div class=\"image-text-section\">\n<div class=\"image-box\"><img fetchpriority=\"high\" decoding=\"async\" class=\"aligncenter wp-image-126 size-full\" src=\"https:\/\/keune.al\/wp-content\/uploads\/2025\/08\/Keune-Style-Relaunch-Head-Lock-Power-Paste-Spring-Loaded.webp\" alt=\"\" width=\"1080\" height=\"1133\" srcset=\"https:\/\/keune.al\/wp-content\/uploads\/2025\/08\/Keune-Style-Relaunch-Head-Lock-Power-Paste-Spring-Loaded.webp 1080w, https:\/\/keune.al\/wp-content\/uploads\/2025\/08\/Keune-Style-Relaunch-Head-Lock-Power-Paste-Spring-Loaded-600x629.webp 600w, https:\/\/keune.al\/wp-content\/uploads\/2025\/08\/Keune-Style-Relaunch-Head-Lock-Power-Paste-Spring-Loaded-100x105.webp 100w, https:\/\/keune.al\/wp-content\/uploads\/2025\/08\/Keune-Style-Relaunch-Head-Lock-Power-Paste-Spring-Loaded-286x300.webp 286w, https:\/\/keune.al\/wp-content\/uploads\/2025\/08\/Keune-Style-Relaunch-Head-Lock-Power-Paste-Spring-Loaded-976x1024.webp 976w, https:\/\/keune.al\/wp-content\/uploads\/2025\/08\/Keune-Style-Relaunch-Head-Lock-Power-Paste-Spring-Loaded-768x806.webp 768w\" sizes=\"(max-width: 1080px) 100vw, 1080px\" \/><\/div>\n<div class=\"content-box\">\n<h2>Power Paste<\/h2>\n<p>Uj\u00eb (Uj\u00eb), Kopolimer VP\/VA, Alkool Cetearil, Kopolimer Akrilatesh, Vaj Farash Ricinus Communis (Ricini), Triakontanil PVP, Polisorbat 80, Izostearat Sorbitani, PEG-150 Pentaeritritil Tetrastearat, Ceteareth-20, Fenoksietanol, Aminometil Propanol, Kopolimer Akrilate\/Beheneth-25 Metakrilat, Parfum (Arom\u00eb), Dipropilen Glikol, Vaj Ricini i Hidrogjenizuar, Acid Citrik, Etilheksilglicerin\u00eb, Dyll\u00eb Copernicia Cerifera (Karnauba), Protein\u00eb Bizeleje e Hidrolizuar, Protein\u00eb Bimore e Hidrolizuar, Oktenidin\u00eb HCl, Benzoat Natriumi, Sorbat Kaliumi, Acetil Cedren, Anetol, Acetat Geranil, Acetat Linalil, Mentol, Tetrametil Acetiloktahidronaftalene.<\/p>\n<\/div>\n<\/div>","protected":false},"excerpt":{"rendered":"<p>Ne kemi arritur kulmin me past\u00ebn ton\u00eb teksturuese t\u00eb flokut! Vet\u00ebm nj\u00eb sasi e vog\u00ebl siguron ruajtje t\u00eb modelit, q\u00eb fiksohet menj\u00ebher\u00eb dhe zgjat deri n\u00eb 48 or\u00eb.<\/p>\n<p>Kjo past\u00eb Keune \u00ebsht\u00eb rezistente ndaj ujit dhe krijon nj\u00eb tekstur\u00eb super mat duke funksionuar n\u00eb t\u00eb gjitha llojet e flokut. Perfekte p\u00ebr gjat\u00ebsi floku t\u00eb shkurt\u00ebr deri n\u00eb mesatar, siguron q\u00eb stili juaj t\u00eb q\u00ebndroj\u00eb i fort\u00eb gjat\u00eb gjith\u00eb dit\u00ebs. E pasuruar me nj\u00eb arom\u00eb magjeps\u00ebse Cardamon Spell, ajo kombinon q\u00ebndrueshm\u00ebrin\u00eb dhe nj\u00eb p\u00ebrfundim super mat p\u00ebr nj\u00eb pamje t\u00eb pakrahasueshme.<\/p>\n<p>P\u00ebr m\u00eb shum\u00eb shk\u00eblqim n\u00eb pamjen tuaj, kombinoni Power Paste me <u><a href=\"https:\/\/www.keune.com\/p\/style-gloss-guard\/\" target=\"_self\" rel=\"noreferrer\">Gloss Guard<\/a><\/u>.<\/p>","protected":false},"featured_media":134,"comment_status":"open","ping_status":"closed","template":"","meta":[],"product_brand":[],"product_cat":[127,130,19,116,23,132,161,119,158,121,105,149,155],"product_tag":[],"class_list":{"0":"post-124","1":"product","2":"type-product","3":"status-publish","4":"has-post-thumbnail","6":"product_cat-bouncy-curls","7":"product_cat-collection","8":"product_cat-hair-styling","9":"product_cat-wax-men","10":"product_cat-hairspray","11":"product_cat-keune-style","12":"product_cat-men","13":"product_cat-paste-men","14":"product_cat-paste","15":"product_cat-result","16":"product_cat-styling","17":"product_cat-wax-styling","18":"product_cat-wax","20":"first","21":"instock","22":"shipping-taxable","23":"purchasable","24":"product-type-simple"},"_links":{"self":[{"href":"https:\/\/keune.al\/sq\/wp-json\/wp\/v2\/product\/124","targetHints":{"allow":["GET"]}}],"collection":[{"href":"https:\/\/keune.al\/sq\/wp-json\/wp\/v2\/product"}],"about":[{"href":"https:\/\/keune.al\/sq\/wp-json\/wp\/v2\/types\/product"}],"replies":[{"embeddable":true,"href":"https:\/\/keune.al\/sq\/wp-json\/wp\/v2\/comments?post=124"}],"wp:featuredmedia":[{"embeddable":true,"href":"https:\/\/keune.al\/sq\/wp-json\/wp\/v2\/media\/134"}],"wp:attachment":[{"href":"https:\/\/keune.al\/sq\/wp-json\/wp\/v2\/media?parent=124"}],"wp:term":[{"taxonomy":"product_brand","embeddable":true,"href":"https:\/\/keune.al\/sq\/wp-json\/wp\/v2\/product_brand?post=124"},{"taxonomy":"product_cat","embeddable":true,"href":"https:\/\/keune.al\/sq\/wp-json\/wp\/v2\/product_cat?post=124"},{"taxonomy":"product_tag","embeddable":true,"href":"https:\/\/keune.al\/sq\/wp-json\/wp\/v2\/product_tag?post=124"}],"curies":[{"name":"wp","href":"https:\/\/api.w.org\/{rel}","templated":true}]}}