{"id":1080,"date":"2025-09-22T03:31:53","date_gmt":"2025-09-22T03:31:53","guid":{"rendered":"https:\/\/keune.al\/?post_type=product&#038;p=1080"},"modified":"2025-11-20T17:15:28","modified_gmt":"2025-11-20T17:15:28","slug":"maske-shpetimtare-bjonde","status":"publish","type":"product","link":"https:\/\/keune.al\/sq\/produkt\/maske-shpetimtare-bjonde\/","title":{"rendered":"Mask\u00eb Shp\u00ebtimtari Bjonde"},"content":{"rendered":"<div class=\"expander_title___5Kmz\"><strong>P\u00ebrb\u00ebr\u00ebsit<\/strong><\/div>\n<div class=\"expander_content__dB5dn\">\n<div class=\"expander_innerNoScroll__2BEp8\">\n<div class=\"richtext_richText__EPidn\">\n<p>Uj\u00eb (Aqua), Alkool Cetearil, Klorur Behentrimoniumi, Glicerin\u00eb, Klorur Cetrimoniumi, Amodimetikon, Behenamidopropil Dimetilamin\u00eb, Alkool Izopropilik, Acid Glikolik, Kreatin\u00eb, Pantenol, Parfum (Arom\u00eb), Polikuaternium-37, Dikaprilat\/Dikaprat\u00eb Propilen Glikol, Benzoat Natriumi, Protein\u00eb Bimore e Hidrolizuar PG-Propil Silanetriol, Klorur Guar Hidroksipropiltrimoniumi, Acid Laktik, Fosfat Niseshteje Hidroksipropil, Klorur Poliakrilamidopropiltrimoniumi, PPG-1 Trideceth-6, Trideceth-12, Fenoksietanol, Acid Benzoik, Sorbat Kaliumi, Perl\u00eb e Hidrolizuar, Maris Sal (Krip\u00eb Deti).<\/p>\n<div class=\"expander_title___5Kmz\"><strong>Si t\u00eb p\u00ebrdoren?<\/strong><\/div>\n<div class=\"expander_content__dB5dn\">\n<div class=\"expander_innerNoScroll__2BEp8\">\n<div class=\"richtext_richText__EPidn\">\n<p>Aplikojeni n\u00eb flok\u00eb t\u00eb lar\u00eb me shampo, masazhojeni but\u00ebsisht dhe p\u00ebrqendrohuni nga gjat\u00ebsia e mesme deri n\u00eb maja. L\u00ebreni p\u00ebr 3-5 minuta dhe shp\u00eblajeni me kujdes.<\/p>\n<\/div>\n<\/div>\n<\/div>\n<\/div>\n<\/div>\n<\/div>","protected":false},"excerpt":{"rendered":"<p>Nxirrni ngjyr\u00ebn tuaj bjonde me mask\u00ebn ndri\u00e7uese Blonde Savior, nj\u00eb trajtim i pasur dhe restaurues i krijuar p\u00ebr t\u00eb rritur shk\u00eblqimin, p\u00ebr t\u00eb p\u00ebrmir\u00ebsuar qart\u00ebsin\u00eb dhe p\u00ebr t&#039;i ushqyer n\u00eb thell\u00ebsi. E p\u00ebrsosur p\u00ebr flok\u00eb bjonde natyral\u00eb, t\u00eb lyer me t\u00eb kuqe ose t\u00eb zbardhur, kjo mask\u00eb luksoze ndihmon n\u00eb eliminimin e zbehjes, rikthen but\u00ebsin\u00eb dhe i l\u00eb flok\u00ebt tuaj t\u00eb shndritsh\u00ebm, t\u00eb m\u00ebndafsht\u00eb dhe me shk\u00eblqim 3D.<\/p>","protected":false},"featured_media":1089,"comment_status":"open","ping_status":"closed","template":"","meta":[],"product_brand":[],"product_cat":[92,176],"product_tag":[],"class_list":{"0":"post-1080","1":"product","2":"type-product","3":"status-publish","4":"has-post-thumbnail","6":"product_cat-hair-care","7":"product_cat-mask-hair-care","8":"pa_variant-250ml","9":"pa_variant-500ml","11":"first","12":"instock","13":"shipping-taxable","14":"purchasable","15":"product-type-variable","16":"has-default-attributes"},"_links":{"self":[{"href":"https:\/\/keune.al\/sq\/wp-json\/wp\/v2\/product\/1080","targetHints":{"allow":["GET"]}}],"collection":[{"href":"https:\/\/keune.al\/sq\/wp-json\/wp\/v2\/product"}],"about":[{"href":"https:\/\/keune.al\/sq\/wp-json\/wp\/v2\/types\/product"}],"replies":[{"embeddable":true,"href":"https:\/\/keune.al\/sq\/wp-json\/wp\/v2\/comments?post=1080"}],"wp:featuredmedia":[{"embeddable":true,"href":"https:\/\/keune.al\/sq\/wp-json\/wp\/v2\/media\/1089"}],"wp:attachment":[{"href":"https:\/\/keune.al\/sq\/wp-json\/wp\/v2\/media?parent=1080"}],"wp:term":[{"taxonomy":"product_brand","embeddable":true,"href":"https:\/\/keune.al\/sq\/wp-json\/wp\/v2\/product_brand?post=1080"},{"taxonomy":"product_cat","embeddable":true,"href":"https:\/\/keune.al\/sq\/wp-json\/wp\/v2\/product_cat?post=1080"},{"taxonomy":"product_tag","embeddable":true,"href":"https:\/\/keune.al\/sq\/wp-json\/wp\/v2\/product_tag?post=1080"}],"curies":[{"name":"wp","href":"https:\/\/api.w.org\/{rel}","templated":true}]}}