{"id":1076,"date":"2025-09-22T03:29:17","date_gmt":"2025-09-22T03:29:17","guid":{"rendered":"https:\/\/keune.al\/?post_type=product&#038;p=1076"},"modified":"2025-11-20T18:09:48","modified_gmt":"2025-11-20T18:09:48","slug":"color-brillianz-mask-250ml","status":"publish","type":"product","link":"https:\/\/keune.al\/sq\/produkt\/color-brillianz-mask-250ml\/","title":{"rendered":"Color Brillianz Mask"},"content":{"rendered":"<div class=\"expander_title___5Kmz\"><strong>P\u00ebrb\u00ebr\u00ebsit<\/strong><\/div>\n<div class=\"expander_content__dB5dn\">\n<div class=\"expander_innerNoScroll__2BEp8\">\n<div class=\"richtext_richText__EPidn\">\n<p>Uj\u00eb (Aqua), Alkool Cetearil, Klorur Behentrimoniumi, Glicerin\u00eb, Miristat Izopropilik, Propilen Glikol, Behenamidopropil Dimetilamin\u00eb, Estere Cetil, Quaternium-87, Amodimetikon, Acid Citrik, Alkool Izopropilik, Parfum (Arom\u00eb), Silikon Quaternium-22, Benzoat Natriumi, Dipropilen Glikol, Gjalp\u00eb Butyrospermum Parkii (Shea), Pantenol, Protein\u00eb Bimore e Hidrolizuar PG-Propil Silanetriol, Kaprat\u00eb Poligliceril-3, Betain\u00eb Kokamidopropil, Ekstrakt Farash Helianthus Annuus (Luledielli), Butilen Glikol, Klorur Cetrimoniumi, Trideceth-12, Fenoksietanol, Klorur Palmitamidopropiltrimoniumi, Ekstrakt i Hidrolizuar i Rhodophyceae, Sorbat Kaliumi, Acid Benzoik, Heksil Cinamal, Tetrametil Acetiloktahidronaftalene.<\/p>\n<div class=\"expander_title___5Kmz\"><strong>Si t\u00eb p\u00ebrdoren?<\/strong><\/div>\n<div class=\"expander_content__dB5dn\">\n<div class=\"expander_innerNoScroll__2BEp8\">\n<div class=\"richtext_richText__EPidn\">\n<p>Aplikojeni n\u00eb flok\u00eb t\u00eb lar\u00eb me shampo. Masazhojeni but\u00ebsisht dhe l\u00ebreni t\u00eb veproj\u00eb p\u00ebr 3-5 minuta. Mund t\u00eb mb\u00ebshtillni flok\u00ebt me nj\u00eb peshqir t\u00eb nxeht\u00eb. Shp\u00eblajeni mir\u00eb dhe thajeni me peshqir.<\/p>\n<\/div>\n<\/div>\n<\/div>\n<\/div>\n<\/div>\n<\/div>","protected":false},"excerpt":{"rendered":"<p>Ringjallni dhe mbroni flok\u00ebt tuaj t\u00eb lyer me Mask\u00ebn Anti-Zbehje Color Brillianz, nj\u00eb trajtim i pasur dhe ushqyes thell\u00ebsisht i projektuar p\u00ebr t\u00eb fiksuar ngjyr\u00ebn, p\u00ebr t\u00eb rikthyer lag\u00ebshtin\u00eb dhe p\u00ebr t\u00eb rritur gjall\u00ebrin\u00eb afatgjat\u00eb. E formuluar me p\u00ebrb\u00ebr\u00ebs mbrojt\u00ebs t\u00eb ngjyr\u00ebs dhe antioksidant\u00eb, kjo mask\u00eb intensive forcon dhe zbut \u00e7do fije floku.<\/p>","protected":false},"featured_media":2310,"comment_status":"open","ping_status":"closed","template":"","meta":[],"product_brand":[],"product_cat":[92,176],"product_tag":[],"class_list":{"0":"post-1076","1":"product","2":"type-product","3":"status-publish","4":"has-post-thumbnail","6":"product_cat-hair-care","7":"product_cat-mask-hair-care","8":"pa_variant-250ml","9":"pa_variant-500ml","10":"pa_variant-50ml","12":"first","13":"instock","14":"shipping-taxable","15":"purchasable","16":"product-type-variable","17":"has-default-attributes"},"_links":{"self":[{"href":"https:\/\/keune.al\/sq\/wp-json\/wp\/v2\/product\/1076","targetHints":{"allow":["GET"]}}],"collection":[{"href":"https:\/\/keune.al\/sq\/wp-json\/wp\/v2\/product"}],"about":[{"href":"https:\/\/keune.al\/sq\/wp-json\/wp\/v2\/types\/product"}],"replies":[{"embeddable":true,"href":"https:\/\/keune.al\/sq\/wp-json\/wp\/v2\/comments?post=1076"}],"wp:featuredmedia":[{"embeddable":true,"href":"https:\/\/keune.al\/sq\/wp-json\/wp\/v2\/media\/2310"}],"wp:attachment":[{"href":"https:\/\/keune.al\/sq\/wp-json\/wp\/v2\/media?parent=1076"}],"wp:term":[{"taxonomy":"product_brand","embeddable":true,"href":"https:\/\/keune.al\/sq\/wp-json\/wp\/v2\/product_brand?post=1076"},{"taxonomy":"product_cat","embeddable":true,"href":"https:\/\/keune.al\/sq\/wp-json\/wp\/v2\/product_cat?post=1076"},{"taxonomy":"product_tag","embeddable":true,"href":"https:\/\/keune.al\/sq\/wp-json\/wp\/v2\/product_tag?post=1076"}],"curies":[{"name":"wp","href":"https:\/\/api.w.org\/{rel}","templated":true}]}}