{"id":1072,"date":"2025-09-22T03:28:48","date_gmt":"2025-09-22T03:28:48","guid":{"rendered":"https:\/\/keune.al\/?post_type=product&#038;p=1072"},"modified":"2025-11-20T13:50:50","modified_gmt":"2025-11-20T13:50:50","slug":"blonde-savior-leave-in-treatment-150ml","status":"publish","type":"product","link":"https:\/\/keune.al\/sq\/produkt\/blonde-savior-leave-in-treatment-150ml\/","title":{"rendered":"Trajtim pa shp\u00eblarje Blonde Savior"},"content":{"rendered":"<div class=\"expander_title___5Kmz\"><strong>P\u00ebrb\u00ebr\u00ebsit<\/strong><\/div>\n<div class=\"expander_content__dB5dn\">\n<div class=\"expander_innerNoScroll__2BEp8\">\n<div class=\"richtext_richText__EPidn\">\n<p>Aqua (Water), Isopropyl Myristate, Cetearyl Alcohol, Polyquaternium-37, Propylene Glycol Dicaprylate\/Dicaprate, Behenamidopropyl Dimethylamine, PEG-40 Hydrogenated Castor Oil, Cetrimonium Chloride, Panthenol, Sodium Benzoate, Glycolic Acid, Parfum (Fragrance), Fructose, Citric Acid, PPG-1 Trideceth-6, Glycerin, Pentylene Glycol, Creatine, Sodium Citrate, Sodium Hyaluronate, Hydrolyzed Pearl, Maris Sal (Sea Salt), Polyporus Umbellatus (Mushroom) Extract, Phenoxyethanol, Acid Violet 43, Citrus Aurantium Bergamia (Bergamot) Peel Oil, Linalool, Linalyl Acetate<\/p>\n<div class=\"expander_title___5Kmz\"><strong>Si t\u00eb p\u00ebrdoren?<\/strong><\/div>\n<div class=\"expander_content__dB5dn\">\n<div class=\"expander_innerNoScroll__2BEp8\">\n<div class=\"richtext_richText__EPidn\">\n<p>Apply one or two pumps to clean towel-dried hair and do not rinse. Style as desired.\u200b<\/p>\n<\/div>\n<\/div>\n<\/div>\n<\/div>\n<\/div>\n<\/div>","protected":false},"excerpt":{"rendered":"<p>Strengthen and illuminate your blonde locks with Blonde Savior Repairing Leave-in Treatment, a powerful formula that revives brightness while restoring damaged, over-processed strands. Perfect for bleached, highlighted, or color-treated blondes, this treatment deeply nourishes, smooths, and reinforces the hair fiber.<\/p>","protected":false},"featured_media":1074,"comment_status":"open","ping_status":"closed","template":"","meta":[],"product_brand":[],"product_cat":[92,110],"product_tag":[],"class_list":{"0":"post-1072","1":"product","2":"type-product","3":"status-publish","4":"has-post-thumbnail","6":"product_cat-hair-care","7":"product_cat-leave-in-conditioner","9":"first","10":"instock","11":"shipping-taxable","12":"purchasable","13":"product-type-variable","14":"has-default-attributes"},"_links":{"self":[{"href":"https:\/\/keune.al\/sq\/wp-json\/wp\/v2\/product\/1072","targetHints":{"allow":["GET"]}}],"collection":[{"href":"https:\/\/keune.al\/sq\/wp-json\/wp\/v2\/product"}],"about":[{"href":"https:\/\/keune.al\/sq\/wp-json\/wp\/v2\/types\/product"}],"replies":[{"embeddable":true,"href":"https:\/\/keune.al\/sq\/wp-json\/wp\/v2\/comments?post=1072"}],"wp:featuredmedia":[{"embeddable":true,"href":"https:\/\/keune.al\/sq\/wp-json\/wp\/v2\/media\/1074"}],"wp:attachment":[{"href":"https:\/\/keune.al\/sq\/wp-json\/wp\/v2\/media?parent=1072"}],"wp:term":[{"taxonomy":"product_brand","embeddable":true,"href":"https:\/\/keune.al\/sq\/wp-json\/wp\/v2\/product_brand?post=1072"},{"taxonomy":"product_cat","embeddable":true,"href":"https:\/\/keune.al\/sq\/wp-json\/wp\/v2\/product_cat?post=1072"},{"taxonomy":"product_tag","embeddable":true,"href":"https:\/\/keune.al\/sq\/wp-json\/wp\/v2\/product_tag?post=1072"}],"curies":[{"name":"wp","href":"https:\/\/api.w.org\/{rel}","templated":true}]}}