{"id":1058,"date":"2025-09-21T05:56:34","date_gmt":"2025-09-21T05:56:34","guid":{"rendered":"https:\/\/keune.al\/?post_type=product&#038;p=1058"},"modified":"2025-11-22T18:35:55","modified_gmt":"2025-11-22T18:35:55","slug":"confident-curl-leave-in-curly-300ml","status":"publish","type":"product","link":"https:\/\/keune.al\/sq\/produkt\/confident-curl-leave-in-curly-300ml\/","title":{"rendered":"Ka\u00e7urrela Confident Curl pa shp\u00eblarje"},"content":{"rendered":"<div class=\"expander_title___5Kmz\"><strong>P\u00ebrb\u00ebr\u00ebsit<\/strong><\/div>\n<div class=\"expander_content__dB5dn\">\n<div class=\"expander_innerNoScroll__2BEp8\">\n<div class=\"richtext_richText__EPidn\">\n<p>Aqua (Water), Propylene Glycol, Hydrogenated Ethylhexyl Olivate, Ozokerite, Cocos Nucifera (Coconut) Oil, Polyacrylamide, Butyrospermum Parkii (Shea) Butter, Ceteareth-30, Petrolatum, PEG-40 Hydrogenated Castor Oil, C13-14 Isoparaffin, Ceteth-2, PEG-150 Pentaerythrityl Tetrastearate, Polyquaternium-72, Parfum (Fragrance), Sodium Benzoate, Glycerin, Dipropylene Glycol, Cetrimonium Chloride, Polyquaternium-11, Citric Acid, Hydrogenated Olive Oil Unsaponifiables, Laureth-7, Linum Usitatissimum (Linseed) Seed Extract, Phenoxyethanol, Salvia Hispanica Seed Extract, Acetum (Vinegar), Pyrus Malus (Apple) Fruit Extract, Caprylyl Glycol, Amaranthus Caudatus Seed Extract, Benzyl Alcohol, Caprylic Acid, Xylitol, Sucrose, Potassium Sorbate, Sorbic Acid, Acetyl Cedrene, Dimethyl Phenethyl Acetate, Isoeugenyl Acetate, Pelargonium Graveolens Flower Oil, Tetramethyl Acetyloctahydronaphthalenes.<\/p>\n<div class=\"expander_title___5Kmz\"><strong>Si t\u00eb p\u00ebrdoren?<\/strong><\/div>\n<div class=\"expander_content__dB5dn\">\n<div class=\"expander_innerNoScroll__2BEp8\">\n<div class=\"richtext_richText__EPidn\">\n<p>Aplikojeni n\u00eb flok\u00eb t\u00eb lagur, sigurohuni q\u00eb flok\u00ebt t\u00eb jen\u00eb t\u00eb mbuluara me krem. Mos e shp\u00eblani. L\u00ebrini flok\u00ebt t\u00eb thahen n\u00eb aj\u00ebr t\u00eb past\u00ebr ose stilojini me thar\u00ebse flok\u00ebsh ose difuzor. Mund t\u00eb p\u00ebrdoret n\u00eb flok\u00eb t\u00eb that\u00eb p\u00ebr m\u00eb shum\u00eb lag\u00ebshti.<\/p>\n<\/div>\n<\/div>\n<\/div>\n<\/div>\n<\/div>\n<\/div>","protected":false},"excerpt":{"rendered":"<p>Enhance, define and smooth your natural curls with Confident Curl Leave-in Curly, a lightweight no rinse cream, hyper hydration without the weight. \u200b \u200b<\/p>","protected":false},"featured_media":1060,"comment_status":"open","ping_status":"closed","template":"","meta":[],"product_brand":[],"product_cat":[111,92,110],"product_tag":[],"class_list":{"0":"post-1058","1":"product","2":"type-product","3":"status-publish","4":"has-post-thumbnail","6":"product_cat-cream","7":"product_cat-hair-care","8":"product_cat-leave-in-conditioner","10":"first","11":"instock","12":"shipping-taxable","13":"purchasable","14":"product-type-variable","15":"has-default-attributes"},"_links":{"self":[{"href":"https:\/\/keune.al\/sq\/wp-json\/wp\/v2\/product\/1058","targetHints":{"allow":["GET"]}}],"collection":[{"href":"https:\/\/keune.al\/sq\/wp-json\/wp\/v2\/product"}],"about":[{"href":"https:\/\/keune.al\/sq\/wp-json\/wp\/v2\/types\/product"}],"replies":[{"embeddable":true,"href":"https:\/\/keune.al\/sq\/wp-json\/wp\/v2\/comments?post=1058"}],"wp:featuredmedia":[{"embeddable":true,"href":"https:\/\/keune.al\/sq\/wp-json\/wp\/v2\/media\/1060"}],"wp:attachment":[{"href":"https:\/\/keune.al\/sq\/wp-json\/wp\/v2\/media?parent=1058"}],"wp:term":[{"taxonomy":"product_brand","embeddable":true,"href":"https:\/\/keune.al\/sq\/wp-json\/wp\/v2\/product_brand?post=1058"},{"taxonomy":"product_cat","embeddable":true,"href":"https:\/\/keune.al\/sq\/wp-json\/wp\/v2\/product_cat?post=1058"},{"taxonomy":"product_tag","embeddable":true,"href":"https:\/\/keune.al\/sq\/wp-json\/wp\/v2\/product_tag?post=1058"}],"curies":[{"name":"wp","href":"https:\/\/api.w.org\/{rel}","templated":true}]}}