{"id":1049,"date":"2025-09-21T05:52:20","date_gmt":"2025-09-21T05:52:20","guid":{"rendered":"https:\/\/keune.al\/?post_type=product&#038;p=1049"},"modified":"2025-11-22T18:31:30","modified_gmt":"2025-11-22T18:31:30","slug":"vital-nutrition-power-plump-45ml","status":"publish","type":"product","link":"https:\/\/keune.al\/sq\/produkt\/vital-nutrition-power-plump-45ml\/","title":{"rendered":"Vital Nutrition Power Plump"},"content":{"rendered":"<div class=\"expander_title___5Kmz\"><strong>P\u00ebrb\u00ebr\u00ebsit<\/strong><\/div>\n<div class=\"expander_content__dB5dn\">\n<div class=\"expander_innerNoScroll__2BEp8\">\n<div class=\"richtext_richText__EPidn\">\n<p>Uj\u00eb (Uj\u00eb), Alkool Cetearil, Dodekan, Kopolimer i Vajit t\u00eb Hidrogjenizuar t\u00eb Ricinus\/Acidit Sebacik, Fenil Trimetikon, Dimetikon, Vaj Farash Ricinus Communis (Ricini), Hidroksipropil Guar, Pantenol, Fenoksietanol, Klorur Behentrimoniumi, Vaj Ricini i Hidrogjenizuar PEG-40, Klorur Guar Hidroksipropiltrimoniumi, Benzoat Natriumi, Parfum (Arom\u00eb), Acid Laktik, Dipropilen Glikol, Dimetikonol, Alkool Izopropilik, Propilen Glikol, Vaj Farash Macadamia Integrifolia, Vaj Fruti Olea Europaea (Ulliri), Polisilikon-29, Acid Palmitik, Ceramide NG, Ekstrakt Helichrysum Italicum, Kolesterol, Alkool Benzil, Kumarin\u00eb, Limonene, Linalool, Tetrametil Acetiloktahidronaftalene, Trimetilciklopentenil Metilisopentenol, Vanilin\u00eb<\/p>\n<div class=\"expander_title___5Kmz\"><strong>Si t\u00eb p\u00ebrdoren?<\/strong><\/div>\n<div class=\"expander_content__dB5dn\">\n<div class=\"expander_innerNoScroll__2BEp8\">\n<div class=\"richtext_richText__EPidn\">\n<p>Aplikoni nj\u00eb ose dy pompa n\u00eb flok\u00eb t\u00eb lagur ose t\u00eb that\u00eb. Stiloni sipas d\u00ebshir\u00ebs.<\/p>\n<\/div>\n<\/div>\n<\/div>\n<\/div>\n<\/div>\n<\/div>","protected":false},"excerpt":{"rendered":"<p>Jepini flokut tuaj nj\u00eb pamje t\u00eb plot\u00eb me krem-xhel super t\u00eb koncentruar Vital Nutrition Power Plump, trajtim pa shplarje dhe hidratues, i projektuar p\u00ebr t\u00eb mbushur boshll\u00ebqet n\u00eb fibrat e flokut, p\u00ebr t\u00eb ruajtur hidratimin dhe p\u00ebr t\u00eb l\u00ebmuar kutikul\u00ebn. E p\u00ebrsosur p\u00ebr flok\u00eb t\u00eb that\u00eb, t\u00eb d\u00ebmtuar ose t\u00eb trajtuar kimikisht, kjo formul\u00eb e p\u00ebrparuar balancon porozitetin, duke e b\u00ebr\u00eb flokun m\u00eb elastik, m\u00eb t\u00eb leht\u00eb p\u00ebr t\u2019u menaxhuar dhe duksh\u00ebm m\u00eb t\u00eb sh\u00ebndetsh\u00ebm.<\/p>","protected":false},"featured_media":1051,"comment_status":"open","ping_status":"closed","template":"","meta":[],"product_brand":[],"product_cat":[111,92,110],"product_tag":[],"class_list":{"0":"post-1049","1":"product","2":"type-product","3":"status-publish","4":"has-post-thumbnail","6":"product_cat-cream","7":"product_cat-hair-care","8":"product_cat-leave-in-conditioner","10":"first","11":"instock","12":"shipping-taxable","13":"purchasable","14":"product-type-variable","15":"has-default-attributes"},"_links":{"self":[{"href":"https:\/\/keune.al\/sq\/wp-json\/wp\/v2\/product\/1049","targetHints":{"allow":["GET"]}}],"collection":[{"href":"https:\/\/keune.al\/sq\/wp-json\/wp\/v2\/product"}],"about":[{"href":"https:\/\/keune.al\/sq\/wp-json\/wp\/v2\/types\/product"}],"replies":[{"embeddable":true,"href":"https:\/\/keune.al\/sq\/wp-json\/wp\/v2\/comments?post=1049"}],"wp:featuredmedia":[{"embeddable":true,"href":"https:\/\/keune.al\/sq\/wp-json\/wp\/v2\/media\/1051"}],"wp:attachment":[{"href":"https:\/\/keune.al\/sq\/wp-json\/wp\/v2\/media?parent=1049"}],"wp:term":[{"taxonomy":"product_brand","embeddable":true,"href":"https:\/\/keune.al\/sq\/wp-json\/wp\/v2\/product_brand?post=1049"},{"taxonomy":"product_cat","embeddable":true,"href":"https:\/\/keune.al\/sq\/wp-json\/wp\/v2\/product_cat?post=1049"},{"taxonomy":"product_tag","embeddable":true,"href":"https:\/\/keune.al\/sq\/wp-json\/wp\/v2\/product_tag?post=1049"}],"curies":[{"name":"wp","href":"https:\/\/api.w.org\/{rel}","templated":true}]}}