{"id":1045,"date":"2025-09-21T05:52:01","date_gmt":"2025-09-21T05:52:01","guid":{"rendered":"https:\/\/keune.al\/?post_type=product&#038;p=1045"},"modified":"2025-11-22T18:32:31","modified_gmt":"2025-11-22T18:32:31","slug":"confident-curl-leave-in-wavy-300ml","status":"publish","type":"product","link":"https:\/\/keune.al\/sq\/produkt\/confident-curl-leave-in-wavy-300ml\/","title":{"rendered":"Ka\u00e7urrela Confidente me onde pa shp\u00eblarje"},"content":{"rendered":"<div class=\"expander_title___5Kmz\"><strong>P\u00ebrb\u00ebr\u00ebsit<\/strong><\/div>\n<div class=\"expander_content__dB5dn\">\n<div class=\"expander_innerNoScroll__2BEp8\">\n<div class=\"richtext_richText__EPidn\">\n<p>Uj\u00eb (Uj\u00eb), Etilheksil Olivat i Hidrogjenizuar, Estere Glicereth-8 t\u00eb Vajit t\u00eb Kokosit, Propilen Glikol, Poliakrilamid, Polikuaternium-4, Vaj Ricini i Hidrogjenizuar PEG-40, Izoparafin\u00eb C13-14, Glicerin\u00eb, Klorur Cetrimonium, Polikuaternium-72, Parfum (Arom\u00eb), Polikuaternium-11, Benzoat Natriumi, L\u00ebnd\u00eb t\u00eb Papapunizueshme t\u00eb Vajit t\u00eb Ullirit t\u00eb Hidrogjenizuar, Dipropilen Glikol, Laureth-7, Acid Citrik, Ekstrakt i Far\u00ebs s\u00eb Linit (Linum Usitatissimum), Fenoksietanol, Ekstrakt i Far\u00ebs s\u00eb Salvia Hispanica, Kaprilil Glikol, Acetum (Uthull), Ekstrakt i Frutit t\u00eb Pyrus Malus (Moll\u00ebs), Ekstrakt i Far\u00ebs s\u00eb Amaranthus Caudatus, Alkool Benzilik, Acid Kaprilik, Ksilitol, Sukroz\u00eb, Sorbat Kaliumi, Acid Sorbik, Acetil Cedren, Acetil Fenetil Acetat, Acetat Izoeugenil, Pelargonium Vaj Lulesh Graveolens, Tetrametil Acetiloktahidronaftalene.<\/p>\n<div class=\"expander_title___5Kmz\"><strong>Si t\u00eb p\u00ebrdoren?<\/strong><\/div>\n<div class=\"expander_content__dB5dn\">\n<div class=\"expander_innerNoScroll__2BEp8\">\n<div class=\"richtext_richText__EPidn\">\n<p>Aplikojeni n\u00eb flok\u00eb t\u00eb lagur, sigurohuni q\u00eb flok\u00ebt t\u00eb jen\u00eb t\u00eb mbuluara me krem. Mos e shp\u00eblani. L\u00ebrini flok\u00ebt t\u00eb thahen n\u00eb aj\u00ebr t\u00eb past\u00ebr ose stilojini me thar\u00ebse flok\u00ebsh ose difuzor. Mund t\u00eb p\u00ebrdoret n\u00eb flok\u00eb t\u00eb that\u00eb p\u00ebr m\u00eb shum\u00eb lag\u00ebshti.<\/p>\n<\/div>\n<\/div>\n<\/div>\n<\/div>\n<\/div>\n<\/div>","protected":false},"excerpt":{"rendered":"<p>P\u00ebrqafoni val\u00ebt tuaja me Confident Curl Leave-in Wavy, nj\u00eb krem \u200b\u200bt\u00eb leht\u00eb pa shp\u00eblarje, i cili zbut dhe mbron nga ka\u00e7urrelat dhe lag\u00ebshtia pa i r\u00ebnduar ato.<\/p>","protected":false},"featured_media":1047,"comment_status":"open","ping_status":"closed","template":"","meta":[],"product_brand":[],"product_cat":[111,92,110],"product_tag":[],"class_list":{"0":"post-1045","1":"product","2":"type-product","3":"status-publish","4":"has-post-thumbnail","6":"product_cat-cream","7":"product_cat-hair-care","8":"product_cat-leave-in-conditioner","10":"first","11":"instock","12":"shipping-taxable","13":"purchasable","14":"product-type-variable","15":"has-default-attributes"},"_links":{"self":[{"href":"https:\/\/keune.al\/sq\/wp-json\/wp\/v2\/product\/1045","targetHints":{"allow":["GET"]}}],"collection":[{"href":"https:\/\/keune.al\/sq\/wp-json\/wp\/v2\/product"}],"about":[{"href":"https:\/\/keune.al\/sq\/wp-json\/wp\/v2\/types\/product"}],"replies":[{"embeddable":true,"href":"https:\/\/keune.al\/sq\/wp-json\/wp\/v2\/comments?post=1045"}],"wp:featuredmedia":[{"embeddable":true,"href":"https:\/\/keune.al\/sq\/wp-json\/wp\/v2\/media\/1047"}],"wp:attachment":[{"href":"https:\/\/keune.al\/sq\/wp-json\/wp\/v2\/media?parent=1045"}],"wp:term":[{"taxonomy":"product_brand","embeddable":true,"href":"https:\/\/keune.al\/sq\/wp-json\/wp\/v2\/product_brand?post=1045"},{"taxonomy":"product_cat","embeddable":true,"href":"https:\/\/keune.al\/sq\/wp-json\/wp\/v2\/product_cat?post=1045"},{"taxonomy":"product_tag","embeddable":true,"href":"https:\/\/keune.al\/sq\/wp-json\/wp\/v2\/product_tag?post=1045"}],"curies":[{"name":"wp","href":"https:\/\/api.w.org\/{rel}","templated":true}]}}