{"id":1039,"date":"2025-09-21T02:45:56","date_gmt":"2025-09-21T02:45:56","guid":{"rendered":"https:\/\/keune.al\/?post_type=product&#038;p=1039"},"modified":"2025-11-22T18:39:55","modified_gmt":"2025-11-22T18:39:55","slug":"radiant-gloss-illume-infusion-1000ml","status":"publish","type":"product","link":"https:\/\/keune.al\/sq\/produkt\/radiant-gloss-illume-infusion-1000ml\/","title":{"rendered":"Radiant Gloss Illume Infusion"},"content":{"rendered":"<div class=\"expander_title___5Kmz\"><strong>P\u00ebrb\u00ebr\u00ebsit<\/strong><\/div>\n<div class=\"expander_content__dB5dn\">\n<div class=\"expander_innerNoScroll__2BEp8\">\n<div class=\"richtext_richText__EPidn\">\n<p>Dimetikon, Trisiloksan, Dimetikonol, Triolein\u00eb, Vaj Farash Adansonia Digitata, Ekstrakt Farash Helianthus Annuus (Luledielli), Parfum (Arom\u00eb), Acetat Tokoferili, Dipropilen Glikol, Ekstrakt Lule Dendrobium Phalaenopsis, Tokoferol, CI 47000 (E Verdh\u00eb 11), CI 26100 (E Kuqe 17), Vaj L\u00ebkure Citrus Limon (Limoni), Heksil Cinamal, Limonene, Linalool, Acetat Linalil, Pinene, Tetrametil Acetiloktahidronaftalene<\/p>\n<div class=\"expander_title___5Kmz\"><strong>Si t\u00eb p\u00ebrdoren?<\/strong><\/div>\n<div class=\"expander_content__dB5dn\">\n<div class=\"expander_innerNoScroll__2BEp8\">\n<div class=\"richtext_richText__EPidn\">\n<p>Aplikoni disa pika n\u00eb flok\u00eb t\u00eb lagur ose t\u00eb that\u00eb dhe l\u00ebreni t\u00eb veproj\u00eb. P\u00ebr ushqim dhe shk\u00eblqim m\u00eb intensiv, p\u00ebrzieni nj\u00eb sasi t\u00eb vog\u00ebl t\u00eb Illume Infusion me \u00e7do balsam ose mask\u00eb Care.<\/p>\n<\/div>\n<\/div>\n<\/div>\n<\/div>\n<\/div>\n<\/div>","protected":false},"excerpt":{"rendered":"<p>Pika t\u00eb \u00e7muara vaji ndri\u00e7uese dhe sublimuese shk\u00eblqimi, Radiant Gloss Illume Infusion \u00ebsht\u00eb nj\u00eb formul\u00eb e leht\u00eb dhe e but\u00eb, e projektuar p\u00ebr t\u00eb rritur shk\u00eblqimin, p\u00ebr t\u00eb zbutur ka\u00e7urrelat dhe p\u00ebr t\u00eb dh\u00ebn\u00eb nj\u00eb p\u00ebrfundim rrezatues q\u00eb reflekton drit\u00ebn. I pasuruar me p\u00ebrb\u00ebr\u00ebs ushqyes, ai menj\u00ebher\u00eb rrit shk\u00eblqimin duke e mbajtur flokun t\u00eb but\u00eb, pa elektrizim dhe t\u00eb l\u00ebmuar gjat\u00eb gjith\u00eb koh\u00ebs.<\/p>","protected":false},"featured_media":1043,"comment_status":"open","ping_status":"closed","template":"","meta":[],"product_brand":[],"product_cat":[92,112],"product_tag":[],"class_list":{"0":"post-1039","1":"product","2":"type-product","3":"status-publish","4":"has-post-thumbnail","6":"product_cat-hair-care","7":"product_cat-oil","9":"first","10":"instock","11":"shipping-taxable","12":"purchasable","13":"product-type-variable","14":"has-default-attributes"},"_links":{"self":[{"href":"https:\/\/keune.al\/sq\/wp-json\/wp\/v2\/product\/1039","targetHints":{"allow":["GET"]}}],"collection":[{"href":"https:\/\/keune.al\/sq\/wp-json\/wp\/v2\/product"}],"about":[{"href":"https:\/\/keune.al\/sq\/wp-json\/wp\/v2\/types\/product"}],"replies":[{"embeddable":true,"href":"https:\/\/keune.al\/sq\/wp-json\/wp\/v2\/comments?post=1039"}],"wp:featuredmedia":[{"embeddable":true,"href":"https:\/\/keune.al\/sq\/wp-json\/wp\/v2\/media\/1043"}],"wp:attachment":[{"href":"https:\/\/keune.al\/sq\/wp-json\/wp\/v2\/media?parent=1039"}],"wp:term":[{"taxonomy":"product_brand","embeddable":true,"href":"https:\/\/keune.al\/sq\/wp-json\/wp\/v2\/product_brand?post=1039"},{"taxonomy":"product_cat","embeddable":true,"href":"https:\/\/keune.al\/sq\/wp-json\/wp\/v2\/product_cat?post=1039"},{"taxonomy":"product_tag","embeddable":true,"href":"https:\/\/keune.al\/sq\/wp-json\/wp\/v2\/product_tag?post=1039"}],"curies":[{"name":"wp","href":"https:\/\/api.w.org\/{rel}","templated":true}]}}