{"id":1037,"date":"2025-09-21T02:39:27","date_gmt":"2025-09-21T02:39:27","guid":{"rendered":"https:\/\/keune.al\/?post_type=product&#038;p=1037"},"modified":"2025-11-22T18:50:44","modified_gmt":"2025-11-22T18:50:44","slug":"1922-by-j-m-keune-fortifying-lotion-75ml","status":"publish","type":"product","link":"https:\/\/keune.al\/sq\/produkt\/1922-by-j-m-keune-fortifying-lotion-75ml\/","title":{"rendered":"1922 Nga JM Keune Locion Fortifikues"},"content":{"rendered":"<div class=\"expander_title___5Kmz\"><strong>P\u00ebrb\u00ebr\u00ebsit<\/strong><\/div>\n<div class=\"expander_content__dB5dn\">\n<div class=\"expander_innerNoScroll__2BEp8\">\n<div class=\"richtext_richText__EPidn\">\n<p>Aqua (Water), Alcohol Denat., Butylene Glycol, Glycerin, Lecithin, Hydrolyzed Soy Protein, PEG-40 Hydrogenated Castor Oil, Sodium Benzoate, Parfum (Fragrance), Caffeine, Dipropylene Glycol, 3-Aminopropane Sulfonic Acid, Sodium Chondroitin Sulfate, Citric Acid, Creatine, Panax Ginseng Root Extract, Biotin, Quaternium-51, Triethyl Citrate, Coumarin, Limonene, Linalool.<\/p>\n<div class=\"expander_title___5Kmz\"><strong>Si t\u00eb p\u00ebrdoren?<\/strong><\/div>\n<div class=\"expander_content__dB5dn\">\n<div class=\"expander_innerNoScroll__2BEp8\">\n<div class=\"richtext_richText__EPidn\">\n<p>Wash hair with Fortifying Shampoo, towel dry, then gently massage Fortifying Lotion into scalp. No rinsing, this is a leave-in treatment. For a fortifying treatment, use 3-4 times per week for 11 weeks. Then maintain by using 2-3 times per week.<\/p>\n<\/div>\n<\/div>\n<\/div>\n<\/div>\n<\/div>\n<\/div>","protected":false},"excerpt":{"rendered":"<p>We put our many decades of experience and scientific expertise into creating a leave-in lotion that actually extends the lifecycle of hair. Fortifying Lotion from 1922 by J.M. Keune is a powerhouse for hair growth. Liposomes significantly increase hair growth \u2013 by 25% within just 4 days. Vitamin H (biotin) makes hair\u2019s structure stronger, so hair doesn\u2019t easily break or fall out. Then there\u2019s red ginseng root extract to promote hair growth, stimulating eucalyptus extract &#8211; and energizing caffeine to wake up hair roots. Say farewell to delicate, fine and dull hair.<\/p>","protected":false},"featured_media":1038,"comment_status":"open","ping_status":"closed","template":"","meta":[],"product_brand":[],"product_cat":[92,113],"product_tag":[],"class_list":{"0":"post-1037","1":"product","2":"type-product","3":"status-publish","4":"has-post-thumbnail","6":"product_cat-hair-care","7":"product_cat-lotion","9":"first","10":"instock","11":"shipping-taxable","12":"purchasable","13":"product-type-variable","14":"has-default-attributes"},"_links":{"self":[{"href":"https:\/\/keune.al\/sq\/wp-json\/wp\/v2\/product\/1037","targetHints":{"allow":["GET"]}}],"collection":[{"href":"https:\/\/keune.al\/sq\/wp-json\/wp\/v2\/product"}],"about":[{"href":"https:\/\/keune.al\/sq\/wp-json\/wp\/v2\/types\/product"}],"replies":[{"embeddable":true,"href":"https:\/\/keune.al\/sq\/wp-json\/wp\/v2\/comments?post=1037"}],"wp:featuredmedia":[{"embeddable":true,"href":"https:\/\/keune.al\/sq\/wp-json\/wp\/v2\/media\/1038"}],"wp:attachment":[{"href":"https:\/\/keune.al\/sq\/wp-json\/wp\/v2\/media?parent=1037"}],"wp:term":[{"taxonomy":"product_brand","embeddable":true,"href":"https:\/\/keune.al\/sq\/wp-json\/wp\/v2\/product_brand?post=1037"},{"taxonomy":"product_cat","embeddable":true,"href":"https:\/\/keune.al\/sq\/wp-json\/wp\/v2\/product_cat?post=1037"},{"taxonomy":"product_tag","embeddable":true,"href":"https:\/\/keune.al\/sq\/wp-json\/wp\/v2\/product_tag?post=1037"}],"curies":[{"name":"wp","href":"https:\/\/api.w.org\/{rel}","templated":true}]}}