{"id":1032,"date":"2025-09-21T02:34:55","date_gmt":"2025-09-21T02:34:55","guid":{"rendered":"https:\/\/keune.al\/?post_type=product&#038;p=1032"},"modified":"2025-11-22T18:58:51","modified_gmt":"2025-11-22T18:58:51","slug":"the-royal-tribute-hair-serum-50ml","status":"publish","type":"product","link":"https:\/\/keune.al\/sq\/produkt\/the-royal-tribute-hair-serum-50ml\/","title":{"rendered":"The Royal Tribute Hair Serum 50ml"},"content":{"rendered":"<div class=\"expander_title___5Kmz\"><strong>P\u00ebrb\u00ebr\u00ebsit<\/strong><\/div>\n<div class=\"expander_content__dB5dn\">\n<div class=\"expander_innerNoScroll__2BEp8\">\n<div class=\"richtext_richText__EPidn\">\n<p>Dimetikon, Trisiloksan, Dimetikonol, Parfum (Arom\u00eb), Triacetin\u00eb, Acetat Tokoferili, CI 47000 (E Verdh\u00eb 11), CI 26100 (E Kuqe 17), Acetil Cedren, Citronelol, Vaj L\u00ebkure Agrume, Eugenol, Geraniol, Limonene, Linalool, Vaj Pogostemon Cablin, Tetrametil Acetiloktahidronaftalene, Vanilin\u00eb.<\/p>\n<div class=\"expander_title___5Kmz\"><strong>Si t\u00eb p\u00ebrdoren?<\/strong><\/div>\n<div class=\"expander_content__dB5dn\">\n<div class=\"expander_innerNoScroll__2BEp8\">\n<div class=\"richtext_richText__EPidn\">\n<p>Aplikoni disa pika n\u00eb flok\u00eb t\u00eb lagur ose t\u00eb that\u00eb p\u00ebr t\u00eb ushqyer dhe zbutur flokun. P\u00ebrzieni disa pika n\u00eb rutin\u00ebn tuaj t\u00eb Kujdesit ose Stilimit ose shtojeni n\u00eb trajtimin tuaj t\u00eb Lyerjes p\u00ebr ushqim shtes\u00eb.<\/p>\n<\/div>\n<\/div>\n<\/div>\n<\/div>\n<\/div>\n<\/div>","protected":false},"excerpt":{"rendered":"<p>Nj\u00eb serum luksoz p\u00ebr flokun dhe shum\u00ebfunksional, i pasuruar me nj\u00eb arom\u00eb t\u00eb frym\u00ebzuar nga tulipani. Serumi i flokut Royal Tribute me vitamin\u00eb E nxit sh\u00ebndetin e flokut, i zbut dhe e ushqen at\u00eb duke i dh\u00ebn\u00eb nj\u00eb shk\u00eblqim t\u00eb lakmuesh\u00ebm.<\/p>\n<p>Nj\u00eb serum shum\u00ebfunksional p\u00ebr flokun q\u00eb mund t\u00eb integrohet n\u00eb rutin\u00ebn tuaj t\u00eb lyerjes s\u00eb flokut, kujdesit ose stilimit Keune. P\u00ebrmban vitamin\u00eb E, e cila mbron flokun nga ndikimet e jashtme dhe nxit sh\u00ebndetin e tij. I p\u00ebrshtatsh\u00ebm p\u00ebr t\u00eb gjitha llojet e flokut.<\/p>","protected":false},"featured_media":1035,"comment_status":"open","ping_status":"closed","template":"","meta":[],"product_brand":[],"product_cat":[92,112,99],"product_tag":[],"class_list":{"0":"post-1032","1":"product","2":"type-product","3":"status-publish","4":"has-post-thumbnail","6":"product_cat-hair-care","7":"product_cat-oil","8":"product_cat-serum","10":"first","11":"instock","12":"shipping-taxable","13":"purchasable","14":"product-type-variable","15":"has-default-attributes"},"_links":{"self":[{"href":"https:\/\/keune.al\/sq\/wp-json\/wp\/v2\/product\/1032","targetHints":{"allow":["GET"]}}],"collection":[{"href":"https:\/\/keune.al\/sq\/wp-json\/wp\/v2\/product"}],"about":[{"href":"https:\/\/keune.al\/sq\/wp-json\/wp\/v2\/types\/product"}],"replies":[{"embeddable":true,"href":"https:\/\/keune.al\/sq\/wp-json\/wp\/v2\/comments?post=1032"}],"wp:featuredmedia":[{"embeddable":true,"href":"https:\/\/keune.al\/sq\/wp-json\/wp\/v2\/media\/1035"}],"wp:attachment":[{"href":"https:\/\/keune.al\/sq\/wp-json\/wp\/v2\/media?parent=1032"}],"wp:term":[{"taxonomy":"product_brand","embeddable":true,"href":"https:\/\/keune.al\/sq\/wp-json\/wp\/v2\/product_brand?post=1032"},{"taxonomy":"product_cat","embeddable":true,"href":"https:\/\/keune.al\/sq\/wp-json\/wp\/v2\/product_cat?post=1032"},{"taxonomy":"product_tag","embeddable":true,"href":"https:\/\/keune.al\/sq\/wp-json\/wp\/v2\/product_tag?post=1032"}],"curies":[{"name":"wp","href":"https:\/\/api.w.org\/{rel}","templated":true}]}}