{"id":1026,"date":"2025-09-21T02:30:18","date_gmt":"2025-09-21T02:30:18","guid":{"rendered":"https:\/\/keune.al\/?post_type=product&#038;p=1026"},"modified":"2025-11-22T18:54:25","modified_gmt":"2025-11-22T18:54:25","slug":"velvet-smooth-silkening-polish-45ml","status":"publish","type":"product","link":"https:\/\/keune.al\/sq\/produkt\/velvet-smooth-silkening-polish-45ml\/","title":{"rendered":"Care Velvet Smooth Silkening Polish 45ml"},"content":{"rendered":"<div class=\"expander_title___5Kmz\"><strong>P\u00ebrb\u00ebr\u00ebsit<\/strong><\/div>\n<div class=\"expander_content__dB5dn\">\n<div class=\"expander_innerNoScroll__2BEp8\">\n<div class=\"richtext_richText__EPidn\">\n<p>Uj\u00eb (Uj\u00eb), Dimetikon, Trisiloksan, Propilen Glikol, Poliakrilamid, Dimetikonol, Izoparafin\u00eb C13-14, Polikuaternium-69, Benzoat Natriumi, Kopolimer VP\/VA, Parfum (Arom\u00eb), Dipropilen Glikol, Vaj Ricini i Hidrogjenizuar PEG-40, Alkool Denat., Etosulfat Izoalkilamidopropiletildimoniumi C10-40, Protein\u00eb Bimore e Hidrolizuar, Laureth-7, Mik\u00eb, Fosfat Cetil Polisilikon-18, Dioksid Titaniumi CI 77891, Acid Citrik, Glicerin\u00eb, Ekstrakt Luleje Spathodea Campanulata, Sorbat Kaliumi, Acid Sorbik, Alfa-Izometil Ionon, Citronelol, Vaj L\u00ebkure Agrume, Acetat Dimetil Fenetil, Acetat Geranil, Heksil Cinamal, Limonene, Linalool, Linalil Acetat, Pinen, Tetrametil Acetiloktahidronaftalene, Trimetilbenzenpropanol, Vanilin\u00eb<\/p>\n<div class=\"expander_title___5Kmz\"><strong>Si t\u00eb p\u00ebrdoren?<\/strong><\/div>\n<div class=\"expander_content__dB5dn\">\n<div class=\"expander_innerNoScroll__2BEp8\">\n<div class=\"richtext_richText__EPidn\">\n<p>Aplikoni disa pompa n\u00eb flok\u00eb t\u00eb lagur ose t\u00eb that\u00eb dhe stiloni sipas d\u00ebshir\u00ebs.<\/p>\n<\/div>\n<\/div>\n<\/div>\n<\/div>\n<\/div>\n<\/div>","protected":false},"excerpt":{"rendered":"<p>Shtoni prekjen perfekte p\u00ebrfundimtare me Velvet Smooth Silkening Polish, nj\u00eb serum i leht\u00eb q\u00eb rrit shk\u00eblqimin, q\u00eb zbut ka\u00e7urrelat, eleminon elektrizimin dhe e l\u00eb flokun me nj\u00eb p\u00ebrfundim t\u00eb shndritsh\u00ebm dhe t\u00eb but\u00eb si m\u00ebndafsh. Duke vepruar menj\u00ebher\u00eb p\u00ebr t\u00eb mbyllur kutikul\u00ebn, p\u00ebr t\u00eb rritur shk\u00eblqimin dhe p\u00ebr t\u00eb siguruar kontroll afatgjat\u00eb t\u00eb elektrizimit, p\u00ebr stile t\u00eb pastra dhe t\u00eb l\u00ebmuara me ose pa nxeht\u00ebsi.<\/p>","protected":false},"featured_media":1031,"comment_status":"open","ping_status":"closed","template":"","meta":[],"product_brand":[],"product_cat":[92,99],"product_tag":[],"class_list":{"0":"post-1026","1":"product","2":"type-product","3":"status-publish","4":"has-post-thumbnail","6":"product_cat-hair-care","7":"product_cat-serum","9":"first","10":"instock","11":"shipping-taxable","12":"purchasable","13":"product-type-variable","14":"has-default-attributes"},"_links":{"self":[{"href":"https:\/\/keune.al\/sq\/wp-json\/wp\/v2\/product\/1026","targetHints":{"allow":["GET"]}}],"collection":[{"href":"https:\/\/keune.al\/sq\/wp-json\/wp\/v2\/product"}],"about":[{"href":"https:\/\/keune.al\/sq\/wp-json\/wp\/v2\/types\/product"}],"replies":[{"embeddable":true,"href":"https:\/\/keune.al\/sq\/wp-json\/wp\/v2\/comments?post=1026"}],"wp:featuredmedia":[{"embeddable":true,"href":"https:\/\/keune.al\/sq\/wp-json\/wp\/v2\/media\/1031"}],"wp:attachment":[{"href":"https:\/\/keune.al\/sq\/wp-json\/wp\/v2\/media?parent=1026"}],"wp:term":[{"taxonomy":"product_brand","embeddable":true,"href":"https:\/\/keune.al\/sq\/wp-json\/wp\/v2\/product_brand?post=1026"},{"taxonomy":"product_cat","embeddable":true,"href":"https:\/\/keune.al\/sq\/wp-json\/wp\/v2\/product_cat?post=1026"},{"taxonomy":"product_tag","embeddable":true,"href":"https:\/\/keune.al\/sq\/wp-json\/wp\/v2\/product_tag?post=1026"}],"curies":[{"name":"wp","href":"https:\/\/api.w.org\/{rel}","templated":true}]}}