{"id":1024,"date":"2025-09-21T02:28:45","date_gmt":"2025-09-21T02:28:45","guid":{"rendered":"https:\/\/keune.al\/?post_type=product&#038;p=1024"},"modified":"2025-11-22T18:59:45","modified_gmt":"2025-11-22T18:59:45","slug":"smooth-operator-30ml","status":"publish","type":"product","link":"https:\/\/keune.al\/sq\/produkt\/smooth-operator-30ml\/","title":{"rendered":"Smooth Operator"},"content":{"rendered":"<div class=\"expander_title___5Kmz\"><strong>P\u00ebrb\u00ebr\u00ebsit<\/strong><\/div>\n<div class=\"expander_content__dB5dn\">\n<div class=\"expander_innerNoScroll__2BEp8\">\n<div class=\"richtext_richText__EPidn\">\n<p>Dimetikon, Trisiloksan, Dimetikonol, Parfum (Arom\u00eb), Dipropilen Glikol, Acetat Tokoferil, Uj\u00eb (Aqua), Protein\u00eb Bimore e Hidrolizuar PG-Propil Silanetriol, Fenoksietanol, Sorbat Kaliumi, Trimetilbenzenpropanol.<\/p>\n<div class=\"expander_title___5Kmz\"><strong>Si t\u00eb p\u00ebrdoren?<\/strong><\/div>\n<div class=\"expander_content__dB5dn\">\n<div class=\"expander_innerNoScroll__2BEp8\">\n<div class=\"richtext_richText__EPidn\">\n<p>F\u00ebrkoni nj\u00eb sasi t\u00eb vog\u00ebl n\u00eb duar (ju duhet shum\u00eb pak) dhe shp\u00ebrndajeni n\u00eb flok\u00eb t\u00eb lagur ose t\u00eb that\u00eb.<\/p>\n<\/div>\n<\/div>\n<\/div>\n<\/div>\n<\/div>\n<\/div>","protected":false},"excerpt":{"rendered":"<p>Njihuni me serumin ton\u00eb zbut\u00ebs t\u00eb flokut. Smooth Operator \u2013 nj\u00eb formul\u00eb ushqyese dhe pa pesh\u00eb, e projektuar p\u00ebr t\u00eb luftuar elektrizimin dhe p\u00ebr t\u00eb rritur shk\u00eblqimin deri n\u00eb 89%*.<\/p>\n<p>I pasuruar me vitamin\u00eb E dhe proteina me baz\u00eb bimore, ai ushqen dhe mbron flokun. Ky serum l\u00ebmon fijet e elektrizuara t\u00eb flokut, zbut fijet e padisiplinuara t\u00eb flokut dhe i lustron ato duke iu dh\u00ebn\u00eb deri n\u00eb 89%* m\u00eb shum\u00eb shk\u00eblqim.<\/p>\n<p>I p\u00ebrshtatsh\u00ebm p\u00ebr t\u00eb gjitha gjat\u00ebsit\u00eb dhe llojet e flokut, gjithashtu p\u00ebrmban antioksidant\u00eb natyral\u00eb q\u00eb ndihmojn\u00eb n\u00eb mbrojtjen e flokut nga faktor\u00ebt e jasht\u00ebm stresues.<\/p>\n<p>Smooth Operator \u00ebsht\u00eb versioni i p\u00ebrmir\u00ebsuar i Defrizz Serum.<\/p>\n<h5>*Test instrumental<\/h5>","protected":false},"featured_media":1025,"comment_status":"open","ping_status":"closed","template":"","meta":[],"product_brand":[],"product_cat":[92,112,99],"product_tag":[],"class_list":{"0":"post-1024","1":"product","2":"type-product","3":"status-publish","4":"has-post-thumbnail","6":"product_cat-hair-care","7":"product_cat-oil","8":"product_cat-serum","10":"first","11":"instock","12":"shipping-taxable","13":"purchasable","14":"product-type-variable","15":"has-default-attributes"},"_links":{"self":[{"href":"https:\/\/keune.al\/sq\/wp-json\/wp\/v2\/product\/1024","targetHints":{"allow":["GET"]}}],"collection":[{"href":"https:\/\/keune.al\/sq\/wp-json\/wp\/v2\/product"}],"about":[{"href":"https:\/\/keune.al\/sq\/wp-json\/wp\/v2\/types\/product"}],"replies":[{"embeddable":true,"href":"https:\/\/keune.al\/sq\/wp-json\/wp\/v2\/comments?post=1024"}],"wp:featuredmedia":[{"embeddable":true,"href":"https:\/\/keune.al\/sq\/wp-json\/wp\/v2\/media\/1025"}],"wp:attachment":[{"href":"https:\/\/keune.al\/sq\/wp-json\/wp\/v2\/media?parent=1024"}],"wp:term":[{"taxonomy":"product_brand","embeddable":true,"href":"https:\/\/keune.al\/sq\/wp-json\/wp\/v2\/product_brand?post=1024"},{"taxonomy":"product_cat","embeddable":true,"href":"https:\/\/keune.al\/sq\/wp-json\/wp\/v2\/product_cat?post=1024"},{"taxonomy":"product_tag","embeddable":true,"href":"https:\/\/keune.al\/sq\/wp-json\/wp\/v2\/product_tag?post=1024"}],"curies":[{"name":"wp","href":"https:\/\/api.w.org\/{rel}","templated":true}]}}