{"id":1021,"date":"2025-09-21T02:28:25","date_gmt":"2025-09-21T02:28:25","guid":{"rendered":"https:\/\/keune.al\/?post_type=product&#038;p=1021"},"modified":"2025-11-22T18:57:34","modified_gmt":"2025-11-22T18:57:34","slug":"scalp-sensitive-serum-50ml","status":"publish","type":"product","link":"https:\/\/keune.al\/sq\/produkt\/scalp-sensitive-serum-50ml\/","title":{"rendered":"Scalp Sensitive Serum 50ml"},"content":{"rendered":"<div class=\"expander_title___5Kmz\"><strong>P\u00ebrb\u00ebr\u00ebsit<\/strong><\/div>\n<div class=\"expander_content__dB5dn\">\n<div class=\"expander_innerNoScroll__2BEp8\">\n<div class=\"richtext_richText__EPidn\">\n<p>Uj\u00eb (Aqua), Glicerin\u00eb, Trideceth-9, Vaj ricini i hidrogjenizuar PEG-40, Inulin, Izononanoat PEG-5, Bisabolol, Pantenol, Benzoat Natriumi, Gom\u00eb Ksantan, Allantoin\u00eb, Acid Citrik.<\/p>\n<div class=\"expander_title___5Kmz\"><strong>Si t\u00eb p\u00ebrdoren?<\/strong><\/div>\n<div class=\"expander_content__dB5dn\">\n<div class=\"expander_innerNoScroll__2BEp8\">\n<div class=\"richtext_richText__EPidn\">\n<p>Pastrojeni me kujdes shampon dhe balsamin p\u00ebr l\u00ebkur\u00eb t\u00eb ndjeshme t\u00eb kok\u00ebs. Thajeni me peshqir dhe aplikojeni n\u00eb l\u00ebkur\u00ebn e kok\u00ebs pjes\u00eb pas pjese. Masazhojeni but\u00ebsisht. Mos e shp\u00eblani.<\/p>\n<\/div>\n<\/div>\n<\/div>\n<\/div>\n<\/div>\n<\/div>","protected":false},"excerpt":{"rendered":"<p>Qet\u00ebsoni dhe mbroni skalpin tuaj me Serumin Qet\u00ebsues, nj\u00eb formul\u00eb e leht\u00eb dhe q\u00eb p\u00ebrthithet shpejt, e projektuar p\u00ebr t\u00eb qet\u00ebsuar irritimet, p\u00ebr t\u00eb zvog\u00ebluar skuqjen dhe p\u00ebr t\u00eb rivendosur ekuilibrin edhe n\u00eb skalpin m\u00eb t\u00eb ndjesh\u00ebm. I formuluar pa arom\u00eb ose p\u00ebrb\u00ebr\u00ebs t\u00eb ashp\u00ebr, ky serum i synuar ofron leht\u00ebsim t\u00eb menj\u00ebhersh\u00ebm dhe rehati afatgjat\u00eb, duke ndihmuar n\u00eb forcimin e barrier\u00ebs natyrore t\u00eb skalpit dhe duke mb\u00ebshtetur sh\u00ebndetin e p\u00ebrgjithsh\u00ebm t\u00eb skalpit.<\/p>","protected":false},"featured_media":1023,"comment_status":"open","ping_status":"closed","template":"","meta":[],"product_brand":[],"product_cat":[92,99],"product_tag":[],"class_list":{"0":"post-1021","1":"product","2":"type-product","3":"status-publish","4":"has-post-thumbnail","6":"product_cat-hair-care","7":"product_cat-serum","9":"first","10":"instock","11":"shipping-taxable","12":"purchasable","13":"product-type-variable","14":"has-default-attributes"},"_links":{"self":[{"href":"https:\/\/keune.al\/sq\/wp-json\/wp\/v2\/product\/1021","targetHints":{"allow":["GET"]}}],"collection":[{"href":"https:\/\/keune.al\/sq\/wp-json\/wp\/v2\/product"}],"about":[{"href":"https:\/\/keune.al\/sq\/wp-json\/wp\/v2\/types\/product"}],"replies":[{"embeddable":true,"href":"https:\/\/keune.al\/sq\/wp-json\/wp\/v2\/comments?post=1021"}],"wp:featuredmedia":[{"embeddable":true,"href":"https:\/\/keune.al\/sq\/wp-json\/wp\/v2\/media\/1023"}],"wp:attachment":[{"href":"https:\/\/keune.al\/sq\/wp-json\/wp\/v2\/media?parent=1021"}],"wp:term":[{"taxonomy":"product_brand","embeddable":true,"href":"https:\/\/keune.al\/sq\/wp-json\/wp\/v2\/product_brand?post=1021"},{"taxonomy":"product_cat","embeddable":true,"href":"https:\/\/keune.al\/sq\/wp-json\/wp\/v2\/product_cat?post=1021"},{"taxonomy":"product_tag","embeddable":true,"href":"https:\/\/keune.al\/sq\/wp-json\/wp\/v2\/product_tag?post=1021"}],"curies":[{"name":"wp","href":"https:\/\/api.w.org\/{rel}","templated":true}]}}