{"id":1013,"date":"2025-09-21T02:19:41","date_gmt":"2025-09-21T02:19:41","guid":{"rendered":"https:\/\/keune.al\/?post_type=product&#038;p=1013"},"modified":"2025-11-19T15:01:23","modified_gmt":"2025-11-19T15:01:23","slug":"shampo-me-ngjyre-brillianz","status":"publish","type":"product","link":"https:\/\/keune.al\/sq\/produkt\/shampo-me-ngjyre-brillianz\/","title":{"rendered":"Color Brillianz Shampo"},"content":{"rendered":"<div class=\"expander_title___5Kmz\"><strong>P\u00ebrb\u00ebr\u00ebsit<\/strong><\/div>\n<div class=\"expander_content__dB5dn\">\n<div class=\"expander_innerNoScroll__2BEp8\">\n<div class=\"richtext_richText__EPidn\">\n<p>Uj\u00eb (Uj\u00eb), Laureth Sulfat Natriumi, Cocamidopropyl Betaine, Coco-Glucoside, Glycol Distearat, Glyceryl Laurate, PEG-200 Glyceryl Palmate Hydrogenated Natrium Chloride, Lauryl Pirolidone, Acid Citrik, Parfum (Arom\u00eb), Natrium Benzoat, Cetrimonium Chloride, Poliquaternium-10, Silicone Quaternium-22, Dipropilen Glikol, PEG-7 Glyceryl Cocoate, Poliquaternium-7, Glicerin\u00eb, Poligliceril-3 Kaprate, Butilen Glikol, Ekstrakt i Hidrolizuar i Rhodophyceae, Palmitamidopropyltrimonium Chloride, Propilen Glikol, Ekstrakt i Far\u00ebs s\u00eb Helianthus Annuus (Luledielli), Heksil Cinnamal, Tetrametil Acetiloktahidronaftalene<\/p>\n<div class=\"expander_title___5Kmz\"><strong>Si t\u00eb p\u00ebrdoren?<\/strong><\/div>\n<div class=\"expander_content__dB5dn\">\n<div class=\"expander_innerNoScroll__2BEp8\">\n<div class=\"richtext_richText__EPidn\">\n<p>Aplikoni n\u00eb flok\u00eb t\u00eb lagur, shkum\u00ebzoni dhe shplajeni. P\u00ebrs\u00ebriteni n\u00ebse \u00ebsht\u00eb e nevojshme.<\/p>\n<\/div>\n<\/div>\n<\/div>\n<\/div>\n<\/div>\n<\/div>","protected":false},"excerpt":{"rendered":"<p>Mbajeni ngjyr\u00ebn e flokut tuaj t\u00eb fresk\u00ebt dhe t\u00eb shk\u00eblqyeshme me shampon ton\u00eb kund\u00ebr zbehjes s\u00eb ngjyr\u00ebs Color Brillianz, t\u00eb formuluar posa\u00e7\u00ebrisht p\u00ebr t\u00eb pastruar but\u00ebsisht, duke ruajtur gjall\u00ebrin\u00eb e flokut t\u00eb lyer. E pasuruar me p\u00ebrb\u00ebr\u00ebs q\u00eb ruajn\u00eb ngjyr\u00ebn dhe antioksidant\u00eb, kjo formul\u00eb ndihmon n\u00eb parandalimin e zbehjes s\u00eb ngjyr\u00ebs s\u00eb flokut, rritjen e shk\u00eblqimit dhe mbrojtjen nga faktor\u00ebt stresues t\u00eb mjedisit.<\/p>","protected":false},"featured_media":1019,"comment_status":"open","ping_status":"closed","template":"","meta":[],"product_brand":[],"product_cat":[92,93],"product_tag":[],"class_list":{"0":"post-1013","1":"product","2":"type-product","3":"status-publish","4":"has-post-thumbnail","6":"product_cat-hair-care","7":"product_cat-shampoo-care","8":"pa_variant-80ml","9":"pa_variant-300ml","10":"pa_variant-1000ml","12":"first","13":"instock","14":"shipping-taxable","15":"purchasable","16":"product-type-variable","17":"has-default-attributes"},"_links":{"self":[{"href":"https:\/\/keune.al\/sq\/wp-json\/wp\/v2\/product\/1013","targetHints":{"allow":["GET"]}}],"collection":[{"href":"https:\/\/keune.al\/sq\/wp-json\/wp\/v2\/product"}],"about":[{"href":"https:\/\/keune.al\/sq\/wp-json\/wp\/v2\/types\/product"}],"replies":[{"embeddable":true,"href":"https:\/\/keune.al\/sq\/wp-json\/wp\/v2\/comments?post=1013"}],"wp:featuredmedia":[{"embeddable":true,"href":"https:\/\/keune.al\/sq\/wp-json\/wp\/v2\/media\/1019"}],"wp:attachment":[{"href":"https:\/\/keune.al\/sq\/wp-json\/wp\/v2\/media?parent=1013"}],"wp:term":[{"taxonomy":"product_brand","embeddable":true,"href":"https:\/\/keune.al\/sq\/wp-json\/wp\/v2\/product_brand?post=1013"},{"taxonomy":"product_cat","embeddable":true,"href":"https:\/\/keune.al\/sq\/wp-json\/wp\/v2\/product_cat?post=1013"},{"taxonomy":"product_tag","embeddable":true,"href":"https:\/\/keune.al\/sq\/wp-json\/wp\/v2\/product_tag?post=1013"}],"curies":[{"name":"wp","href":"https:\/\/api.w.org\/{rel}","templated":true}]}}