{"id":1000,"date":"2025-09-21T02:00:02","date_gmt":"2025-09-21T02:00:02","guid":{"rendered":"https:\/\/keune.al\/?post_type=product&#038;p=1000"},"modified":"2025-11-07T20:41:25","modified_gmt":"2025-11-07T20:41:25","slug":"shampo-me-shkelqim-rrezatues","status":"publish","type":"product","link":"https:\/\/keune.al\/sq\/produkt\/shampo-me-shkelqim-rrezatues\/","title":{"rendered":"Care Radiant Gloss Shampo"},"content":{"rendered":"","protected":false},"excerpt":{"rendered":"<p>P\u00ebrjetoni shk\u00eblqim si kurr\u00eb m\u00eb par\u00eb me shampon ton\u00eb ndri\u00e7ues Radiant Gloss. E projektuar p\u00ebr t\u00eb pastruar but\u00ebsisht duke rritur shk\u00eblqimin natyral t\u00eb flok\u00ebve tuaj, kjo formul\u00eb luksoze largon papast\u00ebrtit\u00eb, zbut kutikul\u00ebn e flok\u00ebve dhe rikthen shk\u00eblqimin p\u00ebr nj\u00eb shk\u00eblqim si pasqyr\u00eb.<\/p>\n<p>Shampoja Radiant Gloss \u00ebsht\u00eb versioni i p\u00ebrmir\u00ebsuar i shamponit me vaj saten.<\/p>","protected":false},"featured_media":1002,"comment_status":"open","ping_status":"closed","template":"","meta":[],"product_brand":[],"product_cat":[92,129,131,121,151,93],"product_tag":[],"class_list":{"0":"post-1000","1":"product","2":"type-product","3":"status-publish","4":"has-post-thumbnail","6":"product_cat-hair-care","7":"product_cat-hydration","8":"product_cat-keune-care","9":"product_cat-result","10":"product_cat-shampoo","11":"product_cat-shampoo-care","12":"pa_variant-300ml","13":"pa_variant-1000ml","15":"first","16":"instock","17":"shipping-taxable","18":"purchasable","19":"product-type-variable"},"_links":{"self":[{"href":"https:\/\/keune.al\/sq\/wp-json\/wp\/v2\/product\/1000","targetHints":{"allow":["GET"]}}],"collection":[{"href":"https:\/\/keune.al\/sq\/wp-json\/wp\/v2\/product"}],"about":[{"href":"https:\/\/keune.al\/sq\/wp-json\/wp\/v2\/types\/product"}],"replies":[{"embeddable":true,"href":"https:\/\/keune.al\/sq\/wp-json\/wp\/v2\/comments?post=1000"}],"wp:featuredmedia":[{"embeddable":true,"href":"https:\/\/keune.al\/sq\/wp-json\/wp\/v2\/media\/1002"}],"wp:attachment":[{"href":"https:\/\/keune.al\/sq\/wp-json\/wp\/v2\/media?parent=1000"}],"wp:term":[{"taxonomy":"product_brand","embeddable":true,"href":"https:\/\/keune.al\/sq\/wp-json\/wp\/v2\/product_brand?post=1000"},{"taxonomy":"product_cat","embeddable":true,"href":"https:\/\/keune.al\/sq\/wp-json\/wp\/v2\/product_cat?post=1000"},{"taxonomy":"product_tag","embeddable":true,"href":"https:\/\/keune.al\/sq\/wp-json\/wp\/v2\/product_tag?post=1000"}],"curies":[{"name":"wp","href":"https:\/\/api.w.org\/{rel}","templated":true}]}}