{"id":835,"date":"2025-09-18T04:18:56","date_gmt":"2025-09-18T04:18:56","guid":{"rendered":"https:\/\/keune.al\/?page_id=835"},"modified":"2025-09-18T04:35:30","modified_gmt":"2025-09-18T04:35:30","slug":"akademi","status":"publish","type":"page","link":"https:\/\/keune.al\/sq\/akademi\/","title":{"rendered":"Akademia"},"content":{"rendered":"<div data-elementor-type=\"wp-page\" data-elementor-id=\"835\" class=\"elementor elementor-835\">\n\t\t\t\t<div class=\"elementor-element elementor-element-62572ee e-con-full e-flex e-con e-parent\" data-id=\"62572ee\" data-element_type=\"container\" data-settings=\"{&quot;background_background&quot;:&quot;classic&quot;}\">\n\t\t\t\t<div class=\"elementor-element elementor-element-561ecc2 elementor-widget elementor-widget-text-editor\" data-id=\"561ecc2\" data-element_type=\"widget\" data-widget_type=\"text-editor.default\">\n\t\t\t\t\t\t\t\t\t<p><span class=\"hero_subtitle__fEGOp\">Ne e kuptojm\u00eb se \u00e7far\u00eb ju nevojitet p\u00ebr t\u00eb pasur sukses<\/span><\/p>\t\t\t\t\t\t\t\t<\/div>\n\t\t\t\t<div class=\"elementor-element elementor-element-5861663 elementor-widget elementor-widget-heading\" data-id=\"5861663\" data-element_type=\"widget\" data-widget_type=\"heading.default\">\n\t\t\t\t\t<h1 class=\"elementor-heading-title elementor-size-default\">Akademia Keune<\/h1>\t\t\t\t<\/div>\n\t\t\t\t<\/div>\n\t\t<div class=\"elementor-element elementor-element-f293643 e-con-full e-flex e-con e-parent\" data-id=\"f293643\" data-element_type=\"container\">\n\t\t\t\t<div class=\"elementor-element elementor-element-a7185a9 elementor-widget elementor-widget-heading\" data-id=\"a7185a9\" data-element_type=\"widget\" data-widget_type=\"heading.default\">\n\t\t\t\t\t<h2 class=\"elementor-heading-title elementor-size-default\">P\u00ebrsh\u00ebndetje, ne jemi Keune!<\/h2>\t\t\t\t<\/div>\n\t\t\t\t<div class=\"elementor-element elementor-element-7250cc5 elementor-widget elementor-widget-text-editor\" data-id=\"7250cc5\" data-element_type=\"widget\" data-widget_type=\"text-editor.default\">\n\t\t\t\t\t\t\t\t\t<div class=\"richtext_richText__EPidn titleAndText_underlyingText__lLTOV\"><p>Pavar\u00ebsisht n\u00ebse sapo keni filluar apo keni qen\u00eb parukier p\u00ebr dekada t\u00eb t\u00ebra - nj\u00eb fokus i vazhduesh\u00ebm n\u00eb arsim duhet t\u00eb jet\u00eb nj\u00eb pjes\u00eb integrale e \u00e7do salloni, n\u00eb \u00e7do vend. \u00cbsht\u00eb lidhja midis produkteve, teknikave, sh\u00ebrbimeve tona, klient\u00ebve tan\u00eb t\u00eb k\u00ebnaqur dhe t\u00eb gjith\u00ebve n\u00eb Keune, n\u00eb mbar\u00eb bot\u00ebn. Me programet tona t\u00eb trajnimit, ne synojm\u00eb t&#039;ju leht\u00ebsojm\u00eb juve, si pronar\u00eb t\u00eb sallonit, dhe t&#039;ju mb\u00ebshtesim n\u00eb zhvillimin e stafit tuaj. T\u00eb provosh gj\u00ebra t\u00eb reja dhe t\u00eb m\u00ebsosh teknika t\u00eb reja ju lejon t\u00eb lidheni dhe t\u00eb nd\u00ebrtoni nj\u00eb marr\u00ebdh\u00ebnie me klient\u00ebt tuaj.<\/p><p>Ne ofrojm\u00eb nivele t\u00eb ndryshme arsimimi p\u00ebr t\u00eb siguruar q\u00eb \u00e7do stilist t\u00eb mund t\u00eb rris\u00eb njohurit\u00eb dhe aft\u00ebsit\u00eb e tij. T\u00eb gjitha programet tona t\u00eb trajnimit jan\u00eb nj\u00eb p\u00ebrzierje teorie, aktiviteti krijues praktik dhe frym\u00ebzimi. N\u00eb k\u00ebt\u00eb m\u00ebnyr\u00eb, \u00e7do seanc\u00eb \u00ebsht\u00eb e fresk\u00ebt, n\u00eb trend dhe emocionuese. Ekipi yn\u00eb i Arsimit Global, i cili punon ngusht\u00eb me Drejtor\u00eb dhe Ambasador\u00eb Global\u00eb t\u00eb zgjedhur me kujdes, \u00ebsht\u00eb p\u00ebrgjegj\u00ebs p\u00ebr zhvillimin e programeve tona.<\/p><\/div>\t\t\t\t\t\t\t\t<\/div>\n\t\t\t\t<\/div>\n\t\t<div class=\"elementor-element elementor-element-b10812e e-con-full e-flex e-con e-parent\" data-id=\"b10812e\" data-element_type=\"container\">\n\t\t<div class=\"elementor-element elementor-element-ef1bfb2 e-con-full e-flex e-con e-child\" data-id=\"ef1bfb2\" data-element_type=\"container\">\n\t\t\t\t<div class=\"elementor-element elementor-element-c9721fc elementor-widget elementor-widget-image\" data-id=\"c9721fc\" data-element_type=\"widget\" data-widget_type=\"image.default\">\n\t\t\t\t\t\t\t\t\t\t\t\t\t\t\t<img fetchpriority=\"high\" decoding=\"async\" width=\"1080\" height=\"720\" src=\"https:\/\/keune.al\/wp-content\/uploads\/2025\/09\/Image-of-Keune-hairstylist-working.webp\" class=\"attachment-full size-full wp-image-838\" alt=\"\" srcset=\"https:\/\/keune.al\/wp-content\/uploads\/2025\/09\/Image-of-Keune-hairstylist-working.webp 1080w, https:\/\/keune.al\/wp-content\/uploads\/2025\/09\/Image-of-Keune-hairstylist-working-600x400.webp 600w, https:\/\/keune.al\/wp-content\/uploads\/2025\/09\/Image-of-Keune-hairstylist-working-300x200.webp 300w, https:\/\/keune.al\/wp-content\/uploads\/2025\/09\/Image-of-Keune-hairstylist-working-1024x683.webp 1024w, https:\/\/keune.al\/wp-content\/uploads\/2025\/09\/Image-of-Keune-hairstylist-working-768x512.webp 768w\" sizes=\"(max-width: 1080px) 100vw, 1080px\" \/>\t\t\t\t\t\t\t\t\t\t\t\t\t\t\t<\/div>\n\t\t\t\t<\/div>\n\t\t<div class=\"elementor-element elementor-element-4d9cba4 e-con-full e-flex e-con e-child\" data-id=\"4d9cba4\" data-element_type=\"container\">\n\t\t\t\t<div class=\"elementor-element elementor-element-ce49252 elementor-widget elementor-widget-heading\" data-id=\"ce49252\" data-element_type=\"widget\" data-widget_type=\"heading.default\">\n\t\t\t\t\t<h2 class=\"elementor-heading-title elementor-size-default\">\u00c7far\u00eb i b\u00ebn programet tona t\u00eb trajnimit unike?<\/h2>\t\t\t\t<\/div>\n\t\t\t\t<div class=\"elementor-element elementor-element-670a571 elementor-widget elementor-widget-text-editor\" data-id=\"670a571\" data-element_type=\"widget\" data-widget_type=\"text-editor.default\">\n\t\t\t\t\t\t\t\t\t<div class=\"richtext_richText__EPidn textAndMedia_text__68PeW\"><p>Njer\u00ebzit m\u00ebsojn\u00eb n\u00eb m\u00ebnyra t\u00eb ndryshme. Hulumtime t\u00eb gjera kan\u00eb treguar se njer\u00ebzit krijues si stilist\u00ebt e flok\u00ebve m\u00ebsojn\u00eb kryesisht duke vepruar. Metoda jon\u00eb e t\u00eb nx\u00ebnit, Keune Dynamic Education, bazohet n\u00eb k\u00ebt\u00eb parim. Kjo do t\u00eb thot\u00eb q\u00eb m\u00ebsimet tona teorike jan\u00eb t\u00eb kufizuara n\u00eb at\u00eb q\u00eb \u00ebsht\u00eb thelb\u00ebsore. Ne gjithashtu p\u00ebrfshijm\u00eb shum\u00eb mund\u00ebsi p\u00ebr stilist\u00ebt q\u00eb t\u00eb bashk\u00ebveprojn\u00eb me nj\u00ebri-tjetrin. Edukator\u00ebt tan\u00eb veprojn\u00eb si trajner\u00eb personal\u00eb dhe jan\u00eb v\u00ebrtet t\u00eb p\u00ebrkushtuar p\u00ebr t&#039;i ndihmuar stilist\u00ebt e flok\u00ebve t\u00eb p\u00ebrfitojn\u00eb sa m\u00eb shum\u00eb nga p\u00ebrvoja e tyre e t\u00eb nx\u00ebnit.<\/p><\/div>\t\t\t\t\t\t\t\t<\/div>\n\t\t\t\t<\/div>\n\t\t\t\t<\/div>\n\t\t<div class=\"elementor-element elementor-element-4c4b12b e-con-full e-flex e-con e-parent\" data-id=\"4c4b12b\" data-element_type=\"container\">\n\t\t<div class=\"elementor-element elementor-element-3e21bdc e-con-full e-flex e-con e-child\" data-id=\"3e21bdc\" data-element_type=\"container\">\n\t\t\t\t<div class=\"elementor-element elementor-element-902330e elementor-widget elementor-widget-heading\" data-id=\"902330e\" data-element_type=\"widget\" data-widget_type=\"heading.default\">\n\t\t\t\t\t<h2 class=\"elementor-heading-title elementor-size-default\">Keune Education<\/h2>\t\t\t\t<\/div>\n\t\t\t\t<div class=\"elementor-element elementor-element-4d604e8 elementor-widget elementor-widget-text-editor\" data-id=\"4d604e8\" data-element_type=\"widget\" data-widget_type=\"text-editor.default\">\n\t\t\t\t\t\t\t\t\t<div class=\"richtext_richText__EPidn textAndMedia_text__68PeW\"><p>Keune Dynamic Education bazohet n\u00eb rregullin 70:20:10 i cili garanton t\u00eb nx\u00ebnit e suksessh\u00ebm dhe gjat\u00eb gjith\u00eb jet\u00ebs. Rregulli 70:20:10 \u00ebsht\u00eb nj\u00eb model i t\u00eb nx\u00ebnit dhe zhvillimit q\u00eb sugjeron nj\u00eb ndarje proporcionale t\u00eb m\u00ebnyr\u00ebs se si njer\u00ebzit m\u00ebsojn\u00eb n\u00eb m\u00ebnyr\u00eb efektive dhe q\u00eb shpreh r\u00ebnd\u00ebsin\u00eb e t\u00eb nx\u00ebnit informal. Sipas formul\u00ebs, individ\u00ebt marrin 70% t\u00eb njohurive t\u00eb tyre p\u00ebrmes p\u00ebrvoj\u00ebs praktike, 20% p\u00ebrmes trajnimit dhe reagimeve, dhe 10% nga arsimi formal (teoria). Kur stilist\u00ebt e flok\u00ebve vazhdojn\u00eb t\u00eb m\u00ebsojn\u00eb, njohurit\u00eb dhe aft\u00ebsit\u00eb e tyre mbeten t\u00eb fresk\u00ebta dhe \u00ebsht\u00eb e leht\u00eb t\u00eb p\u00ebrqafohen trendet e reja.<\/p><\/div>\t\t\t\t\t\t\t\t<\/div>\n\t\t\t\t<\/div>\n\t\t<div class=\"elementor-element elementor-element-2b9104a e-con-full e-flex e-con e-child\" data-id=\"2b9104a\" data-element_type=\"container\">\n\t\t\t\t<div class=\"elementor-element elementor-element-c25c6c8 elementor-widget elementor-widget-image\" data-id=\"c25c6c8\" data-element_type=\"widget\" data-widget_type=\"image.default\">\n\t\t\t\t\t\t\t\t\t\t\t\t\t\t\t<img decoding=\"async\" width=\"1000\" height=\"755\" src=\"https:\/\/keune.al\/wp-content\/uploads\/2025\/09\/seminars-en-webinars.webp\" class=\"attachment-full size-full wp-image-839\" alt=\"\" srcset=\"https:\/\/keune.al\/wp-content\/uploads\/2025\/09\/seminars-en-webinars.webp 1000w, https:\/\/keune.al\/wp-content\/uploads\/2025\/09\/seminars-en-webinars-600x453.webp 600w, https:\/\/keune.al\/wp-content\/uploads\/2025\/09\/seminars-en-webinars-300x227.webp 300w, https:\/\/keune.al\/wp-content\/uploads\/2025\/09\/seminars-en-webinars-768x580.webp 768w\" sizes=\"(max-width: 1000px) 100vw, 1000px\" \/>\t\t\t\t\t\t\t\t\t\t\t\t\t\t\t<\/div>\n\t\t\t\t<\/div>\n\t\t\t\t<\/div>\n\t\t\t\t<\/div>","protected":false},"excerpt":{"rendered":"<p>We understand what you need to succeed Keune Academy Hi we&#8217;re Keune! Whether you\u2019re just beginning or have been a hairdresser for decades \u2013 a continued focus on education should be an integral part of every salon, in every country. It\u2019s the connection between our products, techniques, services, our happy clients, and everyone at Keune, [&hellip;]<\/p>","protected":false},"author":1,"featured_media":0,"parent":0,"menu_order":0,"comment_status":"closed","ping_status":"closed","template":"elementor_header_footer","meta":{"footnotes":""},"class_list":["post-835","page","type-page","status-publish","hentry"],"blocksy_meta":[],"_links":{"self":[{"href":"https:\/\/keune.al\/sq\/wp-json\/wp\/v2\/pages\/835","targetHints":{"allow":["GET"]}}],"collection":[{"href":"https:\/\/keune.al\/sq\/wp-json\/wp\/v2\/pages"}],"about":[{"href":"https:\/\/keune.al\/sq\/wp-json\/wp\/v2\/types\/page"}],"author":[{"embeddable":true,"href":"https:\/\/keune.al\/sq\/wp-json\/wp\/v2\/users\/1"}],"replies":[{"embeddable":true,"href":"https:\/\/keune.al\/sq\/wp-json\/wp\/v2\/comments?post=835"}],"version-history":[{"count":19,"href":"https:\/\/keune.al\/sq\/wp-json\/wp\/v2\/pages\/835\/revisions"}],"predecessor-version":[{"id":862,"href":"https:\/\/keune.al\/sq\/wp-json\/wp\/v2\/pages\/835\/revisions\/862"}],"wp:attachment":[{"href":"https:\/\/keune.al\/sq\/wp-json\/wp\/v2\/media?parent=835"}],"curies":[{"name":"wp","href":"https:\/\/api.w.org\/{rel}","templated":true}]}}