{"id":818,"date":"2025-09-18T01:46:02","date_gmt":"2025-09-18T01:46:02","guid":{"rendered":"https:\/\/keune.al\/?page_id=818"},"modified":"2025-09-18T04:38:20","modified_gmt":"2025-09-18T04:38:20","slug":"mbeshtetje-biznesi","status":"publish","type":"page","link":"https:\/\/keune.al\/sq\/mbeshtetje-biznesi\/","title":{"rendered":"Mb\u00ebshtetje p\u00ebr Biznesin"},"content":{"rendered":"<div data-elementor-type=\"wp-page\" data-elementor-id=\"818\" class=\"elementor elementor-818\">\n\t\t\t\t<div class=\"elementor-element elementor-element-29fad04 e-con-full e-flex e-con e-parent\" data-id=\"29fad04\" data-element_type=\"container\" data-settings=\"{&quot;background_background&quot;:&quot;classic&quot;}\">\n\t\t\t\t<div class=\"elementor-element elementor-element-e8b287d elementor-widget elementor-widget-text-editor\" data-id=\"e8b287d\" data-element_type=\"widget\" data-widget_type=\"text-editor.default\">\n\t\t\t\t\t\t\t\t\t<p><span class=\"hero_subtitle__fEGOp\">Ekskluzivisht p\u00ebr sallone bukurie, duke mb\u00ebshtetur biznesin tuaj<\/span><\/p>\t\t\t\t\t\t\t\t<\/div>\n\t\t\t\t<div class=\"elementor-element elementor-element-61549c8 elementor-widget elementor-widget-heading\" data-id=\"61549c8\" data-element_type=\"widget\" data-widget_type=\"heading.default\">\n\t\t\t\t\t<h1 class=\"elementor-heading-title elementor-size-default\">KEUNE Mb\u00ebshtetje p\u00ebr Biznesin<\/h1>\t\t\t\t<\/div>\n\t\t\t\t<\/div>\n\t\t<div class=\"elementor-element elementor-element-efe3b7c e-con-full e-flex e-con e-parent\" data-id=\"efe3b7c\" data-element_type=\"container\">\n\t\t\t\t<div class=\"elementor-element elementor-element-012eb83 elementor-widget elementor-widget-heading\" data-id=\"012eb83\" data-element_type=\"widget\" data-widget_type=\"heading.default\">\n\t\t\t\t\t<h2 class=\"elementor-heading-title elementor-size-default\">Ne mb\u00ebshtesim pasionin tuaj<\/h2>\t\t\t\t<\/div>\n\t\t\t\t<div class=\"elementor-element elementor-element-308e9a6 elementor-widget elementor-widget-text-editor\" data-id=\"308e9a6\" data-element_type=\"widget\" data-widget_type=\"text-editor.default\">\n\t\t\t\t\t\t\t\t\t<div class=\"richtext_richText__EPidn titleAndText_underlyingText__lLTOV\"><div class=\"richtext_richText__EPidn titleAndText_underlyingText__lLTOV\"><p>Si pronar salloni dhe stilist, ju ndani pasionin ton\u00eb p\u00ebr flok\u00eb t\u00eb bukur. Keune nuk do t\u00eb thot\u00eb vet\u00ebm produkte me cil\u00ebsi superiore. Ne e kuptojm\u00eb q\u00eb talenti dhe aft\u00ebsit\u00eb e stilimit jan\u00eb vet\u00ebm fillimi. Ju gjithashtu keni nevoj\u00eb p\u00ebr mb\u00ebshtetje biznesi - n\u00eb nj\u00eb m\u00ebnyr\u00eb q\u00eb e b\u00ebn sallonin tuaj v\u00ebrtet tuajin.<\/p><p>Me Keune, ju fitoni akses t\u00eb drejtp\u00ebrdrejt\u00eb te nj\u00eb menaxher i Nj\u00ebsis\u00eb s\u00eb Biznesit Keune, si dhe te kurse dhe seminare menaxhimi. K\u00ebto jan\u00eb vet\u00ebm disa shembuj se si ne ju ndihmojm\u00eb t\u00eb p\u00ebrmir\u00ebsoni nivelin e suksesit tuaj, nd\u00ebrkoh\u00eb q\u00eb ju japim lirin\u00eb p\u00ebr t&#039;u p\u00ebrqendruar n\u00eb at\u00eb q\u00eb ju p\u00eblqen t\u00eb b\u00ebni m\u00eb shum\u00eb. Lexoni m\u00eb tej p\u00ebr t\u00eb zbuluar m\u00eb shum\u00eb.<\/p><\/div><\/div>\t\t\t\t\t\t\t\t<\/div>\n\t\t\t\t<\/div>\n\t\t<div class=\"elementor-element elementor-element-d6d8253 e-con-full e-flex e-con e-parent\" data-id=\"d6d8253\" data-element_type=\"container\">\n\t\t<div class=\"elementor-element elementor-element-66dacd2 e-con-full e-flex e-con e-child\" data-id=\"66dacd2\" data-element_type=\"container\">\n\t\t\t\t<div class=\"elementor-element elementor-element-ae72bb1 elementor-widget elementor-widget-image\" data-id=\"ae72bb1\" data-element_type=\"widget\" data-widget_type=\"image.default\">\n\t\t\t\t\t\t\t\t\t\t\t\t\t\t\t<img fetchpriority=\"high\" decoding=\"async\" width=\"1080\" height=\"732\" src=\"https:\/\/keune.al\/wp-content\/uploads\/2025\/09\/image-business-support-keune-headquarters.webp\" class=\"attachment-full size-full wp-image-858\" alt=\"\" srcset=\"https:\/\/keune.al\/wp-content\/uploads\/2025\/09\/image-business-support-keune-headquarters.webp 1080w, https:\/\/keune.al\/wp-content\/uploads\/2025\/09\/image-business-support-keune-headquarters-600x407.webp 600w, https:\/\/keune.al\/wp-content\/uploads\/2025\/09\/image-business-support-keune-headquarters-300x203.webp 300w, https:\/\/keune.al\/wp-content\/uploads\/2025\/09\/image-business-support-keune-headquarters-1024x694.webp 1024w, https:\/\/keune.al\/wp-content\/uploads\/2025\/09\/image-business-support-keune-headquarters-768x521.webp 768w\" sizes=\"(max-width: 1080px) 100vw, 1080px\" \/>\t\t\t\t\t\t\t\t\t\t\t\t\t\t\t<\/div>\n\t\t\t\t<\/div>\n\t\t<div class=\"elementor-element elementor-element-cb65987 e-con-full e-flex e-con e-child\" data-id=\"cb65987\" data-element_type=\"container\">\n\t\t\t\t<div class=\"elementor-element elementor-element-ab4d523 elementor-widget elementor-widget-heading\" data-id=\"ab4d523\" data-element_type=\"widget\" data-widget_type=\"heading.default\">\n\t\t\t\t\t<h2 class=\"elementor-heading-title elementor-size-default\">Mb\u00ebshtetje dhe Sh\u00ebrbime p\u00ebr Biznesin<\/h2>\t\t\t\t<\/div>\n\t\t\t\t<div class=\"elementor-element elementor-element-9cc840d elementor-widget elementor-widget-text-editor\" data-id=\"9cc840d\" data-element_type=\"widget\" data-widget_type=\"text-editor.default\">\n\t\t\t\t\t\t\t\t\t<div class=\"richtext_richText__EPidn textAndMedia_text__68PeW\"><div class=\"richtext_richText__EPidn textAndMedia_text__68PeW\"><p>Misioni yn\u00eb nuk \u00ebsht\u00eb t\u00eb b\u00ebhemi m\u00eb t\u00eb m\u00ebdhenjt\u00eb, por duam t\u00eb jemi partneri m\u00eb i mir\u00eb i biznesit p\u00ebr sip\u00ebrmarr\u00ebsit e parukeris\u00eb. N\u00eb dit\u00ebt e sotme, nuk \u00ebsht\u00eb e r\u00ebnd\u00ebsishme vet\u00ebm t\u00eb bini n\u00eb sy me pamjen e sallonit tuaj, por \u00ebsht\u00eb edhe m\u00eb e r\u00ebnd\u00ebsishme t\u00eb p\u00ebrdorni mjetet e duhura t\u00eb marketingut p\u00ebr t\u00eb fituar besnik\u00ebrin\u00eb e klient\u00ebve dhe p\u00ebr t\u00eb arritur klient\u00eb t\u00eb rinj. Keune ju ndihmon t\u00eb nxirrni m\u00eb t\u00eb mir\u00ebn nga biznesi juaj. Ne jemi k\u00ebtu p\u00ebr t&#039;ju leht\u00ebsuar pun\u00ebn n\u00eb m\u00ebnyr\u00eb q\u00eb t\u00eb keni m\u00eb shum\u00eb koh\u00eb p\u00ebr t\u00eb ushtruar profesionin tuaj krijues me pasion.<\/p><\/div><\/div>\t\t\t\t\t\t\t\t<\/div>\n\t\t\t\t<\/div>\n\t\t\t\t<\/div>\n\t\t<div class=\"elementor-element elementor-element-5c3dcc4 e-con-full e-flex e-con e-parent\" data-id=\"5c3dcc4\" data-element_type=\"container\">\n\t\t<div class=\"elementor-element elementor-element-ef79e02 e-con-full e-flex e-con e-child\" data-id=\"ef79e02\" data-element_type=\"container\">\n\t\t\t\t<div class=\"elementor-element elementor-element-ca07692 elementor-widget elementor-widget-heading\" data-id=\"ca07692\" data-element_type=\"widget\" data-widget_type=\"heading.default\">\n\t\t\t\t\t<h2 class=\"elementor-heading-title elementor-size-default\">Ndiqni seminare dhe webinar\u00eb profesional\u00eb<\/h2>\t\t\t\t<\/div>\n\t\t\t\t<div class=\"elementor-element elementor-element-4b2d297 elementor-widget elementor-widget-text-editor\" data-id=\"4b2d297\" data-element_type=\"widget\" data-widget_type=\"text-editor.default\">\n\t\t\t\t\t\t\t\t\tCil\u00ebsia e nj\u00eb salloni varet nga cil\u00ebsia e stafit t\u00eb tij. Pavar\u00ebsisht n\u00ebse sapo keni filluar apo keni qen\u00eb parukier p\u00ebr dekada t\u00eb t\u00ebra - nj\u00eb fokus i vazhduesh\u00ebm n\u00eb arsim duhet t\u00eb jet\u00eb nj\u00eb pjes\u00eb integrale e \u00e7do salloni. Me programet tona t\u00eb trajnimit, ne synojm\u00eb t'ju leht\u00ebsojm\u00eb juve, si pronar\u00eb t\u00eb sallonit, dhe t'ju mb\u00ebshtesim n\u00eb zhvillimin e stafit tuaj p\u00ebr t'u b\u00ebr\u00eb Avokat\u00eb t\u00eb P\u00ebrgjithsh\u00ebm t\u00eb Keune. Ne ofrojm\u00eb nivele t\u00eb ndryshme edukimi p\u00ebr t\u00eb siguruar q\u00eb \u00e7do stilist t\u00eb mund t\u00eb rris\u00eb njohurit\u00eb dhe aft\u00ebsit\u00eb e tij. T\u00eb gjitha programet tona t\u00eb trajnimit jan\u00eb nj\u00eb p\u00ebrzierje teorie, aktiviteti krijues praktik dhe frym\u00ebzimi. N\u00eb k\u00ebt\u00eb m\u00ebnyr\u00eb, \u00e7do seanc\u00eb \u00ebsht\u00eb e fresk\u00ebt, moderne dhe emocionuese.\t\t\t\t\t\t\t\t<\/div>\n\t\t\t\t<\/div>\n\t\t<div class=\"elementor-element elementor-element-72978d8 e-con-full e-flex e-con e-child\" data-id=\"72978d8\" data-element_type=\"container\">\n\t\t\t\t<div class=\"elementor-element elementor-element-ee6d4d6 elementor-widget elementor-widget-image\" data-id=\"ee6d4d6\" data-element_type=\"widget\" data-widget_type=\"image.default\">\n\t\t\t\t\t\t\t\t\t\t\t\t\t\t\t<img decoding=\"async\" width=\"1080\" height=\"846\" src=\"https:\/\/keune.al\/wp-content\/uploads\/2025\/09\/KEUNE-STYLE-BACKSTAGE-DAY-1-43.webp\" class=\"attachment-full size-full wp-image-859\" alt=\"\" srcset=\"https:\/\/keune.al\/wp-content\/uploads\/2025\/09\/KEUNE-STYLE-BACKSTAGE-DAY-1-43.webp 1080w, https:\/\/keune.al\/wp-content\/uploads\/2025\/09\/KEUNE-STYLE-BACKSTAGE-DAY-1-43-600x470.webp 600w, https:\/\/keune.al\/wp-content\/uploads\/2025\/09\/KEUNE-STYLE-BACKSTAGE-DAY-1-43-300x235.webp 300w, https:\/\/keune.al\/wp-content\/uploads\/2025\/09\/KEUNE-STYLE-BACKSTAGE-DAY-1-43-1024x802.webp 1024w, https:\/\/keune.al\/wp-content\/uploads\/2025\/09\/KEUNE-STYLE-BACKSTAGE-DAY-1-43-768x602.webp 768w\" sizes=\"(max-width: 1080px) 100vw, 1080px\" \/>\t\t\t\t\t\t\t\t\t\t\t\t\t\t\t<\/div>\n\t\t\t\t<\/div>\n\t\t\t\t<\/div>\n\t\t\t\t<\/div>","protected":false},"excerpt":{"rendered":"<p>Exclusively for salons, supporting your business Keune Business Support We support your passion As a salon owner and a stylist, you share our passion for beautiful hair. Keune not only means superior quality products. We realize talent and styling skills are just the beginning. You also need business support \u2013 in a way that makes [&hellip;]<\/p>","protected":false},"author":1,"featured_media":0,"parent":0,"menu_order":0,"comment_status":"closed","ping_status":"closed","template":"elementor_header_footer","meta":{"footnotes":""},"class_list":["post-818","page","type-page","status-publish","hentry"],"blocksy_meta":[],"_links":{"self":[{"href":"https:\/\/keune.al\/sq\/wp-json\/wp\/v2\/pages\/818","targetHints":{"allow":["GET"]}}],"collection":[{"href":"https:\/\/keune.al\/sq\/wp-json\/wp\/v2\/pages"}],"about":[{"href":"https:\/\/keune.al\/sq\/wp-json\/wp\/v2\/types\/page"}],"author":[{"embeddable":true,"href":"https:\/\/keune.al\/sq\/wp-json\/wp\/v2\/users\/1"}],"replies":[{"embeddable":true,"href":"https:\/\/keune.al\/sq\/wp-json\/wp\/v2\/comments?post=818"}],"version-history":[{"count":7,"href":"https:\/\/keune.al\/sq\/wp-json\/wp\/v2\/pages\/818\/revisions"}],"predecessor-version":[{"id":868,"href":"https:\/\/keune.al\/sq\/wp-json\/wp\/v2\/pages\/818\/revisions\/868"}],"wp:attachment":[{"href":"https:\/\/keune.al\/sq\/wp-json\/wp\/v2\/media?parent=818"}],"curies":[{"name":"wp","href":"https:\/\/api.w.org\/{rel}","templated":true}]}}