{"id":324,"date":"2025-08-31T16:43:42","date_gmt":"2025-08-31T16:43:42","guid":{"rendered":"https:\/\/keune.al\/?page_id=324"},"modified":"2025-10-30T23:13:16","modified_gmt":"2025-10-30T23:13:16","slug":"na-kontaktoni","status":"publish","type":"page","link":"https:\/\/keune.al\/sq\/na-kontaktoni\/","title":{"rendered":"Na kontaktoni"},"content":{"rendered":"<div data-elementor-type=\"wp-page\" data-elementor-id=\"324\" class=\"elementor elementor-324\">\n\t\t\t\t<div class=\"elementor-element elementor-element-ddd7d6e e-flex e-con-boxed e-con e-parent\" data-id=\"ddd7d6e\" data-element_type=\"container\">\n\t\t\t\t\t<div class=\"e-con-inner\">\n\t\t\t\t<div class=\"elementor-element elementor-element-feb3b0e elementor-widget elementor-widget-heading\" data-id=\"feb3b0e\" data-element_type=\"widget\" data-widget_type=\"heading.default\">\n\t\t\t\t\t<h2 class=\"elementor-heading-title elementor-size-default\">Na kontaktoni<\/h2>\t\t\t\t<\/div>\n\t\t\t\t<div class=\"elementor-element elementor-element-49f9eac elementor-widget elementor-widget-text-editor\" data-id=\"49f9eac\" data-element_type=\"widget\" data-widget_type=\"text-editor.default\">\n\t\t\t\t\t\t\t\t\tNe e duam tingullin e z\u00ebrit tuaj\t\t\t\t\t\t\t\t<\/div>\n\t\t\t\t\t<\/div>\n\t\t\t\t<\/div>\n\t\t<div class=\"elementor-element elementor-element-9efc91b e-con-full e-flex e-con e-parent\" data-id=\"9efc91b\" data-element_type=\"container\">\n\t\t<div class=\"elementor-element elementor-element-73b526a e-con-full e-flex e-con e-child\" data-id=\"73b526a\" data-element_type=\"container\">\n\t\t\t\t<div class=\"elementor-element elementor-element-ee21c51 elementor-widget elementor-widget-image\" data-id=\"ee21c51\" data-element_type=\"widget\" data-widget_type=\"image.default\">\n\t\t\t\t\t\t\t\t\t\t\t\t\t\t\t<img fetchpriority=\"high\" decoding=\"async\" width=\"1772\" height=\"1311\" src=\"https:\/\/keune.al\/wp-content\/uploads\/2025\/09\/Keune-Studio-6-API1-medium.webp\" class=\"attachment-full size-full wp-image-417\" alt=\"\" srcset=\"https:\/\/keune.al\/wp-content\/uploads\/2025\/09\/Keune-Studio-6-API1-medium.webp 1772w, https:\/\/keune.al\/wp-content\/uploads\/2025\/09\/Keune-Studio-6-API1-medium-1080x799.webp 1080w, https:\/\/keune.al\/wp-content\/uploads\/2025\/09\/Keune-Studio-6-API1-medium-600x444.webp 600w, https:\/\/keune.al\/wp-content\/uploads\/2025\/09\/Keune-Studio-6-API1-medium-300x222.webp 300w, https:\/\/keune.al\/wp-content\/uploads\/2025\/09\/Keune-Studio-6-API1-medium-1024x758.webp 1024w, https:\/\/keune.al\/wp-content\/uploads\/2025\/09\/Keune-Studio-6-API1-medium-768x568.webp 768w, https:\/\/keune.al\/wp-content\/uploads\/2025\/09\/Keune-Studio-6-API1-medium-1536x1136.webp 1536w\" sizes=\"(max-width: 1772px) 100vw, 1772px\" \/>\t\t\t\t\t\t\t\t\t\t\t\t\t\t\t<\/div>\n\t\t\t\t<\/div>\n\t\t<div class=\"elementor-element elementor-element-2791a36 e-con-full e-flex e-con e-child\" data-id=\"2791a36\" data-element_type=\"container\">\n\t\t\t\t<div class=\"elementor-element elementor-element-ae121eb elementor-widget elementor-widget-heading\" data-id=\"ae121eb\" data-element_type=\"widget\" data-widget_type=\"heading.default\">\n\t\t\t\t\t<h2 class=\"elementor-heading-title elementor-size-default\">Ndihma p\u00ebr klient\u00ebt<\/h2>\t\t\t\t<\/div>\n\t\t\t\t<div class=\"elementor-element elementor-element-1953876 elementor-widget elementor-widget-text-editor\" data-id=\"1953876\" data-element_type=\"widget\" data-widget_type=\"text-editor.default\">\n\t\t\t\t\t\t\t\t\tN\u00ebse keni ndonj\u00eb pyetje ose d\u00ebshironi t\u00eb na tregoni se \u00e7far\u00eb mendoni p\u00ebr Keune ose produktet tona, ju lutemi na kontaktoni. Jemi m\u00eb shum\u00eb se t\u00eb lumtur t'ju ndihmojm\u00eb. Ju lutemi zgjidhni qytetin dhe adres\u00ebn tuaj m\u00eb sip\u00ebr. N\u00ebse d\u00ebshironi t\u00eb kontaktoni ekipin ton\u00eb p\u00ebr mb\u00ebshtetje ose pyetje biznesi, ju lutemi na d\u00ebrgoni nj\u00eb <u><a href=\"mailto:hallo@keune.com\" target=\"_blank\" rel=\"noopener noreferrer\">email<\/a><\/u>.\n\t\t\t\t\t\t\t\t<\/div>\n\t\t\t\t<\/div>\n\t\t\t\t<\/div>\n\t\t<div class=\"elementor-element elementor-element-be811ce e-con-full e-flex e-con e-parent\" data-id=\"be811ce\" data-element_type=\"container\">\n\t\t<div class=\"elementor-element elementor-element-9ca84d6 e-con-full e-flex e-con e-child\" data-id=\"9ca84d6\" data-element_type=\"container\">\n\t\t\t\t<div class=\"elementor-element elementor-element-7165107 elementor-widget elementor-widget-heading\" data-id=\"7165107\" data-element_type=\"widget\" data-widget_type=\"heading.default\">\n\t\t\t\t\t<h2 class=\"elementor-heading-title elementor-size-default\">Selia Qendrore<\/h2>\t\t\t\t<\/div>\n\t\t\t\t<div class=\"elementor-element elementor-element-ffbf63e elementor-widget elementor-widget-text-editor\" data-id=\"ffbf63e\" data-element_type=\"widget\" data-widget_type=\"text-editor.default\">\n\t\t\t\t\t\t\t\t\t<p>Tirana<\/p><p>Shqip\u00ebria<\/p><div class=\"contact_socials__56yUt\"><a href=\"mailto:info@keune.al\">info@keune.al<\/a><\/div><div>\u00a0<\/div><div><a href=\"tel:+355696055572\">+355696055572<\/a><\/div>\t\t\t\t\t\t\t\t<\/div>\n\t\t\t\t<\/div>\n\t\t<div class=\"elementor-element elementor-element-5d85764 e-con-full e-flex e-con e-child\" data-id=\"5d85764\" data-element_type=\"container\">\n\t\t\t\t<div class=\"elementor-element elementor-element-6346a88 elementor-widget elementor-widget-image\" data-id=\"6346a88\" data-element_type=\"widget\" data-widget_type=\"image.default\">\n\t\t\t\t\t\t\t\t\t\t\t\t\t\t\t<img decoding=\"async\" width=\"1772\" height=\"1311\" src=\"https:\/\/keune.al\/wp-content\/uploads\/2025\/09\/Keune-Fabriek-1-API1-medium.webp\" class=\"attachment-full size-full wp-image-418\" alt=\"\" srcset=\"https:\/\/keune.al\/wp-content\/uploads\/2025\/09\/Keune-Fabriek-1-API1-medium.webp 1772w, https:\/\/keune.al\/wp-content\/uploads\/2025\/09\/Keune-Fabriek-1-API1-medium-1080x799.webp 1080w, https:\/\/keune.al\/wp-content\/uploads\/2025\/09\/Keune-Fabriek-1-API1-medium-600x444.webp 600w, https:\/\/keune.al\/wp-content\/uploads\/2025\/09\/Keune-Fabriek-1-API1-medium-300x222.webp 300w, https:\/\/keune.al\/wp-content\/uploads\/2025\/09\/Keune-Fabriek-1-API1-medium-1024x758.webp 1024w, https:\/\/keune.al\/wp-content\/uploads\/2025\/09\/Keune-Fabriek-1-API1-medium-768x568.webp 768w, https:\/\/keune.al\/wp-content\/uploads\/2025\/09\/Keune-Fabriek-1-API1-medium-1536x1136.webp 1536w\" sizes=\"(max-width: 1772px) 100vw, 1772px\" \/>\t\t\t\t\t\t\t\t\t\t\t\t\t\t\t<\/div>\n\t\t\t\t<\/div>\n\t\t\t\t<\/div>\n\t\t\t\t<\/div>","protected":false},"excerpt":{"rendered":"<p>Get in touch with us We love the sound of your voice Customer Support Do you have a question or would you like to let us know what you think about Keune or our products, please contact us. We are more than happy to help. Please select your continent and country above. If you want [&hellip;]<\/p>","protected":false},"author":1,"featured_media":0,"parent":0,"menu_order":0,"comment_status":"closed","ping_status":"closed","template":"elementor_header_footer","meta":{"footnotes":""},"class_list":["post-324","page","type-page","status-publish","hentry"],"blocksy_meta":[],"_links":{"self":[{"href":"https:\/\/keune.al\/sq\/wp-json\/wp\/v2\/pages\/324","targetHints":{"allow":["GET"]}}],"collection":[{"href":"https:\/\/keune.al\/sq\/wp-json\/wp\/v2\/pages"}],"about":[{"href":"https:\/\/keune.al\/sq\/wp-json\/wp\/v2\/types\/page"}],"author":[{"embeddable":true,"href":"https:\/\/keune.al\/sq\/wp-json\/wp\/v2\/users\/1"}],"replies":[{"embeddable":true,"href":"https:\/\/keune.al\/sq\/wp-json\/wp\/v2\/comments?post=324"}],"version-history":[{"count":19,"href":"https:\/\/keune.al\/sq\/wp-json\/wp\/v2\/pages\/324\/revisions"}],"predecessor-version":[{"id":1699,"href":"https:\/\/keune.al\/sq\/wp-json\/wp\/v2\/pages\/324\/revisions\/1699"}],"wp:attachment":[{"href":"https:\/\/keune.al\/sq\/wp-json\/wp\/v2\/media?parent=324"}],"curies":[{"name":"wp","href":"https:\/\/api.w.org\/{rel}","templated":true}]}}