{"id":304,"date":"2025-08-31T16:12:13","date_gmt":"2025-08-31T16:12:13","guid":{"rendered":"https:\/\/keune.al\/?page_id=304"},"modified":"2025-08-31T16:41:10","modified_gmt":"2025-08-31T16:41:10","slug":"rreth-nesh","status":"publish","type":"page","link":"https:\/\/keune.al\/sq\/rreth-nesh\/","title":{"rendered":"About us"},"content":{"rendered":"<div data-elementor-type=\"wp-page\" data-elementor-id=\"304\" class=\"elementor elementor-304\">\n\t\t\t\t<div class=\"elementor-element elementor-element-bc769f4 e-con-full e-flex e-con e-parent\" data-id=\"bc769f4\" data-element_type=\"container\" data-settings=\"{&quot;background_background&quot;:&quot;classic&quot;}\">\n\t\t\t\t<div class=\"elementor-element elementor-element-11bd594 elementor-widget elementor-widget-heading\" data-id=\"11bd594\" data-element_type=\"widget\" data-widget_type=\"heading.default\">\n\t\t\t\t\t<h1 class=\"elementor-heading-title elementor-size-default\">Rreth Keune Haircosmetics<\/h1>\t\t\t\t<\/div>\n\t\t\t\t<\/div>\n\t\t<div class=\"elementor-element elementor-element-450affe e-flex e-con-boxed e-con e-parent\" data-id=\"450affe\" data-element_type=\"container\">\n\t\t\t\t\t<div class=\"e-con-inner\">\n\t\t\t\t<div class=\"elementor-element elementor-element-421a6c0 elementor-widget elementor-widget-heading\" data-id=\"421a6c0\" data-element_type=\"widget\" data-widget_type=\"heading.default\">\n\t\t\t\t\t<h2 class=\"elementor-heading-title elementor-size-default\">P\u00ebrsh\u00ebndetje, ne jemi Keune!<\/h2>\t\t\t\t<\/div>\n\t\t\t\t<div class=\"elementor-element elementor-element-ae16bd1 elementor-widget elementor-widget-text-editor\" data-id=\"ae16bd1\" data-element_type=\"widget\" data-widget_type=\"text-editor.default\">\n\t\t\t\t\t\t\t\t\t<div class=\"richtext_richText__EPidn titleAndText_underlyingText__lLTOV\"><p>Ne kemi prodhuar produkte p\u00ebr flokun p\u00ebr profesionist\u00ebt q\u00eb nga viti 1922. Por ne jemi shum\u00eb m\u00eb tep\u00ebr sesa thjesht nj\u00eb furnizues. T\u00eb gjitha sallonet q\u00eb bashk\u00ebpunojn\u00eb me ne jan\u00eb pjes\u00eb e familjes Keune. E themi k\u00ebt\u00eb jo vet\u00ebm sepse jemi nj\u00eb biznes familjar, por sepse i p\u00ebrshtatet stilit ton\u00eb. Ne duam vet\u00ebm m\u00eb t\u00eb mir\u00ebn p\u00ebr ju kur uleni n\u00eb nj\u00ebr\u00ebn nga poltronat e salloneve tona. Kjo \u00ebsht\u00eb arsyeja pse ne b\u00ebjm\u00eb biznes me nj\u00eb prekje personale.\u00a0<\/p><p>P\u00ebrve\u00e7 faktit q\u00eb Keune prodhon vet\u00ebm produkte me cil\u00ebsi t\u00eb lart\u00eb, ne ofrojm\u00eb edhe trajnime p\u00ebr parukier\u00ebt. N\u00eb k\u00ebt\u00eb m\u00ebnyr\u00eb ata mund t\u00eb jen\u00eb gjithmon\u00eb t\u00eb p\u00ebrdit\u00ebsuar me trendet m\u00eb t\u00eb fundit t\u00eb ngjyrave dhe prerjeve t\u00eb flokut. N\u00eb k\u00ebt\u00eb m\u00ebnyr\u00eb, ne sigurohemi q\u00eb ju t\u00eb jeni versioni m\u00eb i mir\u00eb i vetes tuaj.\u00a0<\/p><\/div>\t\t\t\t\t\t\t\t<\/div>\n\t\t\t\t<div class=\"elementor-element elementor-element-433d3c9 elementor-align-center elementor-widget elementor-widget-button\" data-id=\"433d3c9\" data-element_type=\"widget\" data-widget_type=\"button.default\">\n\t\t\t\t\t\t\t\t\t\t<a class=\"elementor-button elementor-button-link elementor-size-sm\" href=\"#\">\n\t\t\t\t\t\t<span class=\"elementor-button-content-wrapper\">\n\t\t\t\t\t\t\t\t\t<span class=\"elementor-button-text\">P\u00ebr profesionist\u00ebt<\/span>\n\t\t\t\t\t<\/span>\n\t\t\t\t\t<\/a>\n\t\t\t\t\t\t\t\t<\/div>\n\t\t\t\t<div class=\"elementor-element elementor-element-d781d10 elementor-widget elementor-widget-video\" data-id=\"d781d10\" data-element_type=\"widget\" data-settings=\"{&quot;video_type&quot;:&quot;hosted&quot;,&quot;controls&quot;:&quot;yes&quot;}\" data-widget_type=\"video.default\">\n\t\t\t\t\t\t\t<div class=\"e-hosted-video elementor-wrapper elementor-open-inline\">\n\t\t\t\t\t<video class=\"elementor-video\" src=\"https:\/\/keune.al\/wp-content\/uploads\/2025\/08\/Summer-Campaign-Video-Main-ENG.mp4\" controls=\"\" preload=\"metadata\" controlslist=\"nodownload\"><\/video>\n\t\t\t\t<\/div>\n\t\t\t\t\t\t<\/div>\n\t\t\t\t<div class=\"elementor-element elementor-element-85ff5ac elementor-widget elementor-widget-heading\" data-id=\"85ff5ac\" data-element_type=\"widget\" data-widget_type=\"heading.default\">\n\t\t\t\t\t<h2 class=\"elementor-heading-title elementor-size-default\">Mir\u00eb se vini n\u00eb bot\u00ebn e KEUNE<\/h2>\t\t\t\t<\/div>\n\t\t\t\t<div class=\"elementor-element elementor-element-9ee0a7a elementor-widget elementor-widget-text-editor\" data-id=\"9ee0a7a\" data-element_type=\"widget\" data-widget_type=\"text-editor.default\">\n\t\t\t\t\t\t\t\t\t<iframe title=\"Iframe - Keune Inspiration Book EN\" src=\"https:\/\/player.flipsnack.com?hash=ODZENjdFRkY4RDYrZDFpNGs5aGJkYw==\" seamless=\"\" allowfullscreen=\"\" allow=\"autoplay; clipboard-read; clipboard-write\" width=\"70%\" height=\"650\"><\/iframe>\t\t\t\t\t\t\t\t<\/div>\n\t\t\t\t\t<\/div>\n\t\t\t\t<\/div>\n\t\t<div class=\"elementor-element elementor-element-ed13a00 e-con-full e-flex e-con e-parent\" data-id=\"ed13a00\" data-element_type=\"container\">\n\t\t<div class=\"elementor-element elementor-element-d3ecec2 e-con-full e-flex e-con e-child\" data-id=\"d3ecec2\" data-element_type=\"container\">\n\t\t\t\t<div class=\"elementor-element elementor-element-8c2d855 elementor-widget elementor-widget-image\" data-id=\"8c2d855\" data-element_type=\"widget\" data-widget_type=\"image.default\">\n\t\t\t\t\t\t\t\t\t\t\t\t\t\t\t<img fetchpriority=\"high\" decoding=\"async\" width=\"1080\" height=\"599\" src=\"https:\/\/keune.al\/wp-content\/uploads\/2025\/08\/Keune_Corporate_Visual_1922__-medium.webp\" class=\"attachment-full size-full wp-image-307\" alt=\"\" srcset=\"https:\/\/keune.al\/wp-content\/uploads\/2025\/08\/Keune_Corporate_Visual_1922__-medium.webp 1080w, https:\/\/keune.al\/wp-content\/uploads\/2025\/08\/Keune_Corporate_Visual_1922__-medium-600x333.webp 600w, https:\/\/keune.al\/wp-content\/uploads\/2025\/08\/Keune_Corporate_Visual_1922__-medium-300x166.webp 300w, https:\/\/keune.al\/wp-content\/uploads\/2025\/08\/Keune_Corporate_Visual_1922__-medium-1024x568.webp 1024w, https:\/\/keune.al\/wp-content\/uploads\/2025\/08\/Keune_Corporate_Visual_1922__-medium-768x426.webp 768w\" sizes=\"(max-width: 1080px) 100vw, 1080px\" \/>\t\t\t\t\t\t\t\t\t\t\t\t\t\t\t<\/div>\n\t\t\t\t<\/div>\n\t\t<div class=\"elementor-element elementor-element-ec25edf e-con-full e-flex e-con e-child\" data-id=\"ec25edf\" data-element_type=\"container\">\n\t\t\t\t<div class=\"elementor-element elementor-element-b60e84b elementor-widget elementor-widget-heading\" data-id=\"b60e84b\" data-element_type=\"widget\" data-widget_type=\"heading.default\">\n\t\t\t\t\t<h2 class=\"elementor-heading-title elementor-size-default\">Si filloi e gjitha<\/h2>\t\t\t\t<\/div>\n\t\t\t\t<div class=\"elementor-element elementor-element-1a84d3f elementor-widget elementor-widget-text-editor\" data-id=\"1a84d3f\" data-element_type=\"widget\" data-widget_type=\"text-editor.default\">\n\t\t\t\t\t\t\t\t\t<p>E gjitha filloi n\u00eb vitin 1922 me Jan Keune, nj\u00eb farmacist nga Amsterdami, dhe magjepsjen e tij p\u00ebr ka\u00e7urrelat. P\u00ebrtej farmacis\u00eb q\u00eb drejtonte me gruan e tij, ai filloi t\u00eb eksperimentonte dhe t\u00eb prodhonte produkte p\u00ebr flokun. Nd\u00ebrkoh\u00eb q\u00eb m\u00eb par\u00eb floku ka\u00e7urrel b\u00ebhej duke ngrohur piastra hekuri mbi sob\u00eb me gaz, Jan Keune arriti t\u00eb zhvillonte nj\u00eb formul\u00eb p\u00ebr locion t\u00eb p\u00ebrhersh\u00ebm. U b\u00eb nj\u00eb sukses i jasht\u00ebzakonsh\u00ebm saq\u00eb grat\u00eb e rr\u00ebmbyen menj\u00ebher\u00eb si produkt. Produkti holandez pushtoi bot\u00ebn dhe Keune Haircosmetics u b\u00eb fakt n\u00eb vitin 1925 kur Jan zyrtarisht e regjistroi farmacin\u00eb n\u00eb emrin e tij.<\/p>\t\t\t\t\t\t\t\t<\/div>\n\t\t\t\t<\/div>\n\t\t\t\t<\/div>\n\t\t<div class=\"elementor-element elementor-element-f772618 e-con-full e-flex e-con e-parent\" data-id=\"f772618\" data-element_type=\"container\">\n\t\t<div class=\"elementor-element elementor-element-6ff7017 e-con-full e-flex e-con e-child\" data-id=\"6ff7017\" data-element_type=\"container\">\n\t\t\t\t<div class=\"elementor-element elementor-element-345729f elementor-widget elementor-widget-heading\" data-id=\"345729f\" data-element_type=\"widget\" data-widget_type=\"heading.default\">\n\t\t\t\t\t<h2 class=\"elementor-heading-title elementor-size-default\">Keune Kujdeset<\/h2>\t\t\t\t<\/div>\n\t\t\t\t<div class=\"elementor-element elementor-element-9a93fcb elementor-widget elementor-widget-text-editor\" data-id=\"9a93fcb\" data-element_type=\"widget\" data-widget_type=\"text-editor.default\">\n\t\t\t\t\t\t\t\t\tNe jemi n\u00eb nj\u00eb mision! Si biznes familjar, ne besojm\u00eb fuqimisht se \u00ebsht\u00eb p\u00ebrgjegj\u00ebsia jon\u00eb t\u00eb kujdesemi p\u00ebr planetin dhe njer\u00ebzit. Ne e b\u00ebjm\u00eb k\u00ebt\u00eb p\u00ebrmes programit ton\u00eb t\u00eb q\u00ebndrueshm\u00ebris\u00eb Keune Cares. Jo vet\u00ebm p\u00ebr veten ton\u00eb, por ve\u00e7an\u00ebrisht p\u00ebr brezat e ardhsh\u00ebm.\t\t\t\t\t\t\t\t<\/div>\n\t\t\t\t<div class=\"elementor-element elementor-element-5b83bdd elementor-align-left elementor-widget elementor-widget-button\" data-id=\"5b83bdd\" data-element_type=\"widget\" data-widget_type=\"button.default\">\n\t\t\t\t\t\t\t\t\t\t<a class=\"elementor-button elementor-button-link elementor-size-sm\" href=\"#\">\n\t\t\t\t\t\t<span class=\"elementor-button-content-wrapper\">\n\t\t\t\t\t\t\t\t\t<span class=\"elementor-button-text\">Lexo m\u00eb shum\u00eb<\/span>\n\t\t\t\t\t<\/span>\n\t\t\t\t\t<\/a>\n\t\t\t\t\t\t\t\t<\/div>\n\t\t\t\t<\/div>\n\t\t<div class=\"elementor-element elementor-element-ad731c5 e-con-full e-flex e-con e-child\" data-id=\"ad731c5\" data-element_type=\"container\">\n\t\t\t\t<div class=\"elementor-element elementor-element-76fb5b8 elementor-widget elementor-widget-image\" data-id=\"76fb5b8\" data-element_type=\"widget\" data-widget_type=\"image.default\">\n\t\t\t\t\t\t\t\t\t\t\t\t\t\t\t<img decoding=\"async\" width=\"1080\" height=\"675\" src=\"https:\/\/keune.al\/wp-content\/uploads\/2025\/08\/Keune-Cares-mainfoto-min.webp\" class=\"attachment-full size-full wp-image-308\" alt=\"\" srcset=\"https:\/\/keune.al\/wp-content\/uploads\/2025\/08\/Keune-Cares-mainfoto-min.webp 1080w, https:\/\/keune.al\/wp-content\/uploads\/2025\/08\/Keune-Cares-mainfoto-min-600x375.webp 600w, https:\/\/keune.al\/wp-content\/uploads\/2025\/08\/Keune-Cares-mainfoto-min-300x188.webp 300w, https:\/\/keune.al\/wp-content\/uploads\/2025\/08\/Keune-Cares-mainfoto-min-1024x640.webp 1024w, https:\/\/keune.al\/wp-content\/uploads\/2025\/08\/Keune-Cares-mainfoto-min-768x480.webp 768w\" sizes=\"(max-width: 1080px) 100vw, 1080px\" \/>\t\t\t\t\t\t\t\t\t\t\t\t\t\t\t<\/div>\n\t\t\t\t<\/div>\n\t\t\t\t<\/div>\n\t\t<div class=\"elementor-element elementor-element-d1754bd e-con-full e-flex e-con e-parent\" data-id=\"d1754bd\" data-element_type=\"container\">\n\t\t<div class=\"elementor-element elementor-element-df20d62 e-con-full e-flex e-con e-child\" data-id=\"df20d62\" data-element_type=\"container\">\n\t\t\t\t<div class=\"elementor-element elementor-element-db86150 elementor-widget elementor-widget-image\" data-id=\"db86150\" data-element_type=\"widget\" data-widget_type=\"image.default\">\n\t\t\t\t\t\t\t\t\t\t\t\t\t\t\t<img decoding=\"async\" width=\"1080\" height=\"720\" src=\"https:\/\/keune.al\/wp-content\/uploads\/2025\/08\/2G7A0182ZW.webp\" class=\"attachment-full size-full wp-image-309\" alt=\"\" srcset=\"https:\/\/keune.al\/wp-content\/uploads\/2025\/08\/2G7A0182ZW.webp 1080w, https:\/\/keune.al\/wp-content\/uploads\/2025\/08\/2G7A0182ZW-600x400.webp 600w, https:\/\/keune.al\/wp-content\/uploads\/2025\/08\/2G7A0182ZW-300x200.webp 300w, https:\/\/keune.al\/wp-content\/uploads\/2025\/08\/2G7A0182ZW-1024x683.webp 1024w, https:\/\/keune.al\/wp-content\/uploads\/2025\/08\/2G7A0182ZW-768x512.webp 768w\" sizes=\"(max-width: 1080px) 100vw, 1080px\" \/>\t\t\t\t\t\t\t\t\t\t\t\t\t\t\t<\/div>\n\t\t\t\t<\/div>\n\t\t<div class=\"elementor-element elementor-element-ed8396a e-con-full e-flex e-con e-child\" data-id=\"ed8396a\" data-element_type=\"container\">\n\t\t\t\t<div class=\"elementor-element elementor-element-9364bfc elementor-widget elementor-widget-heading\" data-id=\"9364bfc\" data-element_type=\"widget\" data-widget_type=\"heading.default\">\n\t\t\t\t\t<h2 class=\"elementor-heading-title elementor-size-default\">Eksploroni Laboratorin ton\u00eb Keune<\/h2>\t\t\t\t<\/div>\n\t\t\t\t<div class=\"elementor-element elementor-element-f55527c elementor-widget elementor-widget-text-editor\" data-id=\"f55527c\" data-element_type=\"widget\" data-widget_type=\"text-editor.default\">\n\t\t\t\t\t\t\t\t\tShkenca \u00ebsht\u00eb n\u00eb ADN-n\u00eb ton\u00eb. Laboratori Keune \u00ebsht\u00eb baza shkencore p\u00ebr t\u00eb gjitha inovacionet e produkteve tona. \u00c7do produkt q\u00eb prodhojm\u00eb krijohet n\u00eb Laboratorin ton\u00eb Keune. Me vendosm\u00ebrin\u00eb e ekspert\u00ebve tan\u00eb, Keune \u00ebsht\u00eb n\u00eb gjendje t\u00eb projektoj\u00eb dhe zhvilloj\u00eb produkte t\u00eb reja q\u00eb jan\u00eb t\u00eb p\u00ebrshtatura me ADN-n\u00eb e Keune dhe pritshm\u00ebrit\u00eb e konsumator\u00ebve n\u00eb t\u00eb gjith\u00eb bot\u00ebn.\t\t\t\t\t\t\t\t<\/div>\n\t\t\t\t<div class=\"elementor-element elementor-element-b097582 elementor-align-left elementor-widget elementor-widget-button\" data-id=\"b097582\" data-element_type=\"widget\" data-widget_type=\"button.default\">\n\t\t\t\t\t\t\t\t\t\t<a class=\"elementor-button elementor-button-link elementor-size-sm\" href=\"#\">\n\t\t\t\t\t\t<span class=\"elementor-button-content-wrapper\">\n\t\t\t\t\t\t\t\t\t<span class=\"elementor-button-text\">Lexo m\u00eb shum\u00eb<\/span>\n\t\t\t\t\t<\/span>\n\t\t\t\t\t<\/a>\n\t\t\t\t\t\t\t\t<\/div>\n\t\t\t\t<\/div>\n\t\t\t\t<\/div>\n\t\t\t\t<\/div>","protected":false},"excerpt":{"rendered":"<p>About Keune Haircosmetics Hi we&#8217;re Keune! We have been making hair products for professionals since 1922. But we are so much more than just a supplier. All salons that work with us are a part of the Keune family. We say that not only because we are a family business, but because it suits our [&hellip;]<\/p>","protected":false},"author":1,"featured_media":0,"parent":0,"menu_order":0,"comment_status":"closed","ping_status":"closed","template":"elementor_header_footer","meta":{"footnotes":""},"class_list":["post-304","page","type-page","status-publish","hentry"],"blocksy_meta":[],"_links":{"self":[{"href":"https:\/\/keune.al\/sq\/wp-json\/wp\/v2\/pages\/304","targetHints":{"allow":["GET"]}}],"collection":[{"href":"https:\/\/keune.al\/sq\/wp-json\/wp\/v2\/pages"}],"about":[{"href":"https:\/\/keune.al\/sq\/wp-json\/wp\/v2\/types\/page"}],"author":[{"embeddable":true,"href":"https:\/\/keune.al\/sq\/wp-json\/wp\/v2\/users\/1"}],"replies":[{"embeddable":true,"href":"https:\/\/keune.al\/sq\/wp-json\/wp\/v2\/comments?post=304"}],"version-history":[{"count":13,"href":"https:\/\/keune.al\/sq\/wp-json\/wp\/v2\/pages\/304\/revisions"}],"predecessor-version":[{"id":323,"href":"https:\/\/keune.al\/sq\/wp-json\/wp\/v2\/pages\/304\/revisions\/323"}],"wp:attachment":[{"href":"https:\/\/keune.al\/sq\/wp-json\/wp\/v2\/media?parent=304"}],"curies":[{"name":"wp","href":"https:\/\/api.w.org\/{rel}","templated":true}]}}