{"id":1711,"date":"2025-11-02T05:16:13","date_gmt":"2025-11-02T05:16:13","guid":{"rendered":"https:\/\/keune.al\/?page_id=1711"},"modified":"2025-11-02T05:33:38","modified_gmt":"2025-11-02T05:33:38","slug":"ngjyra-keune","status":"publish","type":"page","link":"https:\/\/keune.al\/sq\/ngjyra-keune\/","title":{"rendered":"Keune Color"},"content":{"rendered":"<div data-elementor-type=\"wp-page\" data-elementor-id=\"1711\" class=\"elementor elementor-1711\">\n\t\t\t\t<div class=\"elementor-element elementor-element-09cf2c4 e-con-full e-flex e-con e-parent\" data-id=\"09cf2c4\" data-element_type=\"container\" data-settings=\"{&quot;background_background&quot;:&quot;classic&quot;}\">\n\t\t\t\t<div class=\"elementor-element elementor-element-bcfd07b elementor-widget elementor-widget-text-editor\" data-id=\"bcfd07b\" data-element_type=\"widget\" data-widget_type=\"text-editor.default\">\n\t\t\t\t\t\t\t\t\t<p>Ekziston nj\u00eb ngjyrosje flok\u00ebsh Keune p\u00ebr t\u00eb gjith\u00eb<\/p>\t\t\t\t\t\t\t\t<\/div>\n\t\t\t\t<div class=\"elementor-element elementor-element-0f65a22 elementor-widget elementor-widget-heading\" data-id=\"0f65a22\" data-element_type=\"widget\" data-widget_type=\"heading.default\">\n\t\t\t\t\t<h1 class=\"elementor-heading-title elementor-size-default\">Keune Color<\/h1>\t\t\t\t<\/div>\n\t\t\t\t<\/div>\n\t\t<div class=\"elementor-element elementor-element-2b5e977 e-con-full e-flex e-con e-parent\" data-id=\"2b5e977\" data-element_type=\"container\" data-settings=\"{&quot;background_background&quot;:&quot;classic&quot;}\">\n\t\t<div class=\"elementor-element elementor-element-af174a5 e-con-full e-flex e-con e-child\" data-id=\"af174a5\" data-element_type=\"container\">\n\t\t\t\t<div class=\"elementor-element elementor-element-39f948c elementor-widget elementor-widget-image\" data-id=\"39f948c\" data-element_type=\"widget\" data-widget_type=\"image.default\">\n\t\t\t\t\t\t\t\t\t\t\t\t\t\t\t<img fetchpriority=\"high\" decoding=\"async\" width=\"1024\" height=\"683\" src=\"https:\/\/keune.al\/wp-content\/uploads\/2025\/11\/Keune-Tinta-Color-Update-2023-Copper-Model_1772x1182-1024x683.webp\" class=\"attachment-large size-large wp-image-1718\" alt=\"\" srcset=\"https:\/\/keune.al\/wp-content\/uploads\/2025\/11\/Keune-Tinta-Color-Update-2023-Copper-Model_1772x1182-1024x683.webp 1024w, https:\/\/keune.al\/wp-content\/uploads\/2025\/11\/Keune-Tinta-Color-Update-2023-Copper-Model_1772x1182-300x200.webp 300w, https:\/\/keune.al\/wp-content\/uploads\/2025\/11\/Keune-Tinta-Color-Update-2023-Copper-Model_1772x1182-768x512.webp 768w, https:\/\/keune.al\/wp-content\/uploads\/2025\/11\/Keune-Tinta-Color-Update-2023-Copper-Model_1772x1182-18x12.webp 18w, https:\/\/keune.al\/wp-content\/uploads\/2025\/11\/Keune-Tinta-Color-Update-2023-Copper-Model_1772x1182-600x400.webp 600w, https:\/\/keune.al\/wp-content\/uploads\/2025\/11\/Keune-Tinta-Color-Update-2023-Copper-Model_1772x1182-64x43.webp 64w, https:\/\/keune.al\/wp-content\/uploads\/2025\/11\/Keune-Tinta-Color-Update-2023-Copper-Model_1772x1182.webp 1080w\" sizes=\"(max-width: 1024px) 100vw, 1024px\" \/>\t\t\t\t\t\t\t\t\t\t\t\t\t\t\t<\/div>\n\t\t\t\t<\/div>\n\t\t<div class=\"elementor-element elementor-element-747bcab e-con-full e-flex e-con e-child\" data-id=\"747bcab\" data-element_type=\"container\">\n\t\t\t\t<div class=\"elementor-element elementor-element-8b48345 elementor-widget elementor-widget-text-editor\" data-id=\"8b48345\" data-element_type=\"widget\" data-widget_type=\"text-editor.default\">\n\t\t\t\t\t\t\t\t\t<h2 class=\"textAndMedia_title__R0suD\">Ngjyra Keune \u2013 Ngjyr\u00eb<\/h2><div class=\"richtext_richText__EPidn textAndMedia_text__68PeW\"><p>Ngjyra e p\u00ebrhershme p\u00ebrb\u00ebhet nga pigmente oksiduese. K\u00ebto pigmente jan\u00eb pigmente t\u00eb vogla pa ngjyr\u00eb, t\u00eb pazhvilluara q\u00eb mund t\u00eb dep\u00ebrtojn\u00eb leht\u00ebsisht n\u00eb korteks. Ato zhvillohen n\u00eb molekula t\u00eb m\u00ebdha me ngjyra q\u00eb bllokohen brenda flok\u00ebve nga oksigjeni nga peroksidi i hidrogjenit. Ato fiksohen n\u00eb korteks dhe japin nj\u00eb rezultat ngjyre t\u00eb p\u00ebrhershme dhe afatgjat\u00eb.<\/p><p>Gama jon\u00eb e ngjyrave t\u00eb p\u00ebrhershme, Tinta Color, ofron kondicionim t\u00eb shk\u00eblqyer, shk\u00eblqim t\u00eb ndritsh\u00ebm dhe mbulim t\u00eb p\u00ebrsosur.<\/p><\/div>\t\t\t\t\t\t\t\t<\/div>\n\t\t\t\t<\/div>\n\t\t\t\t<\/div>\n\t\t<div class=\"elementor-element elementor-element-e062aa2 e-con-full e-flex e-con e-parent\" data-id=\"e062aa2\" data-element_type=\"container\" data-settings=\"{&quot;background_background&quot;:&quot;classic&quot;}\">\n\t\t<div class=\"elementor-element elementor-element-e7936e8 e-con-full e-flex e-con e-child\" data-id=\"e7936e8\" data-element_type=\"container\">\n\t\t\t\t<div class=\"elementor-element elementor-element-1473d41 elementor-widget elementor-widget-text-editor\" data-id=\"1473d41\" data-element_type=\"widget\" data-widget_type=\"text-editor.default\">\n\t\t\t\t\t\t\t\t\t<h2 class=\"textAndMedia_title__R0suD\">Keune Semi Color<\/h2><div class=\"richtext_richText__EPidn textAndMedia_text__68PeW\"><p>Ngjyra gjysm\u00eb-permanente \u00ebsht\u00eb nj\u00eb opsion ngjyrosjeje flok\u00ebsh m\u00eb pak permanente. Ky lloj ngjyre flok\u00ebsh p\u00ebrb\u00ebhet nga nj\u00eb kombinim i pigmenteve oksiduese dhe jo-oksiduese. Pigmentet jo-oksiduese jan\u00eb m\u00eb t\u00eb m\u00ebdha, vendosen rreth flok\u00ebve dhe lahen m\u00eb leht\u00eb.<\/p><p>Gama jon\u00eb e ngjyrave gjysm\u00eb-permanente, Semi Color, \u00ebsht\u00eb nj\u00eb gam\u00eb pa amoniak me tone t\u00eb buta, me pamje natyrale dhe nj\u00eb shk\u00eblqim t\u00eb shndritsh\u00ebm.<\/p><\/div>\t\t\t\t\t\t\t\t<\/div>\n\t\t\t\t<\/div>\n\t\t<div class=\"elementor-element elementor-element-6d1a70d e-con-full e-flex e-con e-child\" data-id=\"6d1a70d\" data-element_type=\"container\">\n\t\t\t\t<div class=\"elementor-element elementor-element-e585099 elementor-widget elementor-widget-image\" data-id=\"e585099\" data-element_type=\"widget\" data-widget_type=\"image.default\">\n\t\t\t\t\t\t\t\t\t\t\t\t\t\t\t<img decoding=\"async\" width=\"1024\" height=\"717\" src=\"https:\/\/keune.al\/wp-content\/uploads\/2025\/11\/Keune-Semi-Color-Update-2020-Blonde-Toner-Treatment-02-medium-1024x717.webp\" class=\"attachment-large size-large wp-image-1717\" alt=\"\" srcset=\"https:\/\/keune.al\/wp-content\/uploads\/2025\/11\/Keune-Semi-Color-Update-2020-Blonde-Toner-Treatment-02-medium-1024x717.webp 1024w, https:\/\/keune.al\/wp-content\/uploads\/2025\/11\/Keune-Semi-Color-Update-2020-Blonde-Toner-Treatment-02-medium-300x210.webp 300w, https:\/\/keune.al\/wp-content\/uploads\/2025\/11\/Keune-Semi-Color-Update-2020-Blonde-Toner-Treatment-02-medium-768x538.webp 768w, https:\/\/keune.al\/wp-content\/uploads\/2025\/11\/Keune-Semi-Color-Update-2020-Blonde-Toner-Treatment-02-medium-18x12.webp 18w, https:\/\/keune.al\/wp-content\/uploads\/2025\/11\/Keune-Semi-Color-Update-2020-Blonde-Toner-Treatment-02-medium-600x420.webp 600w, https:\/\/keune.al\/wp-content\/uploads\/2025\/11\/Keune-Semi-Color-Update-2020-Blonde-Toner-Treatment-02-medium-64x45.webp 64w, https:\/\/keune.al\/wp-content\/uploads\/2025\/11\/Keune-Semi-Color-Update-2020-Blonde-Toner-Treatment-02-medium.webp 1080w\" sizes=\"(max-width: 1024px) 100vw, 1024px\" \/>\t\t\t\t\t\t\t\t\t\t\t\t\t\t\t<\/div>\n\t\t\t\t<\/div>\n\t\t\t\t<\/div>\n\t\t<div class=\"elementor-element elementor-element-b73afc2 e-con-full e-flex e-con e-parent\" data-id=\"b73afc2\" data-element_type=\"container\" data-settings=\"{&quot;background_background&quot;:&quot;classic&quot;}\">\n\t\t<div class=\"elementor-element elementor-element-d7c87bd e-con-full e-flex e-con e-child\" data-id=\"d7c87bd\" data-element_type=\"container\">\n\t\t\t\t<div class=\"elementor-element elementor-element-366e58f elementor-widget elementor-widget-image\" data-id=\"366e58f\" data-element_type=\"widget\" data-widget_type=\"image.default\">\n\t\t\t\t\t\t\t\t\t\t\t\t\t\t\t<img decoding=\"async\" width=\"1024\" height=\"791\" src=\"https:\/\/keune.al\/wp-content\/uploads\/2025\/11\/UltimateBlonde-2024-SingleShot-Silke-online-1024x791.webp\" class=\"attachment-large size-large wp-image-1716\" alt=\"\" srcset=\"https:\/\/keune.al\/wp-content\/uploads\/2025\/11\/UltimateBlonde-2024-SingleShot-Silke-online-1024x791.webp 1024w, https:\/\/keune.al\/wp-content\/uploads\/2025\/11\/UltimateBlonde-2024-SingleShot-Silke-online-300x232.webp 300w, https:\/\/keune.al\/wp-content\/uploads\/2025\/11\/UltimateBlonde-2024-SingleShot-Silke-online-768x593.webp 768w, https:\/\/keune.al\/wp-content\/uploads\/2025\/11\/UltimateBlonde-2024-SingleShot-Silke-online-16x12.webp 16w, https:\/\/keune.al\/wp-content\/uploads\/2025\/11\/UltimateBlonde-2024-SingleShot-Silke-online-600x463.webp 600w, https:\/\/keune.al\/wp-content\/uploads\/2025\/11\/UltimateBlonde-2024-SingleShot-Silke-online-64x49.webp 64w, https:\/\/keune.al\/wp-content\/uploads\/2025\/11\/UltimateBlonde-2024-SingleShot-Silke-online.webp 1080w\" sizes=\"(max-width: 1024px) 100vw, 1024px\" \/>\t\t\t\t\t\t\t\t\t\t\t\t\t\t\t<\/div>\n\t\t\t\t<\/div>\n\t\t<div class=\"elementor-element elementor-element-6df185a e-con-full e-flex e-con e-child\" data-id=\"6df185a\" data-element_type=\"container\">\n\t\t\t\t<div class=\"elementor-element elementor-element-9e10acb elementor-widget elementor-widget-text-editor\" data-id=\"9e10acb\" data-element_type=\"widget\" data-widget_type=\"text-editor.default\">\n\t\t\t\t\t\t\t\t\t<h2 class=\"textAndMedia_title__R0suD\">Keune Ultimate Blonde<\/h2><div class=\"richtext_richText__EPidn textAndMedia_text__68PeW\"><p>Me gam\u00ebn ton\u00eb Ultimate Blonde, ekziston nj\u00eb m\u00ebnyr\u00eb p\u00ebr t\u00eb arritur \u00e7do ambicie p\u00ebr bjonde. Ultimate Blonde \u00ebsht\u00eb nj\u00eb gam\u00eb pluhurash zbardhues profesional p\u00ebr rezultate t\u00eb bukura dhe t\u00eb ndritshme dhe nj\u00eb koleksion tonik\u00ebsh p\u00ebr t&#039;i dh\u00ebn\u00eb ngjyr\u00eb bjonde.<\/p><\/div>\t\t\t\t\t\t\t\t<\/div>\n\t\t\t\t<\/div>\n\t\t\t\t<\/div>\n\t\t<div class=\"elementor-element elementor-element-75ce408 e-con-full e-flex e-con e-parent\" data-id=\"75ce408\" data-element_type=\"container\" data-settings=\"{&quot;background_background&quot;:&quot;classic&quot;}\">\n\t\t<div class=\"elementor-element elementor-element-7994dfe e-con-full e-flex e-con e-child\" data-id=\"7994dfe\" data-element_type=\"container\">\n\t\t\t\t<div class=\"elementor-element elementor-element-c3564f9 elementor-widget elementor-widget-text-editor\" data-id=\"c3564f9\" data-element_type=\"widget\" data-widget_type=\"text-editor.default\">\n\t\t\t\t\t\t\t\t\t<h2 class=\"textAndMedia_title__R0suD\">Kameleoni i Ngjyrave Keune<\/h2><div class=\"richtext_richText__EPidn textAndMedia_text__68PeW\"><p>Zbuloni \u00ebndrrat tuaja t\u00eb brendshme dhe l\u00ebreni personalitetin tuaj t\u00eb flas\u00eb me Keune Color Chameleon. Tregoni an\u00ebn tuaj t\u00ebrheq\u00ebse me nj\u00eb ngjyr\u00eb t\u00eb ndezur flok\u00ebsh, por ruani mund\u00ebsin\u00eb p\u00ebr t&#039;u rikthyer n\u00eb ngjyr\u00ebn tuaj tradicionale t\u00eb flok\u00ebve m\u00eb pas. Ngjyrat Keune Color Chameleon jan\u00eb plot\u00ebsisht t\u00eb l\u00ebvizshme.<\/p><\/div>\t\t\t\t\t\t\t\t<\/div>\n\t\t\t\t<\/div>\n\t\t<div class=\"elementor-element elementor-element-dd0dc2c e-con-full e-flex e-con e-child\" data-id=\"dd0dc2c\" data-element_type=\"container\">\n\t\t\t\t<div class=\"elementor-element elementor-element-620ffc9 elementor-widget elementor-widget-image\" data-id=\"620ffc9\" data-element_type=\"widget\" data-widget_type=\"image.default\">\n\t\t\t\t\t\t\t\t\t\t\t\t\t\t\t<img loading=\"lazy\" decoding=\"async\" width=\"1024\" height=\"684\" src=\"https:\/\/keune.al\/wp-content\/uploads\/2025\/11\/Keune-Color-Chameleon-Multicolor-Rainbow-Keyvisual-02-medium-1024x684.webp\" class=\"attachment-large size-large wp-image-1715\" alt=\"\" srcset=\"https:\/\/keune.al\/wp-content\/uploads\/2025\/11\/Keune-Color-Chameleon-Multicolor-Rainbow-Keyvisual-02-medium-1024x684.webp 1024w, https:\/\/keune.al\/wp-content\/uploads\/2025\/11\/Keune-Color-Chameleon-Multicolor-Rainbow-Keyvisual-02-medium-300x200.webp 300w, https:\/\/keune.al\/wp-content\/uploads\/2025\/11\/Keune-Color-Chameleon-Multicolor-Rainbow-Keyvisual-02-medium-768x513.webp 768w, https:\/\/keune.al\/wp-content\/uploads\/2025\/11\/Keune-Color-Chameleon-Multicolor-Rainbow-Keyvisual-02-medium-18x12.webp 18w, https:\/\/keune.al\/wp-content\/uploads\/2025\/11\/Keune-Color-Chameleon-Multicolor-Rainbow-Keyvisual-02-medium-600x401.webp 600w, https:\/\/keune.al\/wp-content\/uploads\/2025\/11\/Keune-Color-Chameleon-Multicolor-Rainbow-Keyvisual-02-medium-64x43.webp 64w, https:\/\/keune.al\/wp-content\/uploads\/2025\/11\/Keune-Color-Chameleon-Multicolor-Rainbow-Keyvisual-02-medium.webp 1080w\" sizes=\"(max-width: 1024px) 100vw, 1024px\" \/>\t\t\t\t\t\t\t\t\t\t\t\t\t\t\t<\/div>\n\t\t\t\t<\/div>\n\t\t\t\t<\/div>\n\t\t<div class=\"elementor-element elementor-element-75b390f e-con-full e-flex e-con e-parent\" data-id=\"75b390f\" data-element_type=\"container\" data-settings=\"{&quot;background_background&quot;:&quot;classic&quot;}\">\n\t\t<div class=\"elementor-element elementor-element-c553c77 e-con-full e-flex e-con e-child\" data-id=\"c553c77\" data-element_type=\"container\">\n\t\t\t\t<div class=\"elementor-element elementor-element-e8e5800 elementor-widget elementor-widget-image\" data-id=\"e8e5800\" data-element_type=\"widget\" data-widget_type=\"image.default\">\n\t\t\t\t\t\t\t\t\t\t\t\t\t\t\t<img loading=\"lazy\" decoding=\"async\" width=\"1024\" height=\"684\" src=\"https:\/\/keune.al\/wp-content\/uploads\/2025\/11\/Color-Bond-Fusion-foto006-0917-mirrored-medium-min-1024x684.webp\" class=\"attachment-large size-large wp-image-1714\" alt=\"\" srcset=\"https:\/\/keune.al\/wp-content\/uploads\/2025\/11\/Color-Bond-Fusion-foto006-0917-mirrored-medium-min-1024x684.webp 1024w, https:\/\/keune.al\/wp-content\/uploads\/2025\/11\/Color-Bond-Fusion-foto006-0917-mirrored-medium-min-300x200.webp 300w, https:\/\/keune.al\/wp-content\/uploads\/2025\/11\/Color-Bond-Fusion-foto006-0917-mirrored-medium-min-768x513.webp 768w, https:\/\/keune.al\/wp-content\/uploads\/2025\/11\/Color-Bond-Fusion-foto006-0917-mirrored-medium-min-18x12.webp 18w, https:\/\/keune.al\/wp-content\/uploads\/2025\/11\/Color-Bond-Fusion-foto006-0917-mirrored-medium-min-600x401.webp 600w, https:\/\/keune.al\/wp-content\/uploads\/2025\/11\/Color-Bond-Fusion-foto006-0917-mirrored-medium-min-64x43.webp 64w, https:\/\/keune.al\/wp-content\/uploads\/2025\/11\/Color-Bond-Fusion-foto006-0917-mirrored-medium-min.webp 1080w\" sizes=\"(max-width: 1024px) 100vw, 1024px\" \/>\t\t\t\t\t\t\t\t\t\t\t\t\t\t\t<\/div>\n\t\t\t\t<\/div>\n\t\t<div class=\"elementor-element elementor-element-fc926ba e-con-full e-flex e-con e-child\" data-id=\"fc926ba\" data-element_type=\"container\">\n\t\t\t\t<div class=\"elementor-element elementor-element-17f43f4 elementor-widget elementor-widget-text-editor\" data-id=\"17f43f4\" data-element_type=\"widget\" data-widget_type=\"text-editor.default\">\n\t\t\t\t\t\t\t\t\t<h2 class=\"textAndMedia_title__R0suD\">Keune Bond Fusion<\/h2><div class=\"richtext_richText__EPidn textAndMedia_text__68PeW\"><p>Keune Bond Fusion tregon kujdes afatgjat\u00eb p\u00ebr flok\u00ebt e lyer. Ai forcon struktur\u00ebn e brendshme t\u00eb flok\u00ebve dhe p\u00ebrmir\u00ebson rezultatin e ngjyr\u00ebs.<\/p><\/div>\t\t\t\t\t\t\t\t<\/div>\n\t\t\t\t<\/div>\n\t\t\t\t<\/div>\n\t\t\t\t<\/div>","protected":false},"excerpt":{"rendered":"<p>There is a Keune hair coloring for everyone Keune Color Keune Color &#8211; Tinta Permanent color consist of oxidative pigments. These pigments are undeveloped, small colorless pigments that can easily penetrate into the cortex. They are developed into large, colored molecules that are locked inside the hair by the oxygen from the hydrogen peroxide. They [&hellip;]<\/p>","protected":false},"author":1,"featured_media":0,"parent":0,"menu_order":0,"comment_status":"closed","ping_status":"closed","template":"elementor_header_footer","meta":{"footnotes":""},"class_list":["post-1711","page","type-page","status-publish","hentry"],"blocksy_meta":[],"_links":{"self":[{"href":"https:\/\/keune.al\/sq\/wp-json\/wp\/v2\/pages\/1711","targetHints":{"allow":["GET"]}}],"collection":[{"href":"https:\/\/keune.al\/sq\/wp-json\/wp\/v2\/pages"}],"about":[{"href":"https:\/\/keune.al\/sq\/wp-json\/wp\/v2\/types\/page"}],"author":[{"embeddable":true,"href":"https:\/\/keune.al\/sq\/wp-json\/wp\/v2\/users\/1"}],"replies":[{"embeddable":true,"href":"https:\/\/keune.al\/sq\/wp-json\/wp\/v2\/comments?post=1711"}],"version-history":[{"count":4,"href":"https:\/\/keune.al\/sq\/wp-json\/wp\/v2\/pages\/1711\/revisions"}],"predecessor-version":[{"id":1721,"href":"https:\/\/keune.al\/sq\/wp-json\/wp\/v2\/pages\/1711\/revisions\/1721"}],"wp:attachment":[{"href":"https:\/\/keune.al\/sq\/wp-json\/wp\/v2\/media?parent=1711"}],"curies":[{"name":"wp","href":"https:\/\/api.w.org\/{rel}","templated":true}]}}