{"id":1281,"date":"2025-10-02T07:27:31","date_gmt":"2025-10-02T07:27:31","guid":{"rendered":"https:\/\/keune.al\/?page_id=1281"},"modified":"2025-10-02T07:31:00","modified_gmt":"2025-10-02T07:31:00","slug":"vellimi-absolut-i-kujdesit-keune","status":"publish","type":"page","link":"https:\/\/keune.al\/sq\/vellimi-absolut-i-kujdesit-keune\/","title":{"rendered":"v\u00ebllimi absolut i kujdesit keune"},"content":{"rendered":"<div data-elementor-type=\"wp-page\" data-elementor-id=\"1281\" class=\"elementor elementor-1281\">\n\t\t\t\t<div class=\"elementor-element elementor-element-7ce75fb e-con-full e-flex e-con e-parent\" data-id=\"7ce75fb\" data-element_type=\"container\" data-settings=\"{&quot;background_background&quot;:&quot;classic&quot;}\">\n\t\t\t\t<div class=\"elementor-element elementor-element-a86da55 elementor-widget elementor-widget-heading\" data-id=\"a86da55\" data-element_type=\"widget\" data-widget_type=\"heading.default\">\n\t\t\t\t\t<h1 class=\"elementor-heading-title elementor-size-default\">V\u00ebllimi Absolut<\/h1>\t\t\t\t<\/div>\n\t\t\t\t<div class=\"elementor-element elementor-element-b58825f elementor-widget elementor-widget-text-editor\" data-id=\"b58825f\" data-element_type=\"widget\" data-widget_type=\"text-editor.default\">\n\t\t\t\t\t\t\t\t\t<p>P\u00ebr flok\u00eb t\u00eb holl\u00eb p\u00ebr ngritje dhe v\u00ebllim.<\/p>\t\t\t\t\t\t\t\t<\/div>\n\t\t\t\t<\/div>\n\t\t<div class=\"elementor-element elementor-element-6ef3c04 e-con-full e-flex e-con e-parent\" data-id=\"6ef3c04\" data-element_type=\"container\" data-settings=\"{&quot;background_background&quot;:&quot;classic&quot;}\">\n\t\t\t\t<div class=\"elementor-element elementor-element-49a7822 elementor-widget elementor-widget-heading\" data-id=\"49a7822\" data-element_type=\"widget\" data-widget_type=\"heading.default\">\n\t\t\t\t\t<h2 class=\"elementor-heading-title elementor-size-default\">Formul\u00eb me performanc\u00eb t\u00eb lart\u00eb p\u00ebr rezultate t\u00eb menj\u00ebhershme.<\/h2>\t\t\t\t<\/div>\n\t\t\t\t<div class=\"elementor-element elementor-element-a2f2f42 elementor-widget elementor-widget-text-editor\" data-id=\"a2f2f42\" data-element_type=\"widget\" data-widget_type=\"text-editor.default\">\n\t\t\t\t\t\t\t\t\tRritni amplifikimin me rutin\u00ebn Absolute Volume, t\u00eb pasuruar me Ekstrakt Zambaku dhe Hidrolizat Proteine Orizi. I krijuar me p\u00ebrzierjen perfekte t\u00eb natyr\u00ebs dhe shkenc\u00ebs, ky koleksion \u00ebsht\u00eb krijuar p\u00ebr t&#039;i dh\u00ebn\u00eb jet\u00eb, trup dhe trash\u00ebsi flok\u00ebve tuaj, duke i p\u00ebrgatitur n\u00eb m\u00ebnyr\u00eb t\u00eb p\u00ebrkryer p\u00ebr nj\u00eb stilim voluminoz dhe josh\u00ebs q\u00eb zgjat. \t\t\t\t\t\t\t\t<\/div>\n\t\t\t\t<\/div>\n\t\t<div class=\"elementor-element elementor-element-040426c e-con-full e-flex e-con e-parent\" data-id=\"040426c\" data-element_type=\"container\" data-settings=\"{&quot;background_background&quot;:&quot;classic&quot;}\">\n\t\t\t\t<div class=\"elementor-element elementor-element-64130e9 elementor-widget elementor-widget-heading\" data-id=\"64130e9\" data-element_type=\"widget\" data-widget_type=\"heading.default\">\n\t\t\t\t\t<h2 class=\"elementor-heading-title elementor-size-default\">Produkte t\u00eb ngjashme<\/h2>\t\t\t\t<\/div>\n\t\t\t\t<div class=\"elementor-element elementor-element-57be860 elementor-widget elementor-widget-eael-woo-product-carousel\" data-id=\"57be860\" data-element_type=\"widget\" data-widget_type=\"eael-woo-product-carousel.default\">\n\t\t\t\t\t\n        <div class=\"swiper-container-wrap eael-woo-product-carousel-container preset-3\" id=\"eael-product-carousel-57be860\" data-widget-id=\"57be860\" >\n            <div class=\"woocommerce swiper swiper-8 eael-woo-product-carousel swiper-container-57be860 eael-product-appender-57be860 eael-hide-buttons swiper-image-stretch\" data-pagination=\".swiper-pagination-57be860\" data-arrow-next=\".swiper-button-next-57be860\" data-arrow-prev=\".swiper-button-prev-57be860\" data-type=\"preset-3\" data-effect=\"slide\" data-items=\"6\" data-slide-items=\"1\" data-margin=\"10\" data-speed=\"400\" data-autoplay=\"2000\" data-loop=\"1\" data-grab-cursor=\"1\"><div class=\"swiper-wrapper products\">    <div class=\"product swiper-slide post-2417 type-product status-publish has-post-thumbnail product_cat-conditioner-so-pure product_cat-so-pure pa_variant-1000ml pa_variant-400ml first instock shipping-taxable purchasable product-type-variable has-default-attributes\">\n        <div class=\"eael-product-carousel\">\n            <div class=\"product-image-wrap\">\n                <div class=\"image-wrap\">\n                    <a href=\"https:\/\/keune.al\/sq\/produkt\/so-pure-cool-conditioner-refill-1000ml\/\" class=\"woocommerce-LoopProduct-link woocommerce-loop-product__link\"><img fetchpriority=\"high\" decoding=\"async\" width=\"1080\" height=\"1080\" src=\"https:\/\/keune.al\/wp-content\/uploads\/2025\/09\/So-Pure-Cool-Conditioner-Refill-1000ml.webp\" class=\"attachment-full size-full\" alt=\"Rimbush\u00ebs me balsam So Pure Cool\" loading=\"eager\" srcset=\"https:\/\/keune.al\/wp-content\/uploads\/2025\/09\/So-Pure-Cool-Conditioner-Refill-1000ml.webp 1080w, https:\/\/keune.al\/wp-content\/uploads\/2025\/09\/So-Pure-Cool-Conditioner-Refill-1000ml-300x300.webp 300w, https:\/\/keune.al\/wp-content\/uploads\/2025\/09\/So-Pure-Cool-Conditioner-Refill-1000ml-1024x1024.webp 1024w, https:\/\/keune.al\/wp-content\/uploads\/2025\/09\/So-Pure-Cool-Conditioner-Refill-1000ml-150x150.webp 150w, https:\/\/keune.al\/wp-content\/uploads\/2025\/09\/So-Pure-Cool-Conditioner-Refill-1000ml-768x768.webp 768w, https:\/\/keune.al\/wp-content\/uploads\/2025\/09\/So-Pure-Cool-Conditioner-Refill-1000ml-12x12.webp 12w, https:\/\/keune.al\/wp-content\/uploads\/2025\/09\/So-Pure-Cool-Conditioner-Refill-1000ml-600x600.webp 600w, https:\/\/keune.al\/wp-content\/uploads\/2025\/09\/So-Pure-Cool-Conditioner-Refill-1000ml-100x100.webp 100w, https:\/\/keune.al\/wp-content\/uploads\/2025\/09\/So-Pure-Cool-Conditioner-Refill-1000ml-50x50.webp 50w, https:\/\/keune.al\/wp-content\/uploads\/2025\/09\/So-Pure-Cool-Conditioner-Refill-1000ml-64x64.webp 64w\" sizes=\"(max-width: 1080px) 100vw, 1080px\" \/><\/a>                <\/div>\n                <div class=\"image-hover-wrap\">\n                    <ul class=\"icons-wrap block-style\">\n                        \t                                            <li class=\"view-details\"><a href=\"https:\/\/keune.al\/sq\/produkt\/so-pure-cool-conditioner-refill-1000ml\/\"><i class=\"fas fa-link\"><\/i><\/a><\/li>\n\n                    <\/ul>\n                                    <\/div>\n            <\/div>\n            <div class=\"product-details-wrap\">\n\t            <div class=\"eael-product-title\"><h2>So Pure Cool<\/h2><\/div><div class=\"eael-product-price\"><span class=\"woocommerce-Price-amount amount\" aria-hidden=\"true\"><bdi><span class=\"woocommerce-Price-currencySymbol\">L<\/span>4,500.00<\/bdi><\/span> <span aria-hidden=\"true\">\u2013<\/span> <span class=\"woocommerce-Price-amount amount\" aria-hidden=\"true\"><bdi><span class=\"woocommerce-Price-currencySymbol\">L<\/span>8,000.00<\/bdi><\/span><span class=\"screen-reader-text\" data-no-translation=\"\" data-trp-gettext=\"\">Diapazoni i \u00e7mimeve: L4,500.00 deri n\u00eb L8,000.00<\/span><\/div><div class=\"eael-star-rating\"><div class=\"eael-star-rating star-rating\"><span style=\"width:0%\" data-no-translation=\"\" data-trp-gettext=\"\">Vler\u00ebsuar me <strong class=\"rating\">0<\/strong> nga 5<\/span><\/div><\/div>\n            <\/div>\n        <\/div>\n\t<\/div>\n        <div class=\"product swiper-slide post-2412 type-product status-publish has-post-thumbnail product_cat-conditioner-so-pure product_cat-so-pure pa_variant-1000ml pa_variant-400ml  instock shipping-taxable purchasable product-type-variable has-default-attributes\">\n        <div class=\"eael-product-carousel\">\n            <div class=\"product-image-wrap\">\n                <div class=\"image-wrap\">\n                    <a href=\"https:\/\/keune.al\/sq\/produkt\/so-pure-restore-conditioner-refill-1000ml\/\" class=\"woocommerce-LoopProduct-link woocommerce-loop-product__link\"><img decoding=\"async\" width=\"1080\" height=\"1080\" src=\"https:\/\/keune.al\/wp-content\/uploads\/2025\/09\/So-Pure-Restore-Conditioner-Refill-1000ml.webp\" class=\"attachment-full size-full\" alt=\"Rimbush\u00ebs me balsam So Pure Restore\" loading=\"eager\" srcset=\"https:\/\/keune.al\/wp-content\/uploads\/2025\/09\/So-Pure-Restore-Conditioner-Refill-1000ml.webp 1080w, https:\/\/keune.al\/wp-content\/uploads\/2025\/09\/So-Pure-Restore-Conditioner-Refill-1000ml-300x300.webp 300w, https:\/\/keune.al\/wp-content\/uploads\/2025\/09\/So-Pure-Restore-Conditioner-Refill-1000ml-1024x1024.webp 1024w, https:\/\/keune.al\/wp-content\/uploads\/2025\/09\/So-Pure-Restore-Conditioner-Refill-1000ml-150x150.webp 150w, https:\/\/keune.al\/wp-content\/uploads\/2025\/09\/So-Pure-Restore-Conditioner-Refill-1000ml-768x768.webp 768w, https:\/\/keune.al\/wp-content\/uploads\/2025\/09\/So-Pure-Restore-Conditioner-Refill-1000ml-12x12.webp 12w, https:\/\/keune.al\/wp-content\/uploads\/2025\/09\/So-Pure-Restore-Conditioner-Refill-1000ml-600x600.webp 600w, https:\/\/keune.al\/wp-content\/uploads\/2025\/09\/So-Pure-Restore-Conditioner-Refill-1000ml-100x100.webp 100w, https:\/\/keune.al\/wp-content\/uploads\/2025\/09\/So-Pure-Restore-Conditioner-Refill-1000ml-50x50.webp 50w, https:\/\/keune.al\/wp-content\/uploads\/2025\/09\/So-Pure-Restore-Conditioner-Refill-1000ml-64x64.webp 64w\" sizes=\"(max-width: 1080px) 100vw, 1080px\" \/><\/a>                <\/div>\n                <div class=\"image-hover-wrap\">\n                    <ul class=\"icons-wrap block-style\">\n                        \t                                            <li class=\"view-details\"><a href=\"https:\/\/keune.al\/sq\/produkt\/so-pure-restore-conditioner-refill-1000ml\/\"><i class=\"fas fa-link\"><\/i><\/a><\/li>\n\n                    <\/ul>\n                                    <\/div>\n            <\/div>\n            <div class=\"product-details-wrap\">\n\t            <div class=\"eael-product-title\"><h2>So Pure Restore<\/h2><\/div><div class=\"eael-product-price\"><span class=\"woocommerce-Price-amount amount\" aria-hidden=\"true\"><bdi><span class=\"woocommerce-Price-currencySymbol\">L<\/span>4,500.00<\/bdi><\/span> <span aria-hidden=\"true\">\u2013<\/span> <span class=\"woocommerce-Price-amount amount\" aria-hidden=\"true\"><bdi><span class=\"woocommerce-Price-currencySymbol\">L<\/span>8,000.00<\/bdi><\/span><span class=\"screen-reader-text\" data-no-translation=\"\" data-trp-gettext=\"\">Diapazoni i \u00e7mimeve: L4,500.00 deri n\u00eb L8,000.00<\/span><\/div><div class=\"eael-star-rating\"><div class=\"eael-star-rating star-rating\"><span style=\"width:0%\" data-no-translation=\"\" data-trp-gettext=\"\">Vler\u00ebsuar me <strong class=\"rating\">0<\/strong> nga 5<\/span><\/div><\/div>\n            <\/div>\n        <\/div>\n\t<\/div>\n        <div class=\"product swiper-slide post-2408 type-product status-publish has-post-thumbnail product_cat-conditioner-so-pure product_cat-so-pure pa_variant-1000ml pa_variant-400ml  instock shipping-taxable purchasable product-type-variable has-default-attributes\">\n        <div class=\"eael-product-carousel\">\n            <div class=\"product-image-wrap\">\n                <div class=\"image-wrap\">\n                    <a href=\"https:\/\/keune.al\/sq\/produkt\/so-pure-clarify-conditioner-refill-1000ml\/\" class=\"woocommerce-LoopProduct-link woocommerce-loop-product__link\"><img decoding=\"async\" width=\"1080\" height=\"1080\" src=\"https:\/\/keune.al\/wp-content\/uploads\/2025\/09\/Keune-So-Pure-Clarify-Conditioner-Refill-400ml.webp\" class=\"attachment-full size-full\" alt=\"Rimbush\u00ebs me balsam So Pure Clarify\" loading=\"eager\" srcset=\"https:\/\/keune.al\/wp-content\/uploads\/2025\/09\/Keune-So-Pure-Clarify-Conditioner-Refill-400ml.webp 1080w, https:\/\/keune.al\/wp-content\/uploads\/2025\/09\/Keune-So-Pure-Clarify-Conditioner-Refill-400ml-300x300.webp 300w, https:\/\/keune.al\/wp-content\/uploads\/2025\/09\/Keune-So-Pure-Clarify-Conditioner-Refill-400ml-100x100.webp 100w, https:\/\/keune.al\/wp-content\/uploads\/2025\/09\/Keune-So-Pure-Clarify-Conditioner-Refill-400ml-600x600.webp 600w, https:\/\/keune.al\/wp-content\/uploads\/2025\/09\/Keune-So-Pure-Clarify-Conditioner-Refill-400ml-1024x1024.webp 1024w, https:\/\/keune.al\/wp-content\/uploads\/2025\/09\/Keune-So-Pure-Clarify-Conditioner-Refill-400ml-150x150.webp 150w, https:\/\/keune.al\/wp-content\/uploads\/2025\/09\/Keune-So-Pure-Clarify-Conditioner-Refill-400ml-768x768.webp 768w, https:\/\/keune.al\/wp-content\/uploads\/2025\/09\/Keune-So-Pure-Clarify-Conditioner-Refill-400ml-50x50.webp 50w\" sizes=\"(max-width: 1080px) 100vw, 1080px\" \/><\/a>                <\/div>\n                <div class=\"image-hover-wrap\">\n                    <ul class=\"icons-wrap block-style\">\n                        \t                                            <li class=\"view-details\"><a href=\"https:\/\/keune.al\/sq\/produkt\/so-pure-clarify-conditioner-refill-1000ml\/\"><i class=\"fas fa-link\"><\/i><\/a><\/li>\n\n                    <\/ul>\n                                    <\/div>\n            <\/div>\n            <div class=\"product-details-wrap\">\n\t            <div class=\"eael-product-title\"><h2>So Pure Clarify<\/h2><\/div><div class=\"eael-product-price\"><span class=\"woocommerce-Price-amount amount\" aria-hidden=\"true\"><bdi><span class=\"woocommerce-Price-currencySymbol\">L<\/span>4,500.00<\/bdi><\/span> <span aria-hidden=\"true\">\u2013<\/span> <span class=\"woocommerce-Price-amount amount\" aria-hidden=\"true\"><bdi><span class=\"woocommerce-Price-currencySymbol\">L<\/span>8,000.00<\/bdi><\/span><span class=\"screen-reader-text\" data-no-translation=\"\" data-trp-gettext=\"\">Diapazoni i \u00e7mimeve: L4,500.00 deri n\u00eb L8,000.00<\/span><\/div><div class=\"eael-star-rating\"><div class=\"eael-star-rating star-rating\"><span style=\"width:0%\" data-no-translation=\"\" data-trp-gettext=\"\">Vler\u00ebsuar me <strong class=\"rating\">0<\/strong> nga 5<\/span><\/div><\/div>\n            <\/div>\n        <\/div>\n\t<\/div>\n        <div class=\"product swiper-slide post-2404 type-product status-publish has-post-thumbnail product_cat-conditioner-so-pure product_cat-so-pure pa_variant-1000ml pa_variant-400ml  instock shipping-taxable purchasable product-type-variable has-default-attributes\">\n        <div class=\"eael-product-carousel\">\n            <div class=\"product-image-wrap\">\n                <div class=\"image-wrap\">\n                    <a href=\"https:\/\/keune.al\/sq\/produkt\/so-pure-polish-conditioner-refill-1000ml\/\" class=\"woocommerce-LoopProduct-link woocommerce-loop-product__link\"><img decoding=\"async\" width=\"1080\" height=\"1080\" src=\"https:\/\/keune.al\/wp-content\/uploads\/2025\/09\/So-Pure-Polish-Conditioner-Refill-1000ml.webp\" class=\"attachment-full size-full\" alt=\"Mbushje me balsam So Pure Polish\" loading=\"eager\" srcset=\"https:\/\/keune.al\/wp-content\/uploads\/2025\/09\/So-Pure-Polish-Conditioner-Refill-1000ml.webp 1080w, https:\/\/keune.al\/wp-content\/uploads\/2025\/09\/So-Pure-Polish-Conditioner-Refill-1000ml-300x300.webp 300w, https:\/\/keune.al\/wp-content\/uploads\/2025\/09\/So-Pure-Polish-Conditioner-Refill-1000ml-1024x1024.webp 1024w, https:\/\/keune.al\/wp-content\/uploads\/2025\/09\/So-Pure-Polish-Conditioner-Refill-1000ml-150x150.webp 150w, https:\/\/keune.al\/wp-content\/uploads\/2025\/09\/So-Pure-Polish-Conditioner-Refill-1000ml-768x768.webp 768w, https:\/\/keune.al\/wp-content\/uploads\/2025\/09\/So-Pure-Polish-Conditioner-Refill-1000ml-12x12.webp 12w, https:\/\/keune.al\/wp-content\/uploads\/2025\/09\/So-Pure-Polish-Conditioner-Refill-1000ml-600x600.webp 600w, https:\/\/keune.al\/wp-content\/uploads\/2025\/09\/So-Pure-Polish-Conditioner-Refill-1000ml-100x100.webp 100w, https:\/\/keune.al\/wp-content\/uploads\/2025\/09\/So-Pure-Polish-Conditioner-Refill-1000ml-50x50.webp 50w, https:\/\/keune.al\/wp-content\/uploads\/2025\/09\/So-Pure-Polish-Conditioner-Refill-1000ml-64x64.webp 64w\" sizes=\"(max-width: 1080px) 100vw, 1080px\" \/><\/a>                <\/div>\n                <div class=\"image-hover-wrap\">\n                    <ul class=\"icons-wrap block-style\">\n                        \t                                            <li class=\"view-details\"><a href=\"https:\/\/keune.al\/sq\/produkt\/so-pure-polish-conditioner-refill-1000ml\/\"><i class=\"fas fa-link\"><\/i><\/a><\/li>\n\n                    <\/ul>\n                                    <\/div>\n            <\/div>\n            <div class=\"product-details-wrap\">\n\t            <div class=\"eael-product-title\"><h2>So Pure Polish<\/h2><\/div><div class=\"eael-product-price\"><span class=\"woocommerce-Price-amount amount\" aria-hidden=\"true\"><bdi><span class=\"woocommerce-Price-currencySymbol\">L<\/span>4,500.00<\/bdi><\/span> <span aria-hidden=\"true\">\u2013<\/span> <span class=\"woocommerce-Price-amount amount\" aria-hidden=\"true\"><bdi><span class=\"woocommerce-Price-currencySymbol\">L<\/span>8,000.00<\/bdi><\/span><span class=\"screen-reader-text\" data-no-translation=\"\" data-trp-gettext=\"\">Diapazoni i \u00e7mimeve: L4,500.00 deri n\u00eb L8,000.00<\/span><\/div><div class=\"eael-star-rating\"><div class=\"eael-star-rating star-rating\"><span style=\"width:0%\" data-no-translation=\"\" data-trp-gettext=\"\">Vler\u00ebsuar me <strong class=\"rating\">0<\/strong> nga 5<\/span><\/div><\/div>\n            <\/div>\n        <\/div>\n\t<\/div>\n    <\/div><\/div>        <\/div>\n        \t\t\t\t<\/div>\n\t\t\t\t<\/div>\n\t\t<div class=\"elementor-element elementor-element-8849868 e-con-full e-flex e-con e-parent\" data-id=\"8849868\" data-element_type=\"container\" data-settings=\"{&quot;background_background&quot;:&quot;classic&quot;}\">\n\t\t\t\t<div class=\"elementor-element elementor-element-97e8176 elementor-widget elementor-widget-heading\" data-id=\"97e8176\" data-element_type=\"widget\" data-widget_type=\"heading.default\">\n\t\t\t\t\t<h3 class=\"elementor-heading-title elementor-size-default\">Rezultati<\/h3>\t\t\t\t<\/div>\n\t\t\t\t<div class=\"elementor-element elementor-element-cbd983d elementor-widget elementor-widget-text-editor\" data-id=\"cbd983d\" data-element_type=\"widget\" data-widget_type=\"text-editor.default\">\n\t\t\t\t\t\t\t\t\tDyfishoni volumin me <\/br>\nnj\u00eb ndjesi pa pesh\u00eb* \t\t\t\t\t\t\t\t<\/div>\n\t\t\t\t<\/div>\n\t\t<div class=\"elementor-element elementor-element-8810d52 e-con-full e-flex e-con e-parent\" data-id=\"8810d52\" data-element_type=\"container\" data-settings=\"{&quot;background_background&quot;:&quot;classic&quot;}\">\n\t\t<div class=\"elementor-element elementor-element-4c853c2 e-con-full e-flex e-con e-child\" data-id=\"4c853c2\" data-element_type=\"container\">\n\t\t\t\t<div class=\"elementor-element elementor-element-63d59f7 elementor-widget elementor-widget-text-editor\" data-id=\"63d59f7\" data-element_type=\"widget\" data-widget_type=\"text-editor.default\">\n\t\t\t\t\t\t\t\t\t<h3>P\u00ebrjetoni ndryshimin<\/h3><ul><li>78% m\u00eb shum\u00eb v\u00ebllim*<\/li><li>I mbush flok\u00ebt<\/li><li>Rrit ndjesin\u00eb e plot\u00ebsis\u00eb<\/li><li>Pastron n\u00eb thell\u00ebsi flok\u00ebt, duke i dh\u00ebn\u00eb v\u00ebllim dhe nj\u00eb pamje t\u00eb fresk\u00ebt<\/li><\/ul><p><em>*Test instrumental pas nj\u00eb aplikimi t\u00eb vet\u00ebm t\u00eb shampos Amplyfing + balsamit Amplyfing kundrejt flok\u00ebve t\u00eb patrajtuar<\/em><\/p>\t\t\t\t\t\t\t\t<\/div>\n\t\t\t\t<\/div>\n\t\t<div class=\"elementor-element elementor-element-372a112 e-con-full e-flex e-con e-child\" data-id=\"372a112\" data-element_type=\"container\">\n\t\t\t\t<div class=\"elementor-element elementor-element-a7b51f4 elementor-widget elementor-widget-image\" data-id=\"a7b51f4\" data-element_type=\"widget\" data-widget_type=\"image.default\">\n\t\t\t\t\t\t\t\t\t\t\t\t\t\t\t<img decoding=\"async\" width=\"1024\" height=\"619\" src=\"https:\/\/keune.al\/wp-content\/uploads\/2025\/10\/Absolute_volume_-_model-1024x619.webp\" class=\"attachment-large size-large wp-image-1286\" alt=\"\" srcset=\"https:\/\/keune.al\/wp-content\/uploads\/2025\/10\/Absolute_volume_-_model-1024x619.webp 1024w, https:\/\/keune.al\/wp-content\/uploads\/2025\/10\/Absolute_volume_-_model-600x363.webp 600w, https:\/\/keune.al\/wp-content\/uploads\/2025\/10\/Absolute_volume_-_model-300x181.webp 300w, https:\/\/keune.al\/wp-content\/uploads\/2025\/10\/Absolute_volume_-_model-768x464.webp 768w, https:\/\/keune.al\/wp-content\/uploads\/2025\/10\/Absolute_volume_-_model.webp 1080w\" sizes=\"(max-width: 1024px) 100vw, 1024px\" \/>\t\t\t\t\t\t\t\t\t\t\t\t\t\t\t<\/div>\n\t\t\t\t<\/div>\n\t\t\t\t<\/div>\n\t\t<div class=\"elementor-element elementor-element-a1b4449 e-con-full e-flex e-con e-parent\" data-id=\"a1b4449\" data-element_type=\"container\" data-settings=\"{&quot;background_background&quot;:&quot;classic&quot;}\">\n\t\t<div class=\"elementor-element elementor-element-f6c325e e-con-full e-flex e-con e-child\" data-id=\"f6c325e\" data-element_type=\"container\">\n\t\t\t\t<div class=\"elementor-element elementor-element-f993b56 elementor-widget elementor-widget-text-editor\" data-id=\"f993b56\" data-element_type=\"widget\" data-widget_type=\"text-editor.default\">\n\t\t\t\t\t\t\t\t\t<h3>Aroma \u2014 Jasmine 47<\/h3><p>Agrume \u2014 Lule \u2014 Myshk<\/p><p>Top: Limon, Bergamot<br \/>Zem\u00ebr: Jasemini<br \/>Baza: Musk, Dru Kedri, Dru Sandali, Myshk<\/p>\t\t\t\t\t\t\t\t<\/div>\n\t\t\t\t<\/div>\n\t\t<div class=\"elementor-element elementor-element-c7d38e6 e-con-full e-flex e-con e-child\" data-id=\"c7d38e6\" data-element_type=\"container\">\n\t\t\t\t<div class=\"elementor-element elementor-element-1aaffcc elementor-widget elementor-widget-image\" data-id=\"1aaffcc\" data-element_type=\"widget\" data-widget_type=\"image.default\">\n\t\t\t\t\t\t\t\t\t\t\t\t\t\t\t<img decoding=\"async\" width=\"1024\" height=\"670\" src=\"https:\/\/keune.al\/wp-content\/uploads\/2025\/10\/First-Banner-Desktop-3000x1203-Absolute-Volume-V1-1024x670.webp\" class=\"attachment-large size-large wp-image-1285\" alt=\"\" srcset=\"https:\/\/keune.al\/wp-content\/uploads\/2025\/10\/First-Banner-Desktop-3000x1203-Absolute-Volume-V1-1024x670.webp 1024w, https:\/\/keune.al\/wp-content\/uploads\/2025\/10\/First-Banner-Desktop-3000x1203-Absolute-Volume-V1-600x393.webp 600w, https:\/\/keune.al\/wp-content\/uploads\/2025\/10\/First-Banner-Desktop-3000x1203-Absolute-Volume-V1-300x196.webp 300w, https:\/\/keune.al\/wp-content\/uploads\/2025\/10\/First-Banner-Desktop-3000x1203-Absolute-Volume-V1-768x503.webp 768w, https:\/\/keune.al\/wp-content\/uploads\/2025\/10\/First-Banner-Desktop-3000x1203-Absolute-Volume-V1.webp 1080w\" sizes=\"(max-width: 1024px) 100vw, 1024px\" \/>\t\t\t\t\t\t\t\t\t\t\t\t\t\t\t<\/div>\n\t\t\t\t<\/div>\n\t\t\t\t<\/div>\n\t\t\t\t<\/div>","protected":false},"excerpt":{"rendered":"<p>Absolute Volume For fine hair to lift and volumize. Hyper-performing formulas with instant result Up the amplification with Absolute Volume routine, infused with Lily Extract and Rice Protein Hydrolysate. Crafted with the perfect blend of nature and science, this collection is designed to breathe life, body, and thickness into your hair, perfectly prepping for voluminous, [&hellip;]<\/p>","protected":false},"author":1,"featured_media":0,"parent":0,"menu_order":0,"comment_status":"closed","ping_status":"closed","template":"elementor_header_footer","meta":{"footnotes":""},"class_list":["post-1281","page","type-page","status-publish","hentry"],"blocksy_meta":[],"_links":{"self":[{"href":"https:\/\/keune.al\/sq\/wp-json\/wp\/v2\/pages\/1281","targetHints":{"allow":["GET"]}}],"collection":[{"href":"https:\/\/keune.al\/sq\/wp-json\/wp\/v2\/pages"}],"about":[{"href":"https:\/\/keune.al\/sq\/wp-json\/wp\/v2\/types\/page"}],"author":[{"embeddable":true,"href":"https:\/\/keune.al\/sq\/wp-json\/wp\/v2\/users\/1"}],"replies":[{"embeddable":true,"href":"https:\/\/keune.al\/sq\/wp-json\/wp\/v2\/comments?post=1281"}],"version-history":[{"count":5,"href":"https:\/\/keune.al\/sq\/wp-json\/wp\/v2\/pages\/1281\/revisions"}],"predecessor-version":[{"id":1290,"href":"https:\/\/keune.al\/sq\/wp-json\/wp\/v2\/pages\/1281\/revisions\/1290"}],"wp:attachment":[{"href":"https:\/\/keune.al\/sq\/wp-json\/wp\/v2\/media?parent=1281"}],"curies":[{"name":"wp","href":"https:\/\/api.w.org\/{rel}","templated":true}]}}